{"id":99,"date":"2020-11-23T17:00:28","date_gmt":"2020-11-23T15:00:28","guid":{"rendered":"http:\/\/www.ueckerfalken.de\/uefweb18\/?page_id=99"},"modified":"2020-11-22T18:31:20","modified_gmt":"2020-11-22T16:31:20","slug":"ultraleicht-ul-flug","status":"publish","type":"page","link":"https:\/\/www.ueckerfalken.de\/uefweb18\/ultraleicht-ul-flug\/","title":{"rendered":"Ultraleicht (UL)-Flug"},"content":{"rendered":"<h3>Der Ultraleicht-Flug<\/h3>\n<div id=\"attachment_535\" style=\"width: 310px\" class=\"wp-caption alignright\"><img loading=\"lazy\" decoding=\"async\" aria-describedby=\"caption-attachment-535\" width=\"300\" height=\"199\" class=\"wp-image-535 size-medium\" alt=\"\" src=\"http:\/\/www.ueckerfalken.de\/uefweb18\/wp-content\/uploads\/2018\/03\/DSC_0487-300x199.jpg\" srcset=\"https:\/\/www.ueckerfalken.de\/uefweb18\/wp-content\/uploads\/2018\/03\/DSC_0487-300x199.jpg 300w, https:\/\/www.ueckerfalken.de\/uefweb18\/wp-content\/uploads\/2018\/03\/DSC_0487-768x510.jpg 768w, https:\/\/www.ueckerfalken.de\/uefweb18\/wp-content\/uploads\/2018\/03\/DSC_0487-360x240.jpg 360w, https:\/\/www.ueckerfalken.de\/uefweb18\/wp-content\/uploads\/2018\/03\/DSC_0487.jpg 1000w\" sizes=\"auto, (max-width: 300px) 100vw, 300px\" \/><p id=\"caption-attachment-535\" class=\"wp-caption-text\">Unsere REMOS GX (D-MVPW)<\/p><\/div>\n<p>hat sich in den letzten Jahren weltweit zu einer echten Alternative zum Motorflug entwickelt. Vom komfortablen 1- oder 2-Sitzer bis hin zum \u201cVereinsflugzeug mit Schleppfunktion f\u00fcr die Segler ist die Bandbreite der Einsatzfelder sehr weit.<\/p>\n<p>Auf dem Flugplatz Pasewalk befindet sich die Produktionsst\u00e4tte f\u00fcr Ultraleichtflugzeuge<br \/>\nder <a href=\"http:\/\/www.remos.com\" target=\"_blank\" rel=\"noopener noreferrer\">Fa. REMOS AG<\/a> mit ihren vielfach weltweit verkauften G-3, GX und GXClub, GXNXT, GXiS.<\/p>\n<p>Einige unserer Vereinsmitglieder sind u. a. auch aktive UL-Piloten und auf unserem Platz fand auch schon mancher nicht nur einen Zwischenstop, sondern nahm teil am Trike-Treffen.<\/p>\n<p><img loading=\"lazy\" decoding=\"async\" width=\"300\" height=\"262\" class=\"size-medium wp-image-749 alignleft\" style=\"background-color: transparent; color: #3c4858; float: left; font-family: &amp;quot; roboto&amp;quot;,&amp;quot;helvetica&amp;quot;,&amp;quot;arial&amp;quot;,sans-serif; font-size: 18px; font-style: normal; font-variant: normal; font-weight: 300; height: 262px; letter-spacing: normal; max-width: 750px; orphans: 2; text-align: left; text-decoration: none; text-indent: 0px; text-transform: none; -webkit-text-stroke-width: 0px; white-space: normal; word-spacing: 0px; margin: 0px 38.4px 38.4px 0px;\" alt=\"\" src=\"http:\/\/www.ueckerfalken.de\/uefweb18\/wp-content\/uploads\/2018\/03\/UL_trike-B2-300x262.jpg\" srcset=\"https:\/\/www.ueckerfalken.de\/uefweb18\/wp-content\/uploads\/2018\/03\/UL_trike-B2-300x262.jpg 300w, https:\/\/www.ueckerfalken.de\/uefweb18\/wp-content\/uploads\/2018\/03\/UL_trike-B2.jpg 358w\" sizes=\"auto, (max-width: 300px) 100vw, 300px\" \/>Es sind schon Super-Maschinen!<br \/>\nSeit Juli 2009 haben wir als Verein eine REMOS GX!<\/p>\n<p>UL-er kommt gern vorbei, unser Platz ist auch guter Ausgangspunkt f\u00fcr reizvolle Fl\u00fcge von Pasewalk aus in den Norden mit den Inseln Usedom, R\u00fcgen und Hiddensee und in die Schorfheide, die Uckermark, bis \u00fcber die Feldberger Seenplatte.<\/p>\n","protected":false},"excerpt":{"rendered":"<p>Der Ultraleicht-Flug hat sich in den letzten Jahren weltweit zu einer echten Alternative zum Motorflug entwickelt. Vom komfortablen 1- oder 2-Sitzer bis hin zum \u201cVereinsflugzeug mit Schleppfunktion f\u00fcr die Segler ist die Bandbreite der Einsatzfelder sehr weit. Auf dem Flugplatz Pasewalk befindet sich die Produktionsst\u00e4tte f\u00fcr Ultraleichtflugzeuge der Fa. REMOS [&hellip;]<\/p>\n","protected":false},"author":1,"featured_media":0,"parent":0,"menu_order":0,"comment_status":"closed","ping_status":"closed","template":"","meta":{"ngg_post_thumbnail":0,"footnotes":""},"class_list":["post-99","page","type-page","status-publish","hentry"],"_links":{"self":[{"href":"https:\/\/www.ueckerfalken.de\/uefweb18\/wp-json\/wp\/v2\/pages\/99","targetHints":{"allow":["GET"]}}],"collection":[{"href":"https:\/\/www.ueckerfalken.de\/uefweb18\/wp-json\/wp\/v2\/pages"}],"about":[{"href":"https:\/\/www.ueckerfalken.de\/uefweb18\/wp-json\/wp\/v2\/types\/page"}],"author":[{"embeddable":true,"href":"https:\/\/www.ueckerfalken.de\/uefweb18\/wp-json\/wp\/v2\/users\/1"}],"replies":[{"embeddable":true,"href":"https:\/\/www.ueckerfalken.de\/uefweb18\/wp-json\/wp\/v2\/comments?post=99"}],"version-history":[{"count":8,"href":"https:\/\/www.ueckerfalken.de\/uefweb18\/wp-json\/wp\/v2\/pages\/99\/revisions"}],"predecessor-version":[{"id":1349,"href":"https:\/\/www.ueckerfalken.de\/uefweb18\/wp-json\/wp\/v2\/pages\/99\/revisions\/1349"}],"wp:attachment":[{"href":"https:\/\/www.ueckerfalken.de\/uefweb18\/wp-json\/wp\/v2\/media?parent=99"}],"curies":[{"name":"wp","href":"https:\/\/api.w.org\/{rel}","templated":true}]}}