{"id":81,"date":"2018-03-23T19:06:00","date_gmt":"2018-03-23T18:06:00","guid":{"rendered":"http:\/\/www.ueckerfalken.de\/uefweb18\/?page_id=81"},"modified":"2018-04-15T11:14:59","modified_gmt":"2018-04-15T10:14:59","slug":"ul-ausbildung-fuer-uls-der-120-kilo-klasse","status":"publish","type":"page","link":"https:\/\/www.ueckerfalken.de\/uefweb18\/ul-ausbildung-fuer-uls-der-120-kilo-klasse\/","title":{"rendered":"Ultraleicht (UL)-Flugausbildung in der 120 Kilo-Klasse"},"content":{"rendered":"<h3><span style=\"display: inline !important; float: none; background-color: transparent; color: #3c4858; font-family: 'Roboto','Helvetica','Arial',sans-serif; font-size: 32px; font-style: normal; font-variant: normal; font-weight: 300; letter-spacing: normal; line-height: 51.77px; orphans: 2; text-align: left; text-decoration: none; text-indent: 0px; text-transform: none; -webkit-text-stroke-width: 0px; white-space: normal; word-spacing: 0px;\">Ausbildung zum UL-Flugzeugf\u00fchrer (120 kg-Klasse)<\/span><\/h3>\n<p>&nbsp;<\/p>\n<p>Eine Lizenz zum Fliegen (Pilotenschein SPL-L) wird f\u00fcr <img loading=\"lazy\" decoding=\"async\" width=\"300\" height=\"158\" class=\"size-medium wp-image-673 alignright\" style=\"background-color: transparent; color: #3c4858; float: right; font-family: &amp;quot; roboto&amp;quot;,&amp;quot;helvetica&amp;quot;,&amp;quot;arial&amp;quot;,sans-serif; font-size: 18px; font-style: normal; font-variant: normal; font-weight: 300; height: 158px; letter-spacing: normal; max-width: 750px; orphans: 2; outline-color: #72777c; outline-style: solid; outline-width: 1px; text-align: left; text-decoration: none; text-indent: 0px; text-transform: none; -webkit-text-stroke-width: 0px; white-space: normal; word-spacing: 0px; margin: 0px 0px 12px 24px;\" alt=\"\" src=\"http:\/\/www.ueckerfalken.de\/uefweb18\/wp-content\/uploads\/2018\/03\/UL-120-kg-Klasse-Nr-1-300x158.jpg\" srcset=\"https:\/\/www.ueckerfalken.de\/uefweb18\/wp-content\/uploads\/2018\/03\/UL-120-kg-Klasse-Nr-1-300x158.jpg 300w, https:\/\/www.ueckerfalken.de\/uefweb18\/wp-content\/uploads\/2018\/03\/UL-120-kg-Klasse-Nr-1-768x405.jpg 768w, https:\/\/www.ueckerfalken.de\/uefweb18\/wp-content\/uploads\/2018\/03\/UL-120-kg-Klasse-Nr-1-1024x539.jpg 1024w, https:\/\/www.ueckerfalken.de\/uefweb18\/wp-content\/uploads\/2018\/03\/UL-120-kg-Klasse-Nr-1.jpg 1025w\" sizes=\"auto, (max-width: 300px) 100vw, 300px\" \/>die 120 Kilo Klasse wesentlich erleichtert. Die Kosten bleiben \u00fcberschaubar, der Traum vom Fliegen kann leicht zur Realit\u00e4t werden.&nbsp;&nbsp;&nbsp; &nbsp;<br \/>\nDer Pilotenschein f\u00fcr aerodynamisch gesteuerte Leichte Luftsportger\u00e4te (entspr. \u00a7 1 Abs. 4 LuftVZO) umfasst die theoretische Ausbildung und praktische Flugausbildung mit abschlie\u00dfender Pr\u00fcfung.<\/p>\n<p>Zur Ausbildung von Piloten auf aerodynamisch gesteuerten LL ist die Lehrberechtigung f\u00fcr aerodynamisch gesteuerten UL (entspricht LuftPersV \u00a7 95a) erforderlich.<img loading=\"lazy\" decoding=\"async\" width=\"300\" height=\"169\" class=\"size-medium wp-image-676 alignleft\" style=\"background-color: transparent; color: #3c4858; float: left; font-family: &amp;quot; roboto&amp;quot;,&amp;quot;helvetica&amp;quot;,&amp;quot;arial&amp;quot;,sans-serif; font-size: 18px; font-style: normal; font-variant: normal; font-weight: 300; height: 169px; letter-spacing: normal; max-width: 750px; orphans: 2; outline-color: #72777c; outline-style: solid; outline-width: 1px; text-align: left; text-decoration: none; text-indent: 0px; text-transform: none; -webkit-text-stroke-width: 0px; white-space: normal; word-spacing: 0px; margin: 0px 38.4px 38.4px 0px;\" alt=\"\" src=\"http:\/\/www.ueckerfalken.de\/uefweb18\/wp-content\/uploads\/2018\/03\/UL-120-kg-Klasse-Nr-2-300x169.jpg\" srcset=\"https:\/\/www.ueckerfalken.de\/uefweb18\/wp-content\/uploads\/2018\/03\/UL-120-kg-Klasse-Nr-2-300x169.jpg 300w, https:\/\/www.ueckerfalken.de\/uefweb18\/wp-content\/uploads\/2018\/03\/UL-120-kg-Klasse-Nr-2-768x434.jpg 768w, https:\/\/www.ueckerfalken.de\/uefweb18\/wp-content\/uploads\/2018\/03\/UL-120-kg-Klasse-Nr-2-1024x578.jpg 1024w, https:\/\/www.ueckerfalken.de\/uefweb18\/wp-content\/uploads\/2018\/03\/UL-120-kg-Klasse-Nr-2.jpg 1025w\" sizes=\"auto, (max-width: 300px) 100vw, 300px\" \/><br \/>\nThilda Labudde engagiert sich f\u00fcr erleichterte Ausbildungsbedingungen in der 12O Kilo Klasse. Folgende Eckpunkte wurden mit dem DULV (Deutschen Ultraleichtflugverbandes e.V.) und DAeC (Deutscher Aero Club) einvernehmlich besprochen. (Stand: 8\/14)<\/p>\n<p>&nbsp;<\/p>\n<p>Bitte fragen Sie dringend den aktuellen Stand telefonisch<img loading=\"lazy\" decoding=\"async\" width=\"300\" height=\"157\" class=\"size-medium wp-image-677 alignright\" alt=\"\" src=\"http:\/\/www.ueckerfalken.de\/uefweb18\/wp-content\/uploads\/2018\/03\/UL-120-kg-Klasse-Nr-3-300x157.jpg\" srcset=\"https:\/\/www.ueckerfalken.de\/uefweb18\/wp-content\/uploads\/2018\/03\/UL-120-kg-Klasse-Nr-3-300x157.jpg 300w, https:\/\/www.ueckerfalken.de\/uefweb18\/wp-content\/uploads\/2018\/03\/UL-120-kg-Klasse-Nr-3-768x401.jpg 768w, https:\/\/www.ueckerfalken.de\/uefweb18\/wp-content\/uploads\/2018\/03\/UL-120-kg-Klasse-Nr-3.jpg 853w\" sizes=\"auto, (max-width: 300px) 100vw, 300px\" \/> unter +49 39 77 22 66 88 oder bei Ihrer zust\u00e4ndigen Flugschule ab:<br \/>\n1. Es ist zur Ausbildungsanmeldung keine Vorlage eines F\u00fchrungszeugnisses oder einer medizinischen Tauglichkeitsuntersuchung erforderlich.<br \/>\n2. Die Stundenanzahl der praktischen Ausbildung liegt im Ermessen des Fluglehrers und begr\u00fcndet sich auf dem Talent des Flugsch\u00fclers.<br \/>\n3. F\u00fcr die Dauer der Ausbildung ist kein Medical vorzuweisen.<br \/>\n4. Die vorgeschriebenen Alleinfl\u00fcge werden auf einem 120 Kilo Luftsportger\u00e4t absolviert.<br \/>\n5. Ihre einmal erworbene LL-Lizenz ist lebenslang g\u00fcltig.<\/p>\n<p>F\u00fcr den Erhalt eines UL Scheins (SPL(F) bis 472,9 kg) kann der Pilot seine alle zwei Jahre <img loading=\"lazy\" decoding=\"async\" width=\"300\" height=\"173\" class=\"size-medium wp-image-674 alignright\" style=\"background-color: transparent; color: #3c4858; float: right; font-family: &amp;quot; roboto&amp;quot;,&amp;quot;helvetica&amp;quot;,&amp;quot;arial&amp;quot;,sans-serif; font-size: 18px; font-style: normal; font-variant: normal; font-weight: 300; height: 173px; letter-spacing: normal; max-width: 750px; orphans: 2; outline-color: #72777c; outline-style: solid; outline-width: 1px; text-align: right; text-decoration: none; text-indent: 0px; text-transform: none; -webkit-text-stroke-width: 0px; white-space: normal; word-spacing: 0px; margin: 0px 0px 24px 24px;\" alt=\"\" src=\"http:\/\/www.ueckerfalken.de\/uefweb18\/wp-content\/uploads\/2018\/03\/UL-120-kg-Klasse-Nr-6-300x173.jpg\" srcset=\"https:\/\/www.ueckerfalken.de\/uefweb18\/wp-content\/uploads\/2018\/03\/UL-120-kg-Klasse-Nr-6-300x173.jpg 300w, https:\/\/www.ueckerfalken.de\/uefweb18\/wp-content\/uploads\/2018\/03\/UL-120-kg-Klasse-Nr-6-768x444.jpg 768w, https:\/\/www.ueckerfalken.de\/uefweb18\/wp-content\/uploads\/2018\/03\/UL-120-kg-Klasse-Nr-6.jpg 993w\" sizes=\"auto, (max-width: 300px) 100vw, 300px\" \/>nachzuweisenden 12 Pflichtstunden auch auf einem leichten Luftsportger\u00e4t der 120 Kilo Klasse, wie beispielsweise die AEROLiTE 120, erbringen.<br \/>\nBitte rufen Sie an, wir erkl\u00e4ren die Ausbildung und empfehlen Ihnen eine Flugschule in Ihrer N\u00e4he. Flugschulen, mit denen wir bereits zusammenarbeiten finden Sie auf der \u00dcbersichtskarte.<\/p>\n<hr>\n<p><strong>Die Ausbildung im \u00dcberblick \u2013 Kurzfassung:<\/strong><\/p>\n<p>Ausbildung von Fu\u00dfg\u00e4ngern (ohne fliegerische Vorbildung)<br \/>\nTheorie (vgl. \u00a7 42 LuftPersV):<br \/>\nTheorieausbildung und -pr\u00fcfung sowie Erleichterungen f\u00fcr Inhaber anderer Lizenzen wie bei Dreiachsern &gt; 120 kg Leermasse:<br \/>\n\u2013 Modul I (Allgemeine F\u00e4cher):<br \/>\nLuftrecht, Navigation, Flugfunk, Meteorologie<br \/>\n\u2013 Modul II (Spezielle F\u00e4cher):<br \/>\n\u2013 Technik (und pyrotechnische Einweisung),<br \/>\n\u2013 Verhalten in besonderen F\u00e4llen (inkl. Menschliches Leistungsverm\u00f6gen)<br \/>\nDie theoretische Pr\u00fcfung wird vom Pr\u00fcfungsrat abgenommen.<br \/>\nPraxis (vgl. \u00a7 42 LuftPersV):<br \/>\n\u2013 x h Flugzeit (liegt im Ermessen des Fluglehrers), davon mind. X h Alleinflugzeit<br \/>\n\u2013 \u00dcberlandflugeinweisung mit Fluglehrer \u00fcber mind. x km mit Zwischenlandung auf einem anderen Flugplatz<img loading=\"lazy\" decoding=\"async\" width=\"300\" height=\"168\" class=\"size-medium wp-image-678 alignleft\" style=\"background-color: transparent; color: #3c4858; float: left; font-family: &amp;quot; roboto&amp;quot;,&amp;quot;helvetica&amp;quot;,&amp;quot;arial&amp;quot;,sans-serif; font-size: 18px; font-style: normal; font-variant: normal; font-weight: 300; height: 168px; letter-spacing: normal; max-width: 750px; orphans: 2; text-align: left; text-decoration: none; text-indent: 0px; text-transform: none; -webkit-text-stroke-width: 0px; white-space: normal; word-spacing: 0px; margin: 0px 38.4px 38.4px 0px;\" alt=\"\" src=\"http:\/\/www.ueckerfalken.de\/uefweb18\/wp-content\/uploads\/2018\/03\/UL-120-kg-Klasse-Nr-4-300x168.jpg\" srcset=\"https:\/\/www.ueckerfalken.de\/uefweb18\/wp-content\/uploads\/2018\/03\/UL-120-kg-Klasse-Nr-4-300x168.jpg 300w, https:\/\/www.ueckerfalken.de\/uefweb18\/wp-content\/uploads\/2018\/03\/UL-120-kg-Klasse-Nr-4-768x429.jpg 768w, https:\/\/www.ueckerfalken.de\/uefweb18\/wp-content\/uploads\/2018\/03\/UL-120-kg-Klasse-Nr-4.jpg 785w\" sizes=\"auto, (max-width: 300px) 100vw, 300px\" \/><br \/>\n\u2013 30 Starts und Landungen im Alleinflug auf leichten Dreiachsern &lt; 120 kg Leermasse.<br \/>\n\u2013 mind. zwei \u00dcberlandfl\u00fcge als Alleinfl\u00fcge von jeweils mindestens 1 Stunde Dauer oder 50 km Strecke mit Zwischenlandung auf einem anderen Platz.<br \/>\n\u2013 Au\u00dfenlande\u00fcbungen mit Fluglehrer<br \/>\n\u2013 mind. drei \u00dcberlandfl\u00fcge im Alleinflug mit mind. x km<br \/>\n\u2013 theoretische und praktische Einweisung in besondere Flugzust\u00e4nde und in das Verhalten bei Notf\u00e4llen<\/p>\n<hr>\n<p><strong>Die praktische Pr\u00fcfung<\/strong><\/p>\n<p>wird vom Pr\u00fcfungsrat abgenommen.<img loading=\"lazy\" decoding=\"async\" width=\"300\" height=\"194\" class=\"size-medium wp-image-679 alignright\" style=\"background-color: transparent; color: #3c4858; float: right; font-family: &amp;quot; roboto&amp;quot;,&amp;quot;helvetica&amp;quot;,&amp;quot;arial&amp;quot;,sans-serif; font-size: 18px; font-style: normal; font-variant: normal; font-weight: 300; height: 194px; letter-spacing: normal; max-width: 750px; orphans: 2; outline-color: #72777c; outline-style: solid; outline-width: 1px; text-align: right; text-decoration: none; text-indent: 0px; text-transform: none; -webkit-text-stroke-width: 0px; white-space: normal; word-spacing: 0px; margin: 0px 0px 24px 24px;\" alt=\"\" src=\"http:\/\/www.ueckerfalken.de\/uefweb18\/wp-content\/uploads\/2018\/03\/UL-120-kg-Klasse-Nr-5-300x194.jpg\" srcset=\"https:\/\/www.ueckerfalken.de\/uefweb18\/wp-content\/uploads\/2018\/03\/UL-120-kg-Klasse-Nr-5-300x194.jpg 300w, https:\/\/www.ueckerfalken.de\/uefweb18\/wp-content\/uploads\/2018\/03\/UL-120-kg-Klasse-Nr-5-768x497.jpg 768w, https:\/\/www.ueckerfalken.de\/uefweb18\/wp-content\/uploads\/2018\/03\/UL-120-kg-Klasse-Nr-5-1024x662.jpg 1024w, https:\/\/www.ueckerfalken.de\/uefweb18\/wp-content\/uploads\/2018\/03\/UL-120-kg-Klasse-Nr-5.jpg 1169w\" sizes=\"auto, (max-width: 300px) 100vw, 300px\" \/><br \/>\nUnterlagen f\u00fcr die Lizenzerteilung:<br \/>\n\u2013 Ausbildungsmeldung (sp\u00e4testens 8 Tage nach Ausbildungsbeginn)<br \/>\n\u2013 Antrag zur Ausstellung der Lizenz<br \/>\n\u2013 Ausbildungsnachweisheft (bzw. die vom Ausbildungsleiter beglaubigten Kopien der Seiten 3 bis 9)<br \/>\n\u2013 Praxis-Pr\u00fcfprotokoll<br \/>\n\u2013 ggf. Nachweis \u00fcber vorhandenes Sprechfunkzeugnis<\/p>\n<hr>\n<p>Schlussbemerkung: Inhaber einer g\u00fcltigen Lizenz SPL f\u00fcr aerodynamisch gesteuerte UL sind von der Ausbildung und Pr\u00fcfung befreit. Auf Antrag wird in diesem Fall eine unbefristet g\u00fcltige Lizenz f\u00fcr aerodynamisch gesteuerte leichte Luftsportger\u00e4te vom DULV oder DAeC ausgestellt.<br \/>\nFlugschulen in Ihrer N\u00e4he finden Sie hier auf den Seiten \u201cWir f\u00fcr Sie\u201d- Deutschlandkarte.<br \/>\nEin aktueller Artikel zur Ausbildung in der 120 Kilo Klasse wird vom Aerokurier hier auf den Punkt gebracht.<\/p>\n<p>&nbsp;<\/p>\n<p style=\"text-align: center;\"><a href=\"#top\">nach oben<\/a><\/p>\n","protected":false},"excerpt":{"rendered":"<p>Ausbildung zum UL-Flugzeugf\u00fchrer (120 kg-Klasse) &nbsp; Eine Lizenz zum Fliegen (Pilotenschein SPL-L) wird f\u00fcr die 120 Kilo Klasse wesentlich erleichtert. Die Kosten bleiben \u00fcberschaubar, der Traum vom Fliegen kann leicht zur Realit\u00e4t werden.&nbsp;&nbsp;&nbsp; &nbsp; Der Pilotenschein f\u00fcr aerodynamisch gesteuerte Leichte Luftsportger\u00e4te (entspr. \u00a7 1 Abs. 4 LuftVZO) umfasst die theoretische [&hellip;]<\/p>\n","protected":false},"author":1,"featured_media":0,"parent":0,"menu_order":0,"comment_status":"closed","ping_status":"closed","template":"","meta":{"ngg_post_thumbnail":0,"footnotes":""},"class_list":["post-81","page","type-page","status-publish","hentry"],"_links":{"self":[{"href":"https:\/\/www.ueckerfalken.de\/uefweb18\/wp-json\/wp\/v2\/pages\/81","targetHints":{"allow":["GET"]}}],"collection":[{"href":"https:\/\/www.ueckerfalken.de\/uefweb18\/wp-json\/wp\/v2\/pages"}],"about":[{"href":"https:\/\/www.ueckerfalken.de\/uefweb18\/wp-json\/wp\/v2\/types\/page"}],"author":[{"embeddable":true,"href":"https:\/\/www.ueckerfalken.de\/uefweb18\/wp-json\/wp\/v2\/users\/1"}],"replies":[{"embeddable":true,"href":"https:\/\/www.ueckerfalken.de\/uefweb18\/wp-json\/wp\/v2\/comments?post=81"}],"version-history":[{"count":7,"href":"https:\/\/www.ueckerfalken.de\/uefweb18\/wp-json\/wp\/v2\/pages\/81\/revisions"}],"predecessor-version":[{"id":869,"href":"https:\/\/www.ueckerfalken.de\/uefweb18\/wp-json\/wp\/v2\/pages\/81\/revisions\/869"}],"wp:attachment":[{"href":"https:\/\/www.ueckerfalken.de\/uefweb18\/wp-json\/wp\/v2\/media?parent=81"}],"curies":[{"name":"wp","href":"https:\/\/api.w.org\/{rel}","templated":true}]}}