{"id":8,"date":"2018-02-24T09:07:03","date_gmt":"2018-02-24T09:07:03","guid":{"rendered":"http:\/\/www.ueckerfalken.de\/uefweb18\/?page_id=8"},"modified":"2018-04-15T11:18:25","modified_gmt":"2018-04-15T10:18:25","slug":"veranstaltungen","status":"publish","type":"page","link":"https:\/\/www.ueckerfalken.de\/uefweb18\/veranstaltungen\/","title":{"rendered":"Veranstaltungen"},"content":{"rendered":"<p>Hallo in die Runde,<\/p>\n<p>\u00fcber die vielen Jahre des Bestehens des Vereins sind schon einige sch\u00f6ne Veranstaltungen zusammen gekommen. Es waren kleine Wochenende-Veranstaltungen aber auch richtige Gro\u00dfveranstaltungen wie Flugtage mit vielen tausend Besuchern, Flugg\u00e4sten dabei.<\/p>\n<p>Abends wurde das ganze dann damals sogar mit B\u00fchnenshows namhafter K\u00fcnstler und Bands zu einem runden Ganzen verfeinert. Die Erinnerungen vielen Pasewalker und Einwohner der umliegenden Gemeinden sind immer wieder mal zu h\u00f6ren, wenn sie uns auf dem Flugplatz besuchen. In diesen Jahren wurde der Flugplatz zu einem bekannten Ort in der Umgebung und dar\u00fcber hinaus. Die Bev\u00f6lkerung, die Stadt Pasewalk hatte sich seither f\u00fcr &#8222;Ihren Flugplatz&#8220; eingesetzt.<\/p>\n<p>In den sp\u00e4ten 90-ern und Anfang der 2000-er kamen dann die&nbsp; ersten gro\u00dfen Wettbewerbe nach Pasewalk. Der Verein wurde vom Deutschen Aeroclub e.V. als Ausrichter von zwei Deutschen Meisterschaften im Segelkunstflug ausgew\u00e4hlt und erhielt 2002 sogar den Auftrag zur Ausrichtung einer <a href=\"http:\/\/www.ueckerfalken.de\/uefweb18\/europameisterschaft-2002-segelkunstflug\/\">Europameisterschaft im Segelkunstflug<\/a>.<br \/>\nDas waren schon gro\u00dfe Herausforderungen an den Verein und jedes einzelne Vereinsmitglied trug seinen Beitrag am Gesamterfolg bei &#8211; zum Teil waren dabei auch die Familienangeh\u00f6rigen der Vereinsmitglieder mit dabei und ebenso Teil des Ausrichterteams.<\/p>\n<p>Seht jetzt im Einzelnen einige Veranstaltungen mit Details, Hintergrundinfos und sch\u00f6nen Bildern und Videos.<\/p>\n<p>Viel Spa\u00df!<\/p>\n<p>Eure Ueckerfalken<\/p>\n","protected":false},"excerpt":{"rendered":"<p>Hallo in die Runde, \u00fcber die vielen Jahre des Bestehens des Vereins sind schon einige sch\u00f6ne Veranstaltungen zusammen gekommen. Es waren kleine Wochenende-Veranstaltungen aber auch richtige Gro\u00dfveranstaltungen wie Flugtage mit vielen tausend Besuchern, Flugg\u00e4sten dabei. Abends wurde das ganze dann damals sogar mit B\u00fchnenshows namhafter K\u00fcnstler und Bands zu einem [&hellip;]<\/p>\n","protected":false},"author":1,"featured_media":0,"parent":0,"menu_order":0,"comment_status":"closed","ping_status":"closed","template":"","meta":{"ngg_post_thumbnail":0,"footnotes":""},"class_list":["post-8","page","type-page","status-publish","hentry"],"_links":{"self":[{"href":"https:\/\/www.ueckerfalken.de\/uefweb18\/wp-json\/wp\/v2\/pages\/8","targetHints":{"allow":["GET"]}}],"collection":[{"href":"https:\/\/www.ueckerfalken.de\/uefweb18\/wp-json\/wp\/v2\/pages"}],"about":[{"href":"https:\/\/www.ueckerfalken.de\/uefweb18\/wp-json\/wp\/v2\/types\/page"}],"author":[{"embeddable":true,"href":"https:\/\/www.ueckerfalken.de\/uefweb18\/wp-json\/wp\/v2\/users\/1"}],"replies":[{"embeddable":true,"href":"https:\/\/www.ueckerfalken.de\/uefweb18\/wp-json\/wp\/v2\/comments?post=8"}],"version-history":[{"count":4,"href":"https:\/\/www.ueckerfalken.de\/uefweb18\/wp-json\/wp\/v2\/pages\/8\/revisions"}],"predecessor-version":[{"id":871,"href":"https:\/\/www.ueckerfalken.de\/uefweb18\/wp-json\/wp\/v2\/pages\/8\/revisions\/871"}],"wp:attachment":[{"href":"https:\/\/www.ueckerfalken.de\/uefweb18\/wp-json\/wp\/v2\/media?parent=8"}],"curies":[{"name":"wp","href":"https:\/\/api.w.org\/{rel}","templated":true}]}}