{"id":78,"date":"2018-03-23T19:03:51","date_gmt":"2018-03-23T18:03:51","guid":{"rendered":"http:\/\/www.ueckerfalken.de\/uefweb18\/?page_id=78"},"modified":"2018-04-15T09:23:21","modified_gmt":"2018-04-15T08:23:21","slug":"segelflug-ausbildung","status":"publish","type":"page","link":"https:\/\/www.ueckerfalken.de\/uefweb18\/segelflug-ausbildung\/","title":{"rendered":"Segelflug-Ausbildung"},"content":{"rendered":"<h2><strong>Bei uns kann man das Segelfliegen erlernen!<\/strong><\/h2>\n<p>&nbsp;<\/p>\n<p><em>Fliegen &#8211; eben ein uralter Traum der Menschheit &#8211;<\/em><br \/>\n<em> so kann er f\u00fcr Dich wahr werden.<\/em><\/p>\n<h4>Was braucht man?<img loading=\"lazy\" decoding=\"async\" width=\"300\" height=\"225\" class=\"alignright wp-image-610 size-medium\" style=\"background-color: transparent; color: #3c4858; float: right; font-family: &amp;quot; roboto&amp;quot;,&amp;quot;helvetica&amp;quot;,&amp;quot;arial&amp;quot;,sans-serif; font-size: 18px; font-style: normal; font-variant: normal; font-weight: 300; height: 225px; letter-spacing: normal; max-width: 750px; orphans: 2; outline-color: #72777c; outline-style: solid; outline-width: 1px; text-align: right; text-decoration: none; text-indent: 0px; text-transform: none; -webkit-text-stroke-width: 0px; white-space: normal; word-spacing: 0px; margin: 0px 0px 24px 24px;\" alt=\"\" src=\"http:\/\/www.ueckerfalken.de\/uefweb18\/wp-content\/uploads\/2018\/03\/Osterspaziergang_17-300x225.jpg\" srcset=\"https:\/\/www.ueckerfalken.de\/uefweb18\/wp-content\/uploads\/2018\/03\/Osterspaziergang_17-300x225.jpg 300w, https:\/\/www.ueckerfalken.de\/uefweb18\/wp-content\/uploads\/2018\/03\/Osterspaziergang_17-768x576.jpg 768w, https:\/\/www.ueckerfalken.de\/uefweb18\/wp-content\/uploads\/2018\/03\/Osterspaziergang_17.jpg 1024w\" sizes=\"auto, (max-width: 300px) 100vw, 300px\" \/><\/h4>\n<p>Wer fliegen will, muss einige gesundheitliche Voraussetzungen erf\u00fcllen.&nbsp; Diese&nbsp; werden in einer Tauglichkeitsuntersuchung von einem amtlich zugelassenen Fliegerarzt festgestellt.<br \/>\nEine gute <span style=\"display: inline !important; float: none; background-color: transparent; color: #333333; font-family: 'Libre Franklin','Helvetica Neue',helvetica,arial,sans-serif; font-size: 16px; font-style: normal; font-variant: normal; font-weight: 400; letter-spacing: normal; orphans: 2; text-align: left; text-decoration: none; text-indent: 0px; text-transform: none; -webkit-text-stroke-width: 0px; white-space: normal; word-spacing: 0px;\">Sehkraft ist u.a. wichtig, dies schlie\u00dft aber das Fliegen mit einer Brille nicht aus, wenn sie das Notwendige korrigiert.<\/span><\/p>\n<h4>Man kann&nbsp; jung anfangen!<\/h4>\n<p>Die Ausbildung zum Segelflieger kann schon ab einem Alter von 14 Jahren begonnen werden. <img loading=\"lazy\" decoding=\"async\" width=\"225\" height=\"300\" class=\"size-medium wp-image-506 alignleft\" style=\"background-color: transparent; color: #3c4858; float: left; font-family: &amp;quot; roboto&amp;quot;,&amp;quot;helvetica&amp;quot;,&amp;quot;arial&amp;quot;,sans-serif; font-size: 18px; font-style: normal; font-variant: normal; font-weight: 300; height: 300px; letter-spacing: normal; max-width: 750px; orphans: 2; text-align: left; text-decoration: none; text-indent: 0px; text-transform: none; -webkit-text-stroke-width: 0px; white-space: normal; word-spacing: 0px; margin: 0px 38.4px 38.4px 0px;\" alt=\"\" src=\"http:\/\/www.ueckerfalken.de\/uefweb18\/wp-content\/uploads\/2018\/03\/Pablo_alleinflug-225x300.jpg\" srcset=\"https:\/\/www.ueckerfalken.de\/uefweb18\/wp-content\/uploads\/2018\/03\/Pablo_alleinflug-225x300.jpg 225w, https:\/\/www.ueckerfalken.de\/uefweb18\/wp-content\/uploads\/2018\/03\/Pablo_alleinflug.jpg 720w\" sizes=\"auto, (max-width: 225px) 100vw, 225px\" \/>M\u00e4dchen und Jungen k\u00f6nnen fliegen lernen.<br \/>\nUnter 18 Jahren ist eine Einverst\u00e4ndniserkl\u00e4rung der Eltern\/Erziehungsberechtigten notwendig.<br \/>\nNat\u00fcrlich kann man auch erst sp\u00e4ter seinen Traum endlich leben.<br \/>\nIm Verein sind nat\u00fcrlich alle Altersklassen vertreten &#8211; seht`s Euch an!<\/p>\n<h4>Was kostet&nbsp; die Ausbildung zum Segelflugpiloten?<\/h4>\n<p>Dank der vielen ehrenamtlichen Arbeiten der Mitglieder im Verein ist das Segelfliegen f\u00fcr jeden erschwinglich.&nbsp; Mit ungef\u00e4hr 40 Euro im Monat&nbsp; kostet die Mitgliedschaft jedoch nicht mehr als bei \u00e4hnlichen Freizeit- und Sportarten <span style=\"display: inline !important; float: none; background-color: transparent; color: #333333; font-family: 'Libre Franklin','Helvetica Neue',helvetica,arial,sans-serif; font-size: 16px; font-style: normal; font-variant: normal; font-weight: 400; letter-spacing: normal; orphans: 2; text-align: left; text-decoration: none; text-indent: 0px; text-transform: none; -webkit-text-stroke-width: 0px; white-space: normal; word-spacing: 0px;\">(dies inklusive aller Flug- und Versicherungsgeb\u00fchren).<\/span><\/p>\n<h4>Wie lange dauert eigentlich eine solche Ausbildung?<\/h4>\n<p>H\u00e4ufig beginnt die Ausbildung mit einem Hineinschnuppern.<br \/>\nWir bieten &#8222;Schnupperfliegen&#8220; an.<br \/>\nAnschlie\u00dfend beginnt die Ausbildung in der Regel mit einem ersten Theorieunterrichtsteil. Einige Grundlagen m\u00fcssen bekannt sein.<\/p>\n<p>Fluglehrer vermitteln dabei die notwendigen Kenntnisse in den F\u00e4chern&nbsp; Meteorologie, Technik, Aerodynamik, <span style=\"display: inline !important; float: none; background-color: transparent; color: #333333; font-family: 'Libre Franklin','Helvetica Neue',helvetica,arial,sans-serif; font-size: 16px; font-style: normal; font-variant: normal; font-weight: 400; letter-spacing: normal; orphans: 2; text-align: left; text-decoration: none; text-indent: 0px; text-transform: none; -webkit-text-stroke-width: 0px; white-space: normal; word-spacing: 0px;\">Luftrecht und Navigation.<br \/>\n<\/span><br \/>\n<img loading=\"lazy\" decoding=\"async\" width=\"300\" height=\"199\" class=\"size-medium wp-image-601 alignleft\" alt=\"\" src=\"http:\/\/www.ueckerfalken.de\/uefweb18\/wp-content\/uploads\/2018\/03\/DSC_0002-300x199.jpg\" srcset=\"https:\/\/www.ueckerfalken.de\/uefweb18\/wp-content\/uploads\/2018\/03\/DSC_0002-300x199.jpg 300w, https:\/\/www.ueckerfalken.de\/uefweb18\/wp-content\/uploads\/2018\/03\/DSC_0002-768x510.jpg 768w, https:\/\/www.ueckerfalken.de\/uefweb18\/wp-content\/uploads\/2018\/03\/DSC_0002-1024x680.jpg 1024w, https:\/\/www.ueckerfalken.de\/uefweb18\/wp-content\/uploads\/2018\/03\/DSC_0002-360x240.jpg 360w\" sizes=\"auto, (max-width: 300px) 100vw, 300px\" \/>Anschlie\u00dfend beginnt schon die praktische Ausbildung.<br \/>\nZun\u00e4chst werden im Doppelsitzer zusammen mit einem Fluglehrer das Starten, Landen, Geradeaus- und Kurvenfliegen und das Einhalten der Platzrunde ge\u00fcbt.<br \/>\nEtwa 60 bis 100 Starts werden bis zum ersten Alleinflug absolviert.<\/p>\n<p>Die Gesamtdauer der Ausbildung h\u00e4ngt also vornehmlich von der fliegerischen Aktivit\u00e4t, der Lernwilligkeit und dem Talent ab.<br \/>\nDurchschnittlich werden etwa zwei bis drei Jahre bis zum Erhalt der Lizenz ben\u00f6tigt.&nbsp;<\/p>\n<p>Wer Segelflug betreibt, betriebt eine einzigartige Kombination von Einzel- und Mannschaftssport.<br \/>\nZu Ausbildungsbeginn ist man als Segelflieger in einer Platzrunde f\u00fcr nur ca. 5-7 Minuten voll konzentriert. Schlie\u00dflich macht man alles was auch ein l\u00e4ngerer Flug nachher mindestens beinhaltet, man startet, fliegt gerade aus, fliegt Kurven und landet wieder.<\/p>\n<p>Sp\u00e4ter kann man manchmal \u00fcber viele Stunden, auf sich allein gestellt sein, das Fliegen genie\u00dfen und die wundersch\u00f6ne Landschaft.<\/p>\n<p>Der Segelflieger darf also lebenslang etwas lernen.&nbsp; Aber das ist alles wirklich interessant &#8211; schlie\u00dflich kann er dadurch fliegen.<\/p>\n<p>Am Boden ist der Segelflieger Teil eines Teams, in dem sich alle aufeinander verlassen m\u00fcssen und in dem allein keiner in die Luft kommt. Man hilft sich also, damit jeder fliegen kann.<\/p>\n<hr>\n<h2><strong>Die Ausbildungsteile<\/strong><\/h2>\n<p>Der Verein ist als Mitglied im Ausbildungsbetrieb des Luftsportverbandes Mecklenburg-Vorpommern berechtigt,<br \/>\nLuftfahrzeugf\u00fchrer f\u00fcr Segelflugzeuge auszubilden.<\/p>\n<p>Unsere Fluglehrer haben daf\u00fcr die unterschiedlichsten Lehrberechtigungen, welche als zus\u00e4tzliche Erlaubnisse Teil ihrer eigenen Lizenzen sind.<\/p>\n<h4>Praxis:<\/h4>\n<h5>Erster Abschnitt<\/h5>\n<p>Die praktische Ausbildung findet am Anfang in doppelsitzigen Segelflugzeugen statt. Der Fluzgsch\u00fcler sitzt hierbei von Anfang an auf dem vorderen Sitz (dem Haupt-Pilotensitz) genauso wie er dies auch sp\u00e4ter als verantwortlicher Luftfahrzeugf\u00fchrer tun wird. Der Fluglehrer sitzt auf dem zweiten Sitz dahinter und hat dort genau die selben Steuerorgane zur Verf\u00fcgung wie der Sch\u00fcler.<\/p>\n<p>Der Fluglehrer \u00fcbernimmt zu Anfang die komplette Steuerung des Flugzeuges. Er zeigt dem Sch\u00fcler in einzelnen \u00dcbungen nach und nach die Funktion der einzelnen Ruder und die Techniken des Fliegens, die der Sch\u00fcler dann sofort nachmachen und \u00fcben kann. Auf diese Art wird der Fluglehrer mit der Zeit immer weniger tun und immer mehr dem Sch\u00fcler die Steuerung \u00fcberlassen, bis dieser schlie\u00dflich die volle Kontrolle der Maschine \u00fcbernimmt und der Lehrer ihn nur noch mit Worten korregiert.<img loading=\"lazy\" decoding=\"async\" width=\"270\" height=\"270\" class=\"alignright wp-image-425 size-full\" style=\"background-color: transparent; color: #3c4858; float: right; font-family: &amp;quot; roboto&amp;quot;,&amp;quot;helvetica&amp;quot;,&amp;quot;arial&amp;quot;,sans-serif; font-size: 18px; font-style: normal; font-variant: normal; font-weight: 300; height: 270px; letter-spacing: normal; max-width: 750px; orphans: 2; outline-color: #72777c; outline-style: solid; outline-width: 1px; text-align: right; text-decoration: none; text-indent: 0px; text-transform: none; -webkit-text-stroke-width: 0px; white-space: normal; word-spacing: 0px; margin: 0px 0px 24px 24px;\" alt=\"\" src=\"http:\/\/www.ueckerfalken.de\/uefweb18\/wp-content\/uploads\/2018\/03\/AM-im-Puch_2_k-e1522171375165.jpg\"><\/p>\n<p>Nach durchschnittlich 60-100 Starts, die ungef\u00e4hr in einer Flugsaison durchgef\u00fchrt werden k\u00f6nnen, ist es soweit.<br \/>\nDer gro\u00dfe Augenblick &#8211; der erste Alleinflug<br \/>\nDie ersten drei Alleinfl\u00fcge bilden zusammen die sogenannte A-Pr\u00fcfung, die vom Fluglehrer abgenommen wird. Mit dieser endet der erste von insgesamt drei Ausbildungsabschnitten.<\/p>\n<h5>Zweiter Abschnitt<\/h5>\n<p>Der erste Ausbildungsabschnitt umfasste haupts\u00e4chlich die Handhabung des Flugger\u00e4tes und die notwendigsten Flugman\u00f6ver. Der zweite Abschnitt dient jetzt dazu, diese Fertigkeiten zu vertiefen, zu \u00fcben und zu erweitern, z.B. durch andere Flugman\u00f6ver oder durch das Auffinden von Aufwindfeldern, die dann l\u00e4ngere Flugzeiten erm\u00f6glichen. Dieser zweite Ausbildungsabschnitt findet jetzt zunehmend im Alleinflug statt, also nur noch unter der Aufsicht des am Boden zuschauenden Fluglehrers, zu dem nur noch eine Funkverbindung besteht. Mitunter werden jetzt auch schon einsitzige Flugzeuge verwendet. Dieser Abschnitt endet, nachdem die B-Pr\u00fcfung und die C-Pr\u00fcfung bestanden wurden.<\/p>\n<h5>Dritter Abschnitt<\/h5>\n<p>Mit dem jetzigen Ausbildungsstand hat der Flugsch\u00fcler praktisch schon alle Fertigkeiten erlangt, die er zum Steuern des Flugzeuges braucht. Der dritte Ausbildungsabschnitt beinhaltet neben weiteren \u00dcbungsfl\u00fcgen auch das Erlernen von F\u00e4higkeiten, die f\u00fcr den \u00dcberlandflug (Streckenflug) notwendig sind. Dies sind z.B. Navigationseinweisungen und Au\u00dfenlande\u00fcbungen.<\/p>\n<p>Nach Beendigung des dritten Ausbildungsabschnittes findet die endg\u00fcltige Luftfahrerschein-Pr\u00fcfung statt. Diese wird von einem Mitglied des Pr\u00fcfungsrates abgenommen und besteht aus drei Fl\u00fcgen mit diesem, in denen die angeordneten \u00dcbungen durchgef\u00fchrt werden m\u00fcssen. Nach Bestehen dieser Pr\u00fcfung wird der Luftfahrerschein ausgestellt.<\/p>\n<h4>Theorie:<\/h4>\n<h5>Unterricht<\/h5>\n<p>W\u00e4hrend im Sommer das Fliegen im Vordergrund steht, ist es im Winter die theoretische Ausbildung (neben den &#8222;Baustunden&#8220;, also der Instandhaltung des Flugger\u00e4tes) relevant. Dieser Theorieunterricht findet am Flugplatz in Seminarform statt. Er wird aufgeteilt in Wochenendseminare, die&nbsp; verteilt auf zwei Winter absolviert werden. Der Unterricht findet jeweils Samstags&nbsp; (meistens ganzt\u00e4gig) statt. Der Stoff ist untergliedert in die sechs F\u00e4cher &#8222;Luftrecht&#8220;, &#8222;Navigation&#8220;, &#8222;Meteorologie&#8220;, &#8222;Technik&#8220;, &#8222;menschliches Leistungsverm\u00f6gen&#8220; und &#8222;Verhalten in besonderen F\u00e4llen&#8220;.<br \/>\nAu\u00dferdem findet&nbsp; noch ein Unterricht im Sprechfunk statt, da hier\u00fcber auch eine gesonderte Pr\u00fcfung abgelegt werden mu\u00df.<\/p>\n<h5>Die Theorie-Pr\u00fcfung<\/h5>\n<p>Die Pr\u00fcfung besteht aus Fragen nach dem Multiple-Choice-Verfahren, etwa 200 St\u00fcck an der Zahl (also ca. 40 pro Fach). An dieser Zahl erkennt man schon, da\u00df diese Pr\u00fcfung nicht ganz einfach ist. Sie ist aber dennoch zu schaffen.&nbsp;<\/p>\n<h5>Die Funk-Pr\u00fcfung<\/h5>\n<p>Die Pr\u00fcfung f\u00fcr das Sprechfunkzeugnis besteht neben einem&nbsp; Multiple-Choice-Teil auch noch aus einem praktischen Teil, in dem der Sprechfunkverkehr beim Anflug auf einen Flughafen simuliert wird.<br \/>\nEs gibt eine deutsche und englische Version des Sprechfunkzeugnisses,<br \/>\ndies entscheidet man selbst.<\/p>\n<p>&nbsp;<\/p>\n<p style=\"text-align: center;\"><a href=\"#top\">nach oben<\/a><\/p>\n","protected":false},"excerpt":{"rendered":"<p>Bei uns kann man das Segelfliegen erlernen! &nbsp; Fliegen &#8211; eben ein uralter Traum der Menschheit &#8211; so kann er f\u00fcr Dich wahr werden. Was braucht man? Wer fliegen will, muss einige gesundheitliche Voraussetzungen erf\u00fcllen.&nbsp; Diese&nbsp; werden in einer Tauglichkeitsuntersuchung von einem amtlich zugelassenen Fliegerarzt festgestellt. Eine gute Sehkraft ist [&hellip;]<\/p>\n","protected":false},"author":1,"featured_media":0,"parent":0,"menu_order":0,"comment_status":"closed","ping_status":"closed","template":"","meta":{"ngg_post_thumbnail":0,"footnotes":""},"class_list":["post-78","page","type-page","status-publish","hentry"],"_links":{"self":[{"href":"https:\/\/www.ueckerfalken.de\/uefweb18\/wp-json\/wp\/v2\/pages\/78","targetHints":{"allow":["GET"]}}],"collection":[{"href":"https:\/\/www.ueckerfalken.de\/uefweb18\/wp-json\/wp\/v2\/pages"}],"about":[{"href":"https:\/\/www.ueckerfalken.de\/uefweb18\/wp-json\/wp\/v2\/types\/page"}],"author":[{"embeddable":true,"href":"https:\/\/www.ueckerfalken.de\/uefweb18\/wp-json\/wp\/v2\/users\/1"}],"replies":[{"embeddable":true,"href":"https:\/\/www.ueckerfalken.de\/uefweb18\/wp-json\/wp\/v2\/comments?post=78"}],"version-history":[{"count":19,"href":"https:\/\/www.ueckerfalken.de\/uefweb18\/wp-json\/wp\/v2\/pages\/78\/revisions"}],"predecessor-version":[{"id":861,"href":"https:\/\/www.ueckerfalken.de\/uefweb18\/wp-json\/wp\/v2\/pages\/78\/revisions\/861"}],"wp:attachment":[{"href":"https:\/\/www.ueckerfalken.de\/uefweb18\/wp-json\/wp\/v2\/media?parent=78"}],"curies":[{"name":"wp","href":"https:\/\/api.w.org\/{rel}","templated":true}]}}