{"id":74,"date":"2022-12-17T06:49:23","date_gmt":"2022-12-17T04:49:23","guid":{"rendered":"http:\/\/www.ueckerfalken.de\/uefweb18\/?page_id=74"},"modified":"2024-06-19T12:16:48","modified_gmt":"2024-06-19T10:16:48","slug":"vorstand","status":"publish","type":"page","link":"https:\/\/www.ueckerfalken.de\/uefweb18\/vorstand\/","title":{"rendered":"Vorstand"},"content":{"rendered":"<h3>Unser Vorstand<\/h3>\n<p>\u2013 ein Team f\u00fcr den Verein \u2013<br \/>\nmitgliederorientiert, gut organisiert und vielfach bew\u00e4hrt!<\/p>\n<hr>\n<p><img loading=\"lazy\" decoding=\"async\" width=\"167\" height=\"161\" class=\"alignnone size-full wp-image-614\" alt=\"\" src=\"http:\/\/www.ueckerfalken.de\/uefweb18\/wp-content\/uploads\/2018\/03\/a_Herrmann_Axel.jpg\"> <img loading=\"lazy\" decoding=\"async\" width=\"140\" height=\"160\" class=\"alignnone size-medium wp-image-616\" alt=\"\" src=\"http:\/\/www.ueckerfalken.de\/uefweb18\/wp-content\/uploads\/2018\/03\/Sobis_Thomas-Vorsitzender-2-2015.jpg\">&nbsp; <img loading=\"lazy\" decoding=\"async\" width=\"140\" height=\"160\" class=\"alignnone wp-image-1688 size-full\" alt=\"\" src=\"http:\/\/www.ueckerfalken.de\/uefweb18\/wp-content\/uploads\/2022\/12\/Lothar_Mertens_Schatzmeister_web.jpg\"><\/p>\n<p>An den Vorstand!<br \/>\nHerzlichen Gl\u00fcckwunsch zu Eurer Wahl 2024 und f\u00fcr Eure Arbeit viel Erfolg.<br \/>\nIhr seit Teil von uns und gemeinsam wollen wir f\u00fcr viele sch\u00f6ne Flugstunden sorgen.<br \/>\nIn Eurem Wirken seit Ihr stets ganz nah an der Basis und trotzdem professionell,<br \/>\nrespektvoll und zielorientiert.<br \/>\nWir empfehlen Euch gerne weiter an die vielen Luftsportinteressierten<br \/>\nund zuk\u00fcnftig, folgenden Vereinsmitglieder,<br \/>\ndie da drau\u00dfen sind und den Weg zu uns gerade finden.<\/p>\n<p>Weiter so\u2026<br \/>\nDie Mitglieder<\/p>\n","protected":false},"excerpt":{"rendered":"<p>Unser Vorstand \u2013 ein Team f\u00fcr den Verein \u2013 mitgliederorientiert, gut organisiert und vielfach bew\u00e4hrt! &nbsp; An den Vorstand! Herzlichen Gl\u00fcckwunsch zu Eurer Wahl 2024 und f\u00fcr Eure Arbeit viel Erfolg. Ihr seit Teil von uns und gemeinsam wollen wir f\u00fcr viele sch\u00f6ne Flugstunden sorgen. In Eurem Wirken seit Ihr [&hellip;]<\/p>\n","protected":false},"author":1,"featured_media":0,"parent":0,"menu_order":0,"comment_status":"closed","ping_status":"closed","template":"","meta":{"ngg_post_thumbnail":0,"footnotes":""},"class_list":["post-74","page","type-page","status-publish","hentry"],"_links":{"self":[{"href":"https:\/\/www.ueckerfalken.de\/uefweb18\/wp-json\/wp\/v2\/pages\/74","targetHints":{"allow":["GET"]}}],"collection":[{"href":"https:\/\/www.ueckerfalken.de\/uefweb18\/wp-json\/wp\/v2\/pages"}],"about":[{"href":"https:\/\/www.ueckerfalken.de\/uefweb18\/wp-json\/wp\/v2\/types\/page"}],"author":[{"embeddable":true,"href":"https:\/\/www.ueckerfalken.de\/uefweb18\/wp-json\/wp\/v2\/users\/1"}],"replies":[{"embeddable":true,"href":"https:\/\/www.ueckerfalken.de\/uefweb18\/wp-json\/wp\/v2\/comments?post=74"}],"version-history":[{"count":7,"href":"https:\/\/www.ueckerfalken.de\/uefweb18\/wp-json\/wp\/v2\/pages\/74\/revisions"}],"predecessor-version":[{"id":1858,"href":"https:\/\/www.ueckerfalken.de\/uefweb18\/wp-json\/wp\/v2\/pages\/74\/revisions\/1858"}],"wp:attachment":[{"href":"https:\/\/www.ueckerfalken.de\/uefweb18\/wp-json\/wp\/v2\/media?parent=74"}],"curies":[{"name":"wp","href":"https:\/\/api.w.org\/{rel}","templated":true}]}}