{"id":72,"date":"2018-10-07T05:02:26","date_gmt":"2018-10-07T04:02:26","guid":{"rendered":"http:\/\/www.ueckerfalken.de\/uefweb18\/?page_id=72"},"modified":"2019-10-31T10:31:02","modified_gmt":"2019-10-31T09:31:02","slug":"zeitungsartikel","status":"publish","type":"page","link":"https:\/\/www.ueckerfalken.de\/uefweb18\/zeitungsartikel\/","title":{"rendered":"Zeitungsartikel"},"content":{"rendered":"<h3>Das Vereins-Bild in der Zeitungswelt<\/h3>\n<hr>\n<hr>\n<h4>2018<\/h4>\n<p><a href=\"http:\/\/www.ueckerfalken.de\/uefweb18\/wp-content\/uploads\/2018\/10\/Das_war_ein_gutes_Jahr_fuer_die_Ueckerfalken-Pasewalker-Zeitung-04.10.2018.pdf\" target=\"_blank\" rel=\"noopener noreferrer\"><img loading=\"lazy\" decoding=\"async\" width=\"300\" height=\"209\" class=\"alignnone wp-image-931 size-medium\" alt=\"\" src=\"http:\/\/www.ueckerfalken.de\/uefweb18\/wp-content\/uploads\/2018\/10\/Das-war-ein-gutes-Jahr-f\u00fcr-die-Ueckerfalken-Pasewalker-Zeitung-04.10.2018-klein-300x209.jpg\" srcset=\"https:\/\/www.ueckerfalken.de\/uefweb18\/wp-content\/uploads\/2018\/10\/Das-war-ein-gutes-Jahr-f\u00fcr-die-Ueckerfalken-Pasewalker-Zeitung-04.10.2018-klein-300x209.jpg 300w, https:\/\/www.ueckerfalken.de\/uefweb18\/wp-content\/uploads\/2018\/10\/Das-war-ein-gutes-Jahr-f\u00fcr-die-Ueckerfalken-Pasewalker-Zeitung-04.10.2018-klein.jpg 597w\" sizes=\"auto, (max-width: 300px) 100vw, 300px\" \/><\/a><\/p>\n<p><a href=\"http:\/\/www.ueckerfalken.de\/uefweb18\/wp-content\/uploads\/2018\/10\/Senioren-sind-begeistert-vom-Blick-auf-die-Heimat-Pasewalker-Zeitung-15.08.2018.jpg\" target=\"_blank\" rel=\"noopener noreferrer\"><img loading=\"lazy\" decoding=\"async\" width=\"309\" height=\"250\" class=\"alignnone wp-image-937 size-full\" alt=\"\" src=\"http:\/\/www.ueckerfalken.de\/uefweb18\/wp-content\/uploads\/2018\/10\/Senioren-sind-begeistert-vom-Blick-auf-die-Heimat-Pasewalker-Zeitung-15.08.2018-klein.jpg\" srcset=\"https:\/\/www.ueckerfalken.de\/uefweb18\/wp-content\/uploads\/2018\/10\/Senioren-sind-begeistert-vom-Blick-auf-die-Heimat-Pasewalker-Zeitung-15.08.2018-klein.jpg 309w, https:\/\/www.ueckerfalken.de\/uefweb18\/wp-content\/uploads\/2018\/10\/Senioren-sind-begeistert-vom-Blick-auf-die-Heimat-Pasewalker-Zeitung-15.08.2018-klein-300x243.jpg 300w\" sizes=\"auto, (max-width: 309px) 100vw, 309px\" \/><\/a><\/p>\n<p><a href=\"http:\/\/www.ueckerfalken.de\/uefweb18\/wp-content\/uploads\/2018\/10\/Pasewalk-von-oben-entdecken-Pasewalker-Zeitung-30.07.2018.jpg\" target=\"_blank\" rel=\"noopener noreferrer\"><img loading=\"lazy\" decoding=\"async\" width=\"300\" height=\"141\" class=\"alignnone wp-image-935 size-medium\" alt=\"\" src=\"http:\/\/www.ueckerfalken.de\/uefweb18\/wp-content\/uploads\/2018\/10\/Pasewalk-von-oben-entdecken-Pasewalker-Zeitung-30.07.2018-klein-300x141.jpg\" srcset=\"https:\/\/www.ueckerfalken.de\/uefweb18\/wp-content\/uploads\/2018\/10\/Pasewalk-von-oben-entdecken-Pasewalker-Zeitung-30.07.2018-klein-300x141.jpg 300w, https:\/\/www.ueckerfalken.de\/uefweb18\/wp-content\/uploads\/2018\/10\/Pasewalk-von-oben-entdecken-Pasewalker-Zeitung-30.07.2018-klein-768x360.jpg 768w, https:\/\/www.ueckerfalken.de\/uefweb18\/wp-content\/uploads\/2018\/10\/Pasewalk-von-oben-entdecken-Pasewalker-Zeitung-30.07.2018-klein.jpg 901w\" sizes=\"auto, (max-width: 300px) 100vw, 300px\" \/><\/a><\/p>\n<p><a href=\"http:\/\/www.ueckerfalken.de\/uefweb18\/wp-content\/uploads\/2018\/10\/Ihr-Lieblingsplatz-ist-\u00fcber-den-Wolken-Pasewalker-Zeitung-27.07.2018.pdf\" target=\"_blank\" rel=\"noopener noreferrer\"><img loading=\"lazy\" decoding=\"async\" width=\"300\" height=\"206\" class=\"alignnone wp-image-933 size-medium\" alt=\"\" src=\"http:\/\/www.ueckerfalken.de\/uefweb18\/wp-content\/uploads\/2018\/10\/Ihr-Lieblingsplatz-ist-\u00fcber-den-Wolken-Pasewalker-Zeitung-27.07.2018-klein-300x206.jpg\" srcset=\"https:\/\/www.ueckerfalken.de\/uefweb18\/wp-content\/uploads\/2018\/10\/Ihr-Lieblingsplatz-ist-\u00fcber-den-Wolken-Pasewalker-Zeitung-27.07.2018-klein-300x206.jpg 300w, https:\/\/www.ueckerfalken.de\/uefweb18\/wp-content\/uploads\/2018\/10\/Ihr-Lieblingsplatz-ist-\u00fcber-den-Wolken-Pasewalker-Zeitung-27.07.2018-klein-768x528.jpg 768w, https:\/\/www.ueckerfalken.de\/uefweb18\/wp-content\/uploads\/2018\/10\/Ihr-Lieblingsplatz-ist-\u00fcber-den-Wolken-Pasewalker-Zeitung-27.07.2018-klein-1024x704.jpg 1024w, https:\/\/www.ueckerfalken.de\/uefweb18\/wp-content\/uploads\/2018\/10\/Ihr-Lieblingsplatz-ist-\u00fcber-den-Wolken-Pasewalker-Zeitung-27.07.2018-klein.jpg 1079w\" sizes=\"auto, (max-width: 300px) 100vw, 300px\" \/><\/a><\/p>\n<p><a href=\"http:\/\/www.ueckerfalken.de\/uefweb18\/wp-content\/uploads\/2018\/10\/Wo-man-mit-60-noch-Nachwuchs-ist-Pasewalker-Zeitung-04.05.2018.jpg\" target=\"_blank\" rel=\"noopener noreferrer\"><img loading=\"lazy\" decoding=\"async\" width=\"300\" height=\"108\" class=\"alignnone wp-image-939 size-medium\" alt=\"\" src=\"http:\/\/www.ueckerfalken.de\/uefweb18\/wp-content\/uploads\/2018\/10\/Wo-man-mit-60-noch-Nachwuchs-ist-Pasewalker-Zeitung-04.05.2018-klein-300x108.jpg\" srcset=\"https:\/\/www.ueckerfalken.de\/uefweb18\/wp-content\/uploads\/2018\/10\/Wo-man-mit-60-noch-Nachwuchs-ist-Pasewalker-Zeitung-04.05.2018-klein-300x108.jpg 300w, https:\/\/www.ueckerfalken.de\/uefweb18\/wp-content\/uploads\/2018\/10\/Wo-man-mit-60-noch-Nachwuchs-ist-Pasewalker-Zeitung-04.05.2018-klein-768x276.jpg 768w, https:\/\/www.ueckerfalken.de\/uefweb18\/wp-content\/uploads\/2018\/10\/Wo-man-mit-60-noch-Nachwuchs-ist-Pasewalker-Zeitung-04.05.2018-klein-1024x368.jpg 1024w, https:\/\/www.ueckerfalken.de\/uefweb18\/wp-content\/uploads\/2018\/10\/Wo-man-mit-60-noch-Nachwuchs-ist-Pasewalker-Zeitung-04.05.2018-klein.jpg 1262w\" sizes=\"auto, (max-width: 300px) 100vw, 300px\" \/><\/a><\/p>\n<hr>\n<h4>2017<\/h4>\n<p><a href=\"http:\/\/www.ueckerfalken.de\/uefweb18\/wp-content\/uploads\/2018\/03\/Nordkurier-Prenzlauer-Zeitung-08.08.2017-Segelflieger-blieb-in-der-Uckermark-die-Luft-weg.jpg\" target=\"_blank\" rel=\"noopener noreferrer\"><img loading=\"lazy\" decoding=\"async\" width=\"300\" height=\"217\" class=\"alignnone wp-image-720 size-medium\" alt=\"\" src=\"http:\/\/www.ueckerfalken.de\/uefweb18\/wp-content\/uploads\/2018\/03\/Nordkurier-Prenzlauer-Zeitung-08.08.2017-Segelflieger-blieb-in-der-Uckermark-die-Luft-weg-kleines-Bild-300x217.jpg\" srcset=\"https:\/\/www.ueckerfalken.de\/uefweb18\/wp-content\/uploads\/2018\/03\/Nordkurier-Prenzlauer-Zeitung-08.08.2017-Segelflieger-blieb-in-der-Uckermark-die-Luft-weg-kleines-Bild-300x217.jpg 300w, https:\/\/www.ueckerfalken.de\/uefweb18\/wp-content\/uploads\/2018\/03\/Nordkurier-Prenzlauer-Zeitung-08.08.2017-Segelflieger-blieb-in-der-Uckermark-die-Luft-weg-kleines-Bild-768x556.jpg 768w, https:\/\/www.ueckerfalken.de\/uefweb18\/wp-content\/uploads\/2018\/03\/Nordkurier-Prenzlauer-Zeitung-08.08.2017-Segelflieger-blieb-in-der-Uckermark-die-Luft-weg-kleines-Bild-1024x741.jpg 1024w, https:\/\/www.ueckerfalken.de\/uefweb18\/wp-content\/uploads\/2018\/03\/Nordkurier-Prenzlauer-Zeitung-08.08.2017-Segelflieger-blieb-in-der-Uckermark-die-Luft-weg-kleines-Bild.jpg 1104w\" sizes=\"auto, (max-width: 300px) 100vw, 300px\" \/><\/a><\/p>\n<p><a href=\"http:\/\/www.ueckerfalken.de\/uefweb18\/wp-content\/uploads\/2018\/03\/Nordkurier-Templiner-Zeitung-08.08.2017-Segelflieger-blieb-in-der-Uckermark-die-Luft-weg.jpg\" target=\"_blank\" rel=\"noopener noreferrer\"><img loading=\"lazy\" decoding=\"async\" width=\"300\" height=\"162\" class=\"alignnone wp-image-723 size-medium\" alt=\"\" src=\"http:\/\/www.ueckerfalken.de\/uefweb18\/wp-content\/uploads\/2018\/03\/Nordkurier-Templiner-Zeitung-08082017-Segelflieger-blieb-in-der-Uckermark-die-Luft-weg-kleines-Bild-300x162.jpg\" srcset=\"https:\/\/www.ueckerfalken.de\/uefweb18\/wp-content\/uploads\/2018\/03\/Nordkurier-Templiner-Zeitung-08082017-Segelflieger-blieb-in-der-Uckermark-die-Luft-weg-kleines-Bild-300x162.jpg 300w, https:\/\/www.ueckerfalken.de\/uefweb18\/wp-content\/uploads\/2018\/03\/Nordkurier-Templiner-Zeitung-08082017-Segelflieger-blieb-in-der-Uckermark-die-Luft-weg-kleines-Bild-768x416.jpg 768w, https:\/\/www.ueckerfalken.de\/uefweb18\/wp-content\/uploads\/2018\/03\/Nordkurier-Templiner-Zeitung-08082017-Segelflieger-blieb-in-der-Uckermark-die-Luft-weg-kleines-Bild.jpg 831w\" sizes=\"auto, (max-width: 300px) 100vw, 300px\" \/><\/a><\/p>\n<hr>\n<h4>2016<\/h4>\n<hr>\n<h4>2013<\/h4>\n<p><a href=\"http:\/\/www.ueckerfalken.de\/uefweb18\/wp-content\/uploads\/2018\/03\/Nordkurier-Pasewalker-Zeitung-19.04.2013-Lust-auf-Hoehenfluege.pdf\" target=\"_blank\" rel=\"noopener noreferrer\"><img loading=\"lazy\" decoding=\"async\" width=\"300\" height=\"107\" class=\"alignnone wp-image-628 size-medium\" alt=\"\" src=\"http:\/\/www.ueckerfalken.de\/uefweb18\/wp-content\/uploads\/2018\/03\/Nordkurier-Pasewalker-Zeitung-19.04.2013-Lust-auf-Hoehenfluege-Kleines-Bild-m-Text-300x107.jpg\"><\/a><\/p>\n<p><a href=\"http:\/\/www.ueckerfalken.de\/uefweb18\/wp-content\/uploads\/2018\/03\/BlickPunkt-13.04.2013-Abheben-mit-den-Ueckerfalken.jpg\" target=\"_blank\" rel=\"noopener noreferrer\"><img loading=\"lazy\" decoding=\"async\" width=\"300\" height=\"203\" class=\"alignnone wp-image-625 size-medium\" alt=\"\" src=\"http:\/\/www.ueckerfalken.de\/uefweb18\/wp-content\/uploads\/2018\/03\/BlickPunkt-13.04.2013-Abheben-mit-den-Ueckerfalken-Kleine-Blind-m-Text-300x203.jpg\"><\/a><\/p>\n<p><a href=\"http:\/\/www.ueckerfalken.de\/uefweb18\/wp-content\/uploads\/2018\/03\/Nordkurier-Pasewalker-Zeitung-19.02.2013-Die-Ueckerfalken-sind-im-Aufwind.pdf\" target=\"_blank\" rel=\"noopener noreferrer\"><img loading=\"lazy\" decoding=\"async\" width=\"300\" height=\"150\" class=\"alignnone wp-image-632 size-medium\" alt=\"\" src=\"http:\/\/www.ueckerfalken.de\/uefweb18\/wp-content\/uploads\/2018\/03\/Nordkurier-Pasewalker-Zeitung-19.02.2013-Die-Ueckerfalken-sind-im-Aufwind-Kleine-Bild-m-Text-300x150.jpg\" srcset=\"https:\/\/www.ueckerfalken.de\/uefweb18\/wp-content\/uploads\/2018\/03\/Nordkurier-Pasewalker-Zeitung-19.02.2013-Die-Ueckerfalken-sind-im-Aufwind-Kleine-Bild-m-Text-300x150.jpg 300w, https:\/\/www.ueckerfalken.de\/uefweb18\/wp-content\/uploads\/2018\/03\/Nordkurier-Pasewalker-Zeitung-19.02.2013-Die-Ueckerfalken-sind-im-Aufwind-Kleine-Bild-m-Text-768x383.jpg 768w, https:\/\/www.ueckerfalken.de\/uefweb18\/wp-content\/uploads\/2018\/03\/Nordkurier-Pasewalker-Zeitung-19.02.2013-Die-Ueckerfalken-sind-im-Aufwind-Kleine-Bild-m-Text-1024x511.jpg 1024w, https:\/\/www.ueckerfalken.de\/uefweb18\/wp-content\/uploads\/2018\/03\/Nordkurier-Pasewalker-Zeitung-19.02.2013-Die-Ueckerfalken-sind-im-Aufwind-Kleine-Bild-m-Text.jpg 1324w\" sizes=\"auto, (max-width: 300px) 100vw, 300px\" \/><\/a><\/p>\n<hr>\n<h4>2012<\/h4>\n<p><a href=\"http:\/\/www.ueckerfalken.de\/uefweb18\/wp-content\/uploads\/2019\/10\/Pasewalker-Nachrichten-Nr-5-2012-Gibt-es-was-Sch\u00f6neres-als-Fliegen.pdf\" target=\"_blank\" rel=\"noopener noreferrer\"><img loading=\"lazy\" decoding=\"async\" width=\"500\" height=\"248\" class=\"alignnone wp-image-1136\" alt=\"\" src=\"http:\/\/www.ueckerfalken.de\/uefweb18\/wp-content\/uploads\/2019\/10\/Bild-klein-Pasewalker-Nachrichten-Nr-5-2012-Gibt-es-was-Sch\u00f6neres-als-Fliegen-1024x508.jpg\" srcset=\"https:\/\/www.ueckerfalken.de\/uefweb18\/wp-content\/uploads\/2019\/10\/Bild-klein-Pasewalker-Nachrichten-Nr-5-2012-Gibt-es-was-Sch\u00f6neres-als-Fliegen-1024x508.jpg 1024w, https:\/\/www.ueckerfalken.de\/uefweb18\/wp-content\/uploads\/2019\/10\/Bild-klein-Pasewalker-Nachrichten-Nr-5-2012-Gibt-es-was-Sch\u00f6neres-als-Fliegen-300x149.jpg 300w, https:\/\/www.ueckerfalken.de\/uefweb18\/wp-content\/uploads\/2019\/10\/Bild-klein-Pasewalker-Nachrichten-Nr-5-2012-Gibt-es-was-Sch\u00f6neres-als-Fliegen-768x381.jpg 768w, https:\/\/www.ueckerfalken.de\/uefweb18\/wp-content\/uploads\/2019\/10\/Bild-klein-Pasewalker-Nachrichten-Nr-5-2012-Gibt-es-was-Sch\u00f6neres-als-Fliegen.jpg 1240w\" sizes=\"auto, (max-width: 500px) 100vw, 500px\" \/><\/a><\/p>\n<p><a href=\"http:\/\/www.ueckerfalken.de\/uefweb18\/wp-content\/uploads\/2018\/03\/Nordkurier-Pasewalker-Zeitung-02.05.2012-In-nur-2-Sek-geht-es-auf-Tempo-80.pdf\" target=\"_blank\" rel=\"noopener noreferrer\"><img loading=\"lazy\" decoding=\"async\" width=\"200\" height=\"162\" class=\"alignnone wp-image-635 size-full\" alt=\"\" src=\"http:\/\/www.ueckerfalken.de\/uefweb18\/wp-content\/uploads\/2018\/03\/Nordkurier-Pasewalker-Zeitung-02.05.2012-In-nur-2-Sek-geht-es-auf-Tempo-80-Kleines-Bild-m-Text.jpg\"><\/a><\/p>\n<p><a href=\"http:\/\/www.ueckerfalken.de\/uefweb18\/wp-content\/uploads\/2018\/03\/Nordkurier-Pasewalker-Zeitung-21.04.2012-Doch-noch-in-die-Wolken-gestartet.jpg\" target=\"_blank\" rel=\"noopener noreferrer\"><img loading=\"lazy\" decoding=\"async\" width=\"300\" height=\"192\" class=\"alignnone wp-image-639 size-medium\" alt=\"\" src=\"http:\/\/www.ueckerfalken.de\/uefweb18\/wp-content\/uploads\/2018\/03\/Nordkurier-Pasewalker-Zeitung-21.04.2012-Doch-noch-in-die-Wolken-gestartet-Kleines-Bild-m-Text-300x192.jpg\" srcset=\"https:\/\/www.ueckerfalken.de\/uefweb18\/wp-content\/uploads\/2018\/03\/Nordkurier-Pasewalker-Zeitung-21.04.2012-Doch-noch-in-die-Wolken-gestartet-Kleines-Bild-m-Text-300x192.jpg 300w, https:\/\/www.ueckerfalken.de\/uefweb18\/wp-content\/uploads\/2018\/03\/Nordkurier-Pasewalker-Zeitung-21.04.2012-Doch-noch-in-die-Wolken-gestartet-Kleines-Bild-m-Text.jpg 400w\" sizes=\"auto, (max-width: 300px) 100vw, 300px\" \/><\/a><\/p>\n<p><a href=\"http:\/\/www.ueckerfalken.de\/uefweb18\/wp-content\/uploads\/2018\/03\/Nordkurier-Pasewalker-Zeitung-19.03.2012-Ueckerfalken-starten-erst-nach-penibler-Pr\u00fcfung.pdf\" target=\"_blank\" rel=\"noopener noreferrer\"><img loading=\"lazy\" decoding=\"async\" width=\"300\" height=\"241\" class=\"alignnone wp-image-642 size-medium\" alt=\"\" src=\"http:\/\/www.ueckerfalken.de\/uefweb18\/wp-content\/uploads\/2018\/03\/Nordkurier-Pasewalker-Zeitung-19.03.2012-Ueckerfalken-starten-erst-nach-penibler-Pr\u00fcfung-Kleines-Bild-300x241.jpg\" srcset=\"https:\/\/www.ueckerfalken.de\/uefweb18\/wp-content\/uploads\/2018\/03\/Nordkurier-Pasewalker-Zeitung-19.03.2012-Ueckerfalken-starten-erst-nach-penibler-Pr\u00fcfung-Kleines-Bild-300x241.jpg 300w, https:\/\/www.ueckerfalken.de\/uefweb18\/wp-content\/uploads\/2018\/03\/Nordkurier-Pasewalker-Zeitung-19.03.2012-Ueckerfalken-starten-erst-nach-penibler-Pr\u00fcfung-Kleines-Bild-768x616.jpg 768w, https:\/\/www.ueckerfalken.de\/uefweb18\/wp-content\/uploads\/2018\/03\/Nordkurier-Pasewalker-Zeitung-19.03.2012-Ueckerfalken-starten-erst-nach-penibler-Pr\u00fcfung-Kleines-Bild.jpg 778w\" sizes=\"auto, (max-width: 300px) 100vw, 300px\" \/><\/a><\/p>\n<hr>\n<h4>2011<\/h4>\n<p><em> Freitag, 21. Oktober 2011 F\u00fchrungswechsel in Mecklenburg-Vorpommern Jahrelang, ja eigentlich seit Bestehen von Streckenflugwertungen k\u00e4mpft der Pasewalker Luftsportclub \u201eDie Ueckerfalken\u201c darum, dem Leistungszentrum Mecklenburg Vorpommerns \u2013 dem SFC Neustadt-Glewe \u2013 den Rang abzulaufen. In diesem Jahr ist es Ihnen gelungen, in der Landesliga tats\u00e4chlich die F\u00fchrung zu \u00fcbernehmen. Ein langersehntes Ziel ging in Erf\u00fcllung. Interessant ist dabei wie es ein kleiner Verein schafft, seine Mitglieder und insbesondere Streckenflugeinsteiger zu motivieren. Daniel Lenz \u2013 Mitglied der Ueckerfalken \u2013 berichtet: Der Blick fiel jahrelang auf die Streckenflugaktivit\u00e4ten in Neustadt-Glewe. Nach dem es den OLC gab wollten wir den ersten Platz erreichen! Durch den direkten Vergleich im Internet konnten wir die Motivation f\u00fcr junge Flugscheininhaber stetig steigern. Wir lie\u00dfen uns auch nicht von Spr\u00fcchen abhalten wie \u201eunter 200 km stelle ich nichts ins Netz\u201c \u2013 Nein \u2013 wir haben unseren Segelfliegern einfach einen Logger ins Flugzeug gepackt. Mit Staunen hie\u00df es dann: \u201eDas waren 60 km? Das ist ja gut, dann versuche ich beim n\u00e4chsten Mal 100 km.\u201c So steigerte sich der Wille der Piloten. Aber wir erreichten langsam unsere Leistungsgrenze und kamen mit den \u00fcblichen Mitteln: Thermikkreisen, Abfliegen und wieder Thermikkreisen, nicht mehr weiter. Ein Leistungsfluglehrgang musste her \u2013 und es half. So kamen wir die letzten beiden Jahre bereits recht dicht an den Erstplatzierten heran, hatten aber oft Pech mit den Wetterlagen. Mitte dieser Saison stellten wir fest, dass wir vorne liegen. Der Kampfgeist war geweckt und wir gaben unser Bestes. Die \u00dcberstunden wurden in Gleitzeit umgewandelt und die Wochenenden reichlich genutzt, um die bestehende F\u00fchrung in der Landesliga zielsicher zum Sieg zu fliegen. W\u00e4hrend unserer Hangflugwoche am Ith erkannten wir erstaunt, dass unsere Freunde aus Grambecker Heide, Gewinner der Vereinswertung Schleswig-Holstein, in der Deutschlandwertung auch hinter uns liegen. Zwar nur 200 Punkte aber immerhin. Vor neun Jahren besa\u00df unser Verein nur einen R\u00fcckholanh\u00e4nger f\u00fcr den gesamten Flugzeugpark und nun haben wir es geschafft. Der OLC gratuliert. Macht weiter so!<\/em><\/p>\n<p><em>Autoren: Daniel Lenz\/ Steffi Keller <\/em><\/p>\n<hr>\n<p>2010<\/p>\n<p>2009<\/p>\n<p>Nordkurier \u2013 Pasewalker Zeitung 19.01.09 \u2013 Die Ueckerfalken w\u00e4hlen einen neuen Vorstand<br \/>\nNordkurier \u2013 Pasewalker Zeitung 19.01.09 \u2013 \u00dcber 560 km im St\u00fcck gesegelt<\/p>\n<p>2008<\/p>\n<p>2006<\/p>\n<p>2005<\/p>\n<p>2002<\/p>\n<p style=\"text-align: center;\"><a href=\"#top\">nach oben<\/a><\/p>\n","protected":false},"excerpt":{"rendered":"<p>Das Vereins-Bild in der Zeitungswelt 2018 2017 2016 2013 2012 2011 Freitag, 21. Oktober 2011 F\u00fchrungswechsel in Mecklenburg-Vorpommern Jahrelang, ja eigentlich seit Bestehen von Streckenflugwertungen k\u00e4mpft der Pasewalker Luftsportclub \u201eDie Ueckerfalken\u201c darum, dem Leistungszentrum Mecklenburg Vorpommerns \u2013 dem SFC Neustadt-Glewe \u2013 den Rang abzulaufen. In diesem Jahr ist es Ihnen [&hellip;]<\/p>\n","protected":false},"author":1,"featured_media":0,"parent":0,"menu_order":0,"comment_status":"closed","ping_status":"closed","template":"","meta":{"ngg_post_thumbnail":0,"footnotes":""},"class_list":["post-72","page","type-page","status-publish","hentry"],"_links":{"self":[{"href":"https:\/\/www.ueckerfalken.de\/uefweb18\/wp-json\/wp\/v2\/pages\/72","targetHints":{"allow":["GET"]}}],"collection":[{"href":"https:\/\/www.ueckerfalken.de\/uefweb18\/wp-json\/wp\/v2\/pages"}],"about":[{"href":"https:\/\/www.ueckerfalken.de\/uefweb18\/wp-json\/wp\/v2\/types\/page"}],"author":[{"embeddable":true,"href":"https:\/\/www.ueckerfalken.de\/uefweb18\/wp-json\/wp\/v2\/users\/1"}],"replies":[{"embeddable":true,"href":"https:\/\/www.ueckerfalken.de\/uefweb18\/wp-json\/wp\/v2\/comments?post=72"}],"version-history":[{"count":30,"href":"https:\/\/www.ueckerfalken.de\/uefweb18\/wp-json\/wp\/v2\/pages\/72\/revisions"}],"predecessor-version":[{"id":1140,"href":"https:\/\/www.ueckerfalken.de\/uefweb18\/wp-json\/wp\/v2\/pages\/72\/revisions\/1140"}],"wp:attachment":[{"href":"https:\/\/www.ueckerfalken.de\/uefweb18\/wp-json\/wp\/v2\/media?parent=72"}],"curies":[{"name":"wp","href":"https:\/\/api.w.org\/{rel}","templated":true}]}}