{"id":7,"date":"2018-02-24T09:07:03","date_gmt":"2018-02-24T09:07:03","guid":{"rendered":"http:\/\/www.ueckerfalken.de\/uefweb18\/?page_id=7"},"modified":"2018-04-15T10:49:28","modified_gmt":"2018-04-15T09:49:28","slug":"sektionen","status":"publish","type":"page","link":"https:\/\/www.ueckerfalken.de\/uefweb18\/sektionen\/","title":{"rendered":"Sektionen"},"content":{"rendered":"<h3>In unserem Luftsportclub<\/h3>\n<p>f\u00fchlen sich Mitglieder aus derzeit vier Sektionen wohl.<\/p>\n<p>&nbsp;<\/p>\n<p>Wir sind der Meinung:<br \/>\n<b>Der Himmel geh\u00f6rt allen!<\/b><img loading=\"lazy\" decoding=\"async\" width=\"300\" height=\"225\" class=\"alignright wp-image-588 size-medium\" style=\"background-color: transparent; color: #3c4858; float: right; font-family: &amp;quot; roboto&amp;quot;,&amp;quot;helvetica&amp;quot;,&amp;quot;arial&amp;quot;,sans-serif; font-size: 18px; font-style: normal; font-variant: normal; font-weight: 300; height: 150px; letter-spacing: normal; max-width: 750px; orphans: 2; outline-color: #72777c; outline-style: solid; outline-width: 1px; text-align: right; text-decoration: none; text-indent: 0px; text-transform: none; -webkit-text-stroke-width: 0px; white-space: normal; word-spacing: 0px; margin: 0px 0px 24px 24px;\" alt=\"\" src=\"http:\/\/www.ueckerfalken.de\/uefweb18\/wp-content\/uploads\/2018\/03\/100_3603-300x225.jpg\" srcset=\"https:\/\/www.ueckerfalken.de\/uefweb18\/wp-content\/uploads\/2018\/03\/100_3603-300x225.jpg 300w, https:\/\/www.ueckerfalken.de\/uefweb18\/wp-content\/uploads\/2018\/03\/100_3603-768x576.jpg 768w, https:\/\/www.ueckerfalken.de\/uefweb18\/wp-content\/uploads\/2018\/03\/100_3603-1024x768.jpg 1024w\" sizes=\"auto, (max-width: 300px) 100vw, 300px\" \/><\/p>\n<p>Die zahlenm\u00e4\u00dfig st\u00e4rkste Sektion ist der Segelflug.<\/p>\n<p><img loading=\"lazy\" decoding=\"async\" width=\"200\" height=\"150\" class=\"size-full wp-image-685 alignleft\" alt=\"\" src=\"http:\/\/www.ueckerfalken.de\/uefweb18\/wp-content\/uploads\/2018\/03\/modellbau_kinder.jpg\">&nbsp; Unsere Modellsportler <img loading=\"lazy\" decoding=\"async\" width=\"200\" height=\"142\" class=\"size-medium wp-image-687 alignright\" style=\"background-color: transparent; color: #3c4858; float: right; font-family: &amp;quot; roboto&amp;quot;,&amp;quot;helvetica&amp;quot;,&amp;quot;arial&amp;quot;,sans-serif; font-size: 18px; font-style: normal; font-variant: normal; font-weight: 300; height: 142px; letter-spacing: normal; max-width: 750px; orphans: 2; outline-color: #72777c; outline-style: solid; outline-width: 1px; text-align: right; text-decoration: none; text-indent: 0px; text-transform: none; -webkit-text-stroke-width: 0px; white-space: normal; word-spacing: 0px; margin: 0px 0px 24px 24px;\" alt=\"\" src=\"http:\/\/www.ueckerfalken.de\/uefweb18\/wp-content\/uploads\/2018\/03\/Modellklasse-F3.jpg\">stellen die zweitgr\u00f6\u00dfte Mitgliederzahl.<\/p>\n<p>&nbsp;<\/p>\n<p>&nbsp;<\/p>\n<p>&nbsp;<\/p>\n<p>Auch unsere UL-er und unsere langj\u00e4hrigen <img loading=\"lazy\" decoding=\"async\" width=\"300\" height=\"225\" class=\"size-medium wp-image-684 alignright\" alt=\"\" src=\"http:\/\/www.ueckerfalken.de\/uefweb18\/wp-content\/uploads\/2018\/03\/UL_Facination-300x225.jpg\" srcset=\"https:\/\/www.ueckerfalken.de\/uefweb18\/wp-content\/uploads\/2018\/03\/UL_Facination-300x225.jpg 300w, https:\/\/www.ueckerfalken.de\/uefweb18\/wp-content\/uploads\/2018\/03\/UL_Facination-768x576.jpg 768w, https:\/\/www.ueckerfalken.de\/uefweb18\/wp-content\/uploads\/2018\/03\/UL_Facination.jpg 800w\" sizes=\"auto, (max-width: 300px) 100vw, 300px\" \/>Motorflieger geh\u00f6ren fest zu uns.<\/p>\n<p>Auf den Sektionsunterseiten kann man einen Blick in unser reges Clubleben, die Veranstaltungen und unsere Flug- und Bodentechnik werfen.<br \/>\nMan sieht, wieviel Freizeit und Arbeit darin stecken, aber auch wieviel Freude am Luftsport.<\/p>\n<p>Viel Spa\u00df beim Anschauen<br \/>\nw\u00fcnschen Euch die Sektionen der \u201cUeckerfalken\u201d<\/p>\n","protected":false},"excerpt":{"rendered":"<p>In unserem Luftsportclub f\u00fchlen sich Mitglieder aus derzeit vier Sektionen wohl. &nbsp; Wir sind der Meinung: Der Himmel geh\u00f6rt allen! Die zahlenm\u00e4\u00dfig st\u00e4rkste Sektion ist der Segelflug. &nbsp; Unsere Modellsportler stellen die zweitgr\u00f6\u00dfte Mitgliederzahl. &nbsp; &nbsp; &nbsp; Auch unsere UL-er und unsere langj\u00e4hrigen Motorflieger geh\u00f6ren fest zu uns. Auf den [&hellip;]<\/p>\n","protected":false},"author":1,"featured_media":0,"parent":0,"menu_order":0,"comment_status":"closed","ping_status":"closed","template":"","meta":{"ngg_post_thumbnail":0,"footnotes":""},"class_list":["post-7","page","type-page","status-publish","hentry"],"_links":{"self":[{"href":"https:\/\/www.ueckerfalken.de\/uefweb18\/wp-json\/wp\/v2\/pages\/7","targetHints":{"allow":["GET"]}}],"collection":[{"href":"https:\/\/www.ueckerfalken.de\/uefweb18\/wp-json\/wp\/v2\/pages"}],"about":[{"href":"https:\/\/www.ueckerfalken.de\/uefweb18\/wp-json\/wp\/v2\/types\/page"}],"author":[{"embeddable":true,"href":"https:\/\/www.ueckerfalken.de\/uefweb18\/wp-json\/wp\/v2\/users\/1"}],"replies":[{"embeddable":true,"href":"https:\/\/www.ueckerfalken.de\/uefweb18\/wp-json\/wp\/v2\/comments?post=7"}],"version-history":[{"count":8,"href":"https:\/\/www.ueckerfalken.de\/uefweb18\/wp-json\/wp\/v2\/pages\/7\/revisions"}],"predecessor-version":[{"id":866,"href":"https:\/\/www.ueckerfalken.de\/uefweb18\/wp-json\/wp\/v2\/pages\/7\/revisions\/866"}],"wp:attachment":[{"href":"https:\/\/www.ueckerfalken.de\/uefweb18\/wp-json\/wp\/v2\/media?parent=7"}],"curies":[{"name":"wp","href":"https:\/\/api.w.org\/{rel}","templated":true}]}}