{"id":62,"date":"2025-05-17T09:08:00","date_gmt":"2025-05-17T07:08:00","guid":{"rendered":"http:\/\/www.ueckerfalken.de\/uefweb18\/?page_id=62"},"modified":"2025-05-17T14:50:02","modified_gmt":"2025-05-17T12:50:02","slug":"geschichte","status":"publish","type":"page","link":"https:\/\/www.ueckerfalken.de\/uefweb18\/geschichte\/","title":{"rendered":"Geschichte"},"content":{"rendered":"<h4>Der erste Segelflugstart<\/h4>\n<div id=\"attachment_605\" style=\"width: 310px\" class=\"wp-caption alignleft\"><img loading=\"lazy\" decoding=\"async\" aria-describedby=\"caption-attachment-605\" width=\"300\" height=\"99\" class=\"wp-image-605 size-medium\" style=\"background-color: transparent; color: #3c4858; float: left; font-family: &amp;quot; roboto&amp;quot;,&amp;quot;helvetica&amp;quot;,&amp;quot;arial&amp;quot;,sans-serif; font-size: 18px; font-style: normal; font-variant: normal; font-weight: 300; height: 99px; letter-spacing: normal; max-width: 750px; orphans: 2; text-align: left; text-decoration: none; text-indent: 0px; text-transform: none; -webkit-text-stroke-width: 0px; white-space: normal; word-spacing: 0px; margin: 0px 38.4px 38.4px 0px;\" alt=\"\" src=\"http:\/\/www.ueckerfalken.de\/uefweb18\/wp-content\/uploads\/2018\/03\/a_EM2002_Platzansicht_aus_West-300x99.jpg\" srcset=\"https:\/\/www.ueckerfalken.de\/uefweb18\/wp-content\/uploads\/2018\/03\/a_EM2002_Platzansicht_aus_West-300x99.jpg 300w, https:\/\/www.ueckerfalken.de\/uefweb18\/wp-content\/uploads\/2018\/03\/a_EM2002_Platzansicht_aus_West.jpg 383w\" sizes=\"auto, (max-width: 300px) 100vw, 300px\" \/><p id=\"caption-attachment-605\" class=\"wp-caption-text\">Platz aus Richtung West (damals noch ohne Asphalt-Bahn)<\/p><\/div>\n<p><span style=\"display: inline !important; float: none; background-color: transparent; color: #3c4858; direction: ltr; font-family: 'Roboto','Helvetica','Arial',sans-serif; font-size: 18px; font-style: normal; font-variant: normal; font-weight: 300; letter-spacing: normal; line-height: 29.12px; orphans: 2; text-align: left; text-decoration: none; text-indent: 0px; text-transform: none; -webkit-text-stroke-width: 0px; white-space: normal; word-spacing: 0px; word-wrap: break-word;\">in Pasewalk fand am 01.05.1957 statt.<br \/>\nAus <\/span>dem fr\u00fcheren Reit\u00fcbungsplatz des <span>K\u00fcrassier-Regiments \u201eK\u00f6nigin\u201c (Pommersches) Nr. 2 und Feldflugplatz in den letzten Kriegsmonaten 1945 war ein Ort des friedlichen Flugsports entstanden<\/span>. <span style=\"display: inline !important; float: none; background-color: transparent; color: #3c4858; direction: ltr; font-family: 'Roboto','Helvetica','Arial',sans-serif; font-size: 18px; font-style: normal; font-variant: normal; font-weight: 300; letter-spacing: normal; line-height: 29.12px; orphans: 2; text-align: left; text-decoration: none; text-indent: 0px; text-transform: none; -webkit-text-stroke-width: 0px; white-space: normal; word-spacing: 0px; word-wrap: break-word;\">Es galt also im Jahre 2017 den 60. Jahrestag zu feiern &#8211; haben wir getan.<\/span><br \/>\nSeit 1957 starten von dem ca. 3 km westlich der Stadt Pasewalk gelegenen Flugplatz Segelflieger, Motorsegler, Motorflugzeuge, UL`s, Tragschrauber, Hubschrauber, gro\u00dfe und kleine Modellflugzeuge und &#8211; wenn auch nicht oft &#8211; Ballone in den Himmel.<\/p>\n<hr>\n<h4>Bis 1990<\/h4>\n<p>wurde der Platz durch die GST \u2013 Gesellschaft f\u00fcr Sport und Technik betrieben. \u00dcberwiegend wurde hier die Ausbildung im Segelflug durchgef\u00fchrt, aber auch Modellsportler geh\u00f6rten zu den begeisterten Nutzern dieser \u201ckleinen Wiese\u201d.<\/p>\n<p>Es gab auch fliegerische Wettbewerbe die auf dem Flugplatz Pasewalk stattfanden. Ebenso nahmen Flugsportler unseres Platzes an nationalen und internationalen Segelflug- und Modellflugwettbewerben teil.<\/p>\n<hr>\n<h4>Seit 1990<\/h4>\n<p>ist der Pasewalker Luftsportclub \u201cDie Ueckerfalken\u201d e.V. auf diesem Platz zu Hause.<br \/>\nEr wurde durch einen Teil der fr\u00fcheren Flugsportler gegr\u00fcndet. Die anderen kehrten auf \u201cihren fr\u00fcheren Heimatflugplatz\u201d nach Waren zur\u00fcck (welcher seit Ende der 70er Jahre geschlossen war), und gr\u00fcndeten dort den <a href=\"https:\/\/waren-lsv.de\/\">Warener Flugsportverein e.V.<\/a><\/p>\n<p>Die Flug- und Bodentechnik wurde von der Treuhand aus den Best\u00e4nden der GST \u00fcbergeben. Erst so war es m\u00f6glich, dass der Flugsport in Pasewalk erhalten geblieben ist.<\/p>\n<div id=\"attachment_606\" style=\"width: 310px\" class=\"wp-caption alignright\"><img loading=\"lazy\" decoding=\"async\" aria-describedby=\"caption-attachment-606\" width=\"300\" height=\"83\" class=\"wp-image-606 size-medium\" alt=\"\" src=\"http:\/\/www.ueckerfalken.de\/uefweb18\/wp-content\/uploads\/2018\/03\/a_Gesamtbild_2-300x83.jpg\" srcset=\"https:\/\/www.ueckerfalken.de\/uefweb18\/wp-content\/uploads\/2018\/03\/a_Gesamtbild_2-300x83.jpg 300w, https:\/\/www.ueckerfalken.de\/uefweb18\/wp-content\/uploads\/2018\/03\/a_Gesamtbild_2.jpg 498w\" sizes=\"auto, (max-width: 300px) 100vw, 300px\" \/><p id=\"caption-attachment-606\" class=\"wp-caption-text\">Bild von der EM im Segelkunstflug 2002<\/p><\/div>\n<p>Nach nunmehr \u00fcber drei Jahrzehnten kann der Verein auf sch\u00f6ne fliegerische und wettbewerbliche Aktivit\u00e4ten und Erfolge zur\u00fcckblicken, und ist ein regional und \u00fcberregional bekannter Verein.<br \/>\nUnter anderem richtete er mehrere Landesmeisterschaften im Segelstreckenflug aus.<br \/>\nH\u00f6hepunkte waren auch die beiden Deutschen Meisterschaften im Segelkunstflug (1998 und 2002) und die Europameisterschaft im Segelkunstflug 2002 f\u00fcr die der Verein durch den DAeC als Ausrichter ausgew\u00e4hlt wurde.<\/p>\n<hr>\n<h4>Die Bev\u00f6lkerung<\/h4>\n<div id=\"attachment_608\" style=\"width: 310px\" class=\"wp-caption alignleft\"><img loading=\"lazy\" decoding=\"async\" aria-describedby=\"caption-attachment-608\" width=\"300\" height=\"199\" class=\"wp-image-608 size-medium\" style=\"background-color: transparent; color: #3c4858; float: left; font-family: &amp;quot; roboto&amp;quot;,&amp;quot;helvetica&amp;quot;,&amp;quot;arial&amp;quot;,sans-serif; font-size: 18px; font-style: normal; font-variant: normal; font-weight: 300; height: 199px; letter-spacing: normal; max-width: 750px; orphans: 2; text-align: left; text-decoration: none; text-indent: 0px; text-transform: none; -webkit-text-stroke-width: 0px; white-space: normal; word-spacing: 0px; margin: 0px 38.4px 38.4px 0px;\" alt=\"\" src=\"http:\/\/www.ueckerfalken.de\/uefweb18\/wp-content\/uploads\/2018\/03\/Leistungsschau-2006-300x199.jpg\" srcset=\"https:\/\/www.ueckerfalken.de\/uefweb18\/wp-content\/uploads\/2018\/03\/Leistungsschau-2006-300x199.jpg 300w, https:\/\/www.ueckerfalken.de\/uefweb18\/wp-content\/uploads\/2018\/03\/Leistungsschau-2006-360x240.jpg 360w, https:\/\/www.ueckerfalken.de\/uefweb18\/wp-content\/uploads\/2018\/03\/Leistungsschau-2006.jpg 480w\" sizes=\"auto, (max-width: 300px) 100vw, 300px\" \/><p id=\"caption-attachment-608\" class=\"wp-caption-text\">Leistungsschau in Pasewalk<\/p><\/div>\n<p>der Region Uecker-Randow kennt \u201cihren Flugplatz\u201d und die netten jungen und junggebliebenen Flugsportler dort.<br \/>\nNicht nur von den Flugplatzfesten, den Teilnahmen an Stadtfesten als Aussteller und regelm\u00e4\u00dfig aus der Zeitung, sondern auch von dem einen oder anderen zauberhaften Gastflug an einem sch\u00f6nen Tag.<\/p>\n<hr>\n<h4>Der Wohnortbereich<\/h4>\n<p>unserer Vereinsmitglieder war und ist sehr gro\u00df. Von Neustrelitz bis zur polnischen Grenze und von Dresden, Berlin bis ans Oderhaff reicht er.<\/p>\n<p>Man trifft hier auf Flugsportbegeisterte, vom Jugendlichen mit 13 Jahren bis zum junggebliebenen 76-J\u00e4hrigen, und bis hin zum modell-fliegenden, r\u00fcstigen Senioren.<br \/>\nJeder so wie er sich einbringen kann und mag, als aktives, passives oder F\u00f6rdermitglied.<\/p>\n<p>Nat\u00fcrlich hat der Verein auch Ehrenmitglieder \u2013 die \u201calten Hasen\u201d,<br \/>\ndie viel Aufbauarbeit in den bisherigen Jahrzehnten geleistet haben, und denen wir, die heutigen Vereinsmitglieder dankbar sind.<\/p>\n<p><img loading=\"lazy\" decoding=\"async\" width=\"150\" height=\"150\" class=\"wp-image-610 size-thumbnail alignleft\" alt=\"\" src=\"http:\/\/www.ueckerfalken.de\/uefweb18\/wp-content\/uploads\/2018\/03\/Osterspaziergang_17-150x150.jpg\"> Erstmalig in der Geschichte des Pasewalker Luftsportclubs hatten wir in einer Flugsaison 2008, mit <span style=\"display: inline !important; float: none; background-color: transparent; color: #3c4858; direction: ltr; font-family: 'Roboto','Helvetica','Arial',sans-serif; font-size: 18px; font-style: normal; font-variant: normal; font-weight: 300; letter-spacing: normal; line-height: 29.12px; orphans: 2; text-align: left; text-decoration: none; text-indent: 0px; text-transform: none; -webkit-text-stroke-width: 0px; white-space: normal; word-spacing: 0px; word-wrap: break-word;\">von <img loading=\"lazy\" decoding=\"async\" width=\"150\" height=\"150\" class=\"wp-image-611 size-thumbnail alignright\" style=\"background-color: transparent; color: #3c4858; float: right; font-family: &amp;quot; roboto&amp;quot;,&amp;quot;helvetica&amp;quot;,&amp;quot;arial&amp;quot;,sans-serif; font-size: 18px; font-style: normal; font-variant: normal; font-weight: 300; height: 150px; letter-spacing: normal; max-width: 750px; orphans: 2; outline-color: #72777c; outline-style: solid; outline-width: 1px; text-align: right; text-decoration: none; text-indent: 0px; text-transform: none; -webkit-text-stroke-width: 0px; white-space: normal; word-spacing: 0px; margin: 0px 0px 24px 24px;\" alt=\"\" src=\"http:\/\/www.ueckerfalken.de\/uefweb18\/wp-content\/uploads\/2018\/03\/Osterspaziergang_32-150x150.jpg\">Vereinsmitgliedern<\/span> geflogenen <span style=\"display: inline !important; float: none; background-color: transparent; color: #3c4858; direction: ltr; font-family: 'Roboto','Helvetica','Arial',sans-serif; font-size: 18px; font-style: normal; font-variant: normal; font-weight: 300; letter-spacing: normal; line-height: 29.12px; orphans: 2; text-align: left; text-decoration: none; text-indent: 0px; text-transform: none; -webkit-text-stroke-width: 0px; white-space: normal; word-spacing: 0px; word-wrap: break-word;\">46722,09 km,<\/span> sozusagen die Erde umrundet.<br \/>\nDas haben wir seit dem auch schon \u00f6fter wiederholt \u2013 aber es ist schon eine Herausforderung.<\/p>\n<p>In der Segelflug-Landesliga Mecklenburg-Vorpommern und in der DMSt-Landesvereinswertung sind wir immer vorn dabei.<\/p>\n<p><img loading=\"lazy\" decoding=\"async\" width=\"300\" height=\"206\" class=\"size-medium wp-image-553 alignleft\" style=\"background-color: transparent; color: #3c4858; float: left; font-family: &amp;quot; roboto&amp;quot;,&amp;quot;helvetica&amp;quot;,&amp;quot;arial&amp;quot;,sans-serif; font-size: 18px; font-style: normal; font-variant: normal; font-weight: 300; height: 206px; letter-spacing: normal; max-width: 750px; orphans: 2; text-align: left; text-decoration: none; text-indent: 0px; text-transform: none; -webkit-text-stroke-width: 0px; white-space: normal; word-spacing: 0px; margin: 0px 38.4px 38.4px 0px;\" alt=\"\" src=\"http:\/\/www.ueckerfalken.de\/uefweb18\/wp-content\/uploads\/2018\/03\/2017-Punkte-OLC-Landesliga-300x206.jpg\" srcset=\"https:\/\/www.ueckerfalken.de\/uefweb18\/wp-content\/uploads\/2018\/03\/2017-Punkte-OLC-Landesliga-300x206.jpg 300w, https:\/\/www.ueckerfalken.de\/uefweb18\/wp-content\/uploads\/2018\/03\/2017-Punkte-OLC-Landesliga-768x527.jpg 768w, https:\/\/www.ueckerfalken.de\/uefweb18\/wp-content\/uploads\/2018\/03\/2017-Punkte-OLC-Landesliga-1024x702.jpg 1024w, https:\/\/www.ueckerfalken.de\/uefweb18\/wp-content\/uploads\/2018\/03\/2017-Punkte-OLC-Landesliga.jpg 1336w\" sizes=\"auto, (max-width: 300px) 100vw, 300px\" \/><br \/>\nEbenso haben wir zahlreiche sehr gute Platzierungen in den nationalen Wettbewerben bzw. DMSt-Einzelwertung &#8211; was uns stolz macht. Aber seht selbst&#8230;<\/p>\n<p>Der Verein<\/p>\n<p style=\"text-align: center;\"><a href=\"#top\">nach oben<\/a><\/p>\n","protected":false},"excerpt":{"rendered":"<p>Der erste Segelflugstart in Pasewalk fand am 01.05.1957 statt. Aus dem fr\u00fcheren Reit\u00fcbungsplatz des K\u00fcrassier-Regiments \u201eK\u00f6nigin\u201c (Pommersches) Nr. 2 und Feldflugplatz in den letzten Kriegsmonaten 1945 war ein Ort des friedlichen Flugsports entstanden. Es galt also im Jahre 2017 den 60. Jahrestag zu feiern &#8211; haben wir getan. Seit 1957 [&hellip;]<\/p>\n","protected":false},"author":1,"featured_media":0,"parent":0,"menu_order":0,"comment_status":"closed","ping_status":"closed","template":"","meta":{"ngg_post_thumbnail":0,"footnotes":""},"class_list":["post-62","page","type-page","status-publish","hentry"],"_links":{"self":[{"href":"https:\/\/www.ueckerfalken.de\/uefweb18\/wp-json\/wp\/v2\/pages\/62","targetHints":{"allow":["GET"]}}],"collection":[{"href":"https:\/\/www.ueckerfalken.de\/uefweb18\/wp-json\/wp\/v2\/pages"}],"about":[{"href":"https:\/\/www.ueckerfalken.de\/uefweb18\/wp-json\/wp\/v2\/types\/page"}],"author":[{"embeddable":true,"href":"https:\/\/www.ueckerfalken.de\/uefweb18\/wp-json\/wp\/v2\/users\/1"}],"replies":[{"embeddable":true,"href":"https:\/\/www.ueckerfalken.de\/uefweb18\/wp-json\/wp\/v2\/comments?post=62"}],"version-history":[{"count":13,"href":"https:\/\/www.ueckerfalken.de\/uefweb18\/wp-json\/wp\/v2\/pages\/62\/revisions"}],"predecessor-version":[{"id":1977,"href":"https:\/\/www.ueckerfalken.de\/uefweb18\/wp-json\/wp\/v2\/pages\/62\/revisions\/1977"}],"wp:attachment":[{"href":"https:\/\/www.ueckerfalken.de\/uefweb18\/wp-json\/wp\/v2\/media?parent=62"}],"curies":[{"name":"wp","href":"https:\/\/api.w.org\/{rel}","templated":true}]}}