{"id":27,"date":"2018-02-24T09:20:13","date_gmt":"2018-02-24T09:20:13","guid":{"rendered":"http:\/\/www.ueckerfalken.de\/uefweb18\/?page_id=27"},"modified":"2018-04-15T09:08:59","modified_gmt":"2018-04-15T08:08:59","slug":"impressum","status":"publish","type":"page","link":"https:\/\/www.ueckerfalken.de\/uefweb18\/impressum\/","title":{"rendered":"Impressum"},"content":{"rendered":"<h2><strong>Rechtliche Hinweise:<\/strong><\/h2>\n<p>Pasewalker Luftsportclub \u201cDie Ueckerfalken\u201d e. V. \u2013 wird im folgenden<br \/>\nmit \u201cPLSC\u201d abgek\u00fcrzt.<\/p>\n<h4>Haftung<\/h4>\n<p>Der PLSC pr\u00fcft und aktualisiert fortlaufend Informationen, die auf diesen Internetseiten zur Verf\u00fcgung gestellt werden. Trotz der angewandten Sorgfalt k\u00f6nnen Daten sich zwischenzeitlich ver\u00e4ndert haben. Daher kann der PLSC keine Gew\u00e4hr f\u00fcr die Richtigkeit, Vollst\u00e4ndigkeit oder Aktualit\u00e4t der zur Verf\u00fcgung gestellten Informationen \u00fcbernehmen. Jegliche Haftung f\u00fcr Sch\u00e4den, die direkt oder indirekt aus der Benutzung dieser Internetseiten entstehen, ist ausgeschlossen, sofern diese nicht auf Vorsatz oder grober Fahrl\u00e4ssigkeit beruhen oder sofern keine Haftung aufgrund zwingender gesetzlicher Bestimmungen eintritt.<\/p>\n<h4>Urheberrechte<\/h4>\n<p>\u00a9 Pasewalker Luftsportclub \u201cDie Ueckerfalken\u201d e. V. Alle Rechte vorbehalten.<br \/>\nTexte, Bilder, Grafiken, Sounds, Animationen oder Videos sowie deren Anordnung auf diesen Internetseiten unterliegen weltweit dem Schutz des Urheberrechts und anderen Schutzgesetzen. Unerlaubte Verwendung, Reproduktion oder Weitergabe einzelner Inhalte oder kompletter Seiten k\u00f6nnen sowohl straf- als auch zivilrechtlich verfolgt werden. Der PLSC weist darauf hin, dass auf diesen Internetseiten enthaltene Bilder teilweise dem Urheberrecht Dritter unterliegen. Alle Adressen, die der PLSC auf seinen Internetseiten ver\u00f6ffentlicht, dienen ausschlie\u00dflich Informationszwecken. Eine kommerzielle Verwendung durch Dritte ist nicht gestattet.<\/p>\n<h4>Markenzeichen<\/h4>\n<p>Produkt- und Firmennamen sind Marken der jeweiligen Inhaber.<\/p>\n<h4>Externe Querverweise (\u201eLinks\u201c)<\/h4>\n<p>Der PLSC ist als Inhaltsanbieter f\u00fcr die \u201eeigenen Inhalte\u201c, die zur Nutzung bereit gehalten werden, nach den allgemeinen Gesetzen verantwortlich. Von diesen eigenen Inhalten sind Querverweise auf die von anderen Anbietern bereitgehaltenen Inhalte zu unterscheiden. Durch den Querverweis h\u00e4lt der PLSC insofern \u201efremde Inhalte\u201c zur Nutzung bereit. F\u00fcr diese fremden Inhalte ist der PLSC nur dann verantwortlich, wenn der PLSC von ihnen (d.h. auch von einem rechtswidrigen bzw. strafbaren Inhalt) positive Kenntnis hat und es dem PLSC technisch m\u00f6glich und zumutbar ist, deren Nutzung zu verhindern.<br \/>\nBei Querverweisen handelt es sich allerdings stets um \u201elebende\u201c (dynamische) Verweisungen. Mit Urteil vom 12. Mai 1998 hat das Landgericht Hamburg entschieden, dass mit Anbringung eines Links die Inhalte der gelinkten Seite ggf. mit zu verantworten sind. Dies kann \u2013 so das LG \u2013 nur dadurch verhindert werden, dass man sich von diesen Inhalten ausdr\u00fccklich distanziert. Wir haben Links zu anderen Seiten im Internet gelegt. F\u00fcr alle diese Links gilt: \u201eWir betonen, dass wir keinerlei Einfluss auf die Inhalte oder die Gestaltung der gelinkten Seiten haben. Deshalb distanzieren wir uns hiermit ausdr\u00fccklich von allen Inhalten aller Seiten, die von unseren Seiten verlinkt sind. Die Inhalte dieser Seiten machen wir uns nicht zu Eigen. Diese Erkl\u00e4rung gilt f\u00fcr alle auf unseren Seiten angebrachten Links und f\u00fcr die Inhalte aller Seiten, zu denen die angebrachten Links f\u00fchren.\u201c<\/p>\n<p>Der PLSC beh\u00e4lt sich das Recht vor, jederzeit die bereitgestellten Informationen ganz oder teilweise zu ver\u00e4ndern, zu erg\u00e4nzen oder zu entfernen.<\/p>\n<p><span style=\"display: inline !important; float: none; background-color: transparent; color: #3c4858; cursor: text; font-family: 'Roboto','Helvetica','Arial',sans-serif; font-size: 18px; font-style: normal; font-variant: normal; font-weight: 300; letter-spacing: normal; orphans: 2; text-align: left; text-decoration: none; text-indent: 0px; text-transform: none; -webkit-text-stroke-width: 0px; white-space: normal; word-spacing: 0px;\">Pasewalker Luftsportclub \u201cDie Ueckerfalken\u201d e. V.<br \/>\nFranzfelde 29<br \/>\n17309 Pasewalk<br \/>\n<\/span><\/p>\n<p><span style=\"margin: 0px; font-family: 'Calibri',sans-serif; font-size: 11pt;\"><span style=\"color: #000000;\" color=\"#000000\">Vereinsregisternummer 2115 beim Amtsgericht Neubrandenburg<\/span><\/span><\/p>\n<p style=\"text-align: center;\"><span style=\"margin: 0px; font-family: 'Calibri',sans-serif; font-size: 11pt;\"><span style=\"color: #000000;\" color=\"#000000\"><br \/>\n<a href=\"#top\">nach oben<\/a><br \/>\n<\/span><\/span><\/p>\n","protected":false},"excerpt":{"rendered":"<p>Rechtliche Hinweise: Pasewalker Luftsportclub \u201cDie Ueckerfalken\u201d e. V. \u2013 wird im folgenden mit \u201cPLSC\u201d abgek\u00fcrzt. Haftung Der PLSC pr\u00fcft und aktualisiert fortlaufend Informationen, die auf diesen Internetseiten zur Verf\u00fcgung gestellt werden. Trotz der angewandten Sorgfalt k\u00f6nnen Daten sich zwischenzeitlich ver\u00e4ndert haben. Daher kann der PLSC keine Gew\u00e4hr f\u00fcr die Richtigkeit, [&hellip;]<\/p>\n","protected":false},"author":1,"featured_media":0,"parent":0,"menu_order":0,"comment_status":"closed","ping_status":"closed","template":"","meta":{"ngg_post_thumbnail":0,"footnotes":""},"class_list":["post-27","page","type-page","status-publish","hentry"],"_links":{"self":[{"href":"https:\/\/www.ueckerfalken.de\/uefweb18\/wp-json\/wp\/v2\/pages\/27","targetHints":{"allow":["GET"]}}],"collection":[{"href":"https:\/\/www.ueckerfalken.de\/uefweb18\/wp-json\/wp\/v2\/pages"}],"about":[{"href":"https:\/\/www.ueckerfalken.de\/uefweb18\/wp-json\/wp\/v2\/types\/page"}],"author":[{"embeddable":true,"href":"https:\/\/www.ueckerfalken.de\/uefweb18\/wp-json\/wp\/v2\/users\/1"}],"replies":[{"embeddable":true,"href":"https:\/\/www.ueckerfalken.de\/uefweb18\/wp-json\/wp\/v2\/comments?post=27"}],"version-history":[{"count":8,"href":"https:\/\/www.ueckerfalken.de\/uefweb18\/wp-json\/wp\/v2\/pages\/27\/revisions"}],"predecessor-version":[{"id":851,"href":"https:\/\/www.ueckerfalken.de\/uefweb18\/wp-json\/wp\/v2\/pages\/27\/revisions\/851"}],"wp:attachment":[{"href":"https:\/\/www.ueckerfalken.de\/uefweb18\/wp-json\/wp\/v2\/media?parent=27"}],"curies":[{"name":"wp","href":"https:\/\/api.w.org\/{rel}","templated":true}]}}