{"id":1894,"date":"2025-05-01T20:11:51","date_gmt":"2025-05-01T18:11:51","guid":{"rendered":"https:\/\/www.ueckerfalken.de\/uefweb18\/?page_id=1894"},"modified":"2026-02-22T15:21:50","modified_gmt":"2026-02-22T13:21:50","slug":"cup-pomerania-2025-und-juniorenlandesmeisterschaft-mv-im-sprintfliegen","status":"publish","type":"page","link":"https:\/\/www.ueckerfalken.de\/uefweb18\/cup-pomerania-2025-und-juniorenlandesmeisterschaft-mv-im-sprintfliegen\/","title":{"rendered":"Cup Pomerania 2025 und Juniorenlandesmeisterschaft MV im Sprintfliegen"},"content":{"rendered":"\n<p>Auch dieses Jahr wird es den beliebten Cup geben.<\/p>\n\n\n\n<figure class=\"wp-block-image size-large\"><img loading=\"lazy\" decoding=\"async\" width=\"1024\" height=\"628\" src=\"https:\/\/www.ueckerfalken.de\/uefweb18\/wp-content\/uploads\/2025\/05\/Logo-Cup-Pomerania-2025-1024x628.jpg\" alt=\"\" class=\"wp-image-1927\" srcset=\"https:\/\/www.ueckerfalken.de\/uefweb18\/wp-content\/uploads\/2025\/05\/Logo-Cup-Pomerania-2025-1024x628.jpg 1024w, https:\/\/www.ueckerfalken.de\/uefweb18\/wp-content\/uploads\/2025\/05\/Logo-Cup-Pomerania-2025-300x184.jpg 300w, https:\/\/www.ueckerfalken.de\/uefweb18\/wp-content\/uploads\/2025\/05\/Logo-Cup-Pomerania-2025-768x471.jpg 768w, https:\/\/www.ueckerfalken.de\/uefweb18\/wp-content\/uploads\/2025\/05\/Logo-Cup-Pomerania-2025-1536x942.jpg 1536w, https:\/\/www.ueckerfalken.de\/uefweb18\/wp-content\/uploads\/2025\/05\/Logo-Cup-Pomerania-2025-2048x1256.jpg 2048w\" sizes=\"auto, (max-width: 1024px) 100vw, 1024px\" \/><\/figure>\n\n\n\n<p><strong>Cup Pomerania 2025<\/strong> <strong>&#8211; das Vergleichsfliegen der Segelflugvereine der Euroregion Pomerania<\/strong><\/p>\n\n\n\n<p>Das Vergleichsfliegen im Streckensegelflug unter Beteiligung deutscher und polnischer Segelflieger hat den Zweck des gegenseitigen Kennenlernens und Erfahrungsaustausch, sowie der Vertiefung bereits bestehender Zusammenarbeit der Vereine. Der Wettbewerb wird wieder in einer sportlich fairen und anspruchsvollen Atmosph\u00e4re ausgetragen und dient zur F\u00f6rderung junger Leistungssegelflieger.<br>Die Juniorenlandesmeisterschaft MV im Sprintfliegen ist ein Segelflugwettbewerb zur Ermittlung des Landesmeisters.<\/p>\n\n\n\n<p><br>Geflogen wird in einer Klasse mit Index-Wertung und die Auswertung erfolgt \u00fcber WeGlide.<\/p>\n\n\n\n<p><strong>Ort: <\/strong>Flugplatz Pasewalk-Franzfelde<\/p>\n\n\n\n<p><strong>Anmeldungen:<\/strong> bis 31.03.2025<br><strong>Teilnahmebest\u00e4tigung:<\/strong> bis 10.04.2025<br><br><strong>Trainingsm\u00f6glichkeit:<\/strong> 26.04. &#8211; 30.04.2025<br><strong>Wertungsflugtage:<\/strong> 01.05. &#8211; 04.05.2025<\/p>\n\n\n\n<figure class=\"wp-block-image size-full\"><a href=\"http:\/\/www.ueckerfalken.de\/uefweb18\/wp-content\/uploads\/2025\/05\/Ausschreibung-Cup-Pomerania2025-V1.pdf\" target=\"_blank\" rel=\" noreferrer noopener\"><img loading=\"lazy\" decoding=\"async\" width=\"100\" height=\"98\" src=\"http:\/\/www.ueckerfalken.de\/uefweb18\/wp-content\/uploads\/2018\/02\/Symbol-pdf-Download-e1522360160352.jpg\" alt=\"\" class=\"wp-image-580\"\/><\/a><figcaption class=\"wp-element-caption\">Ausschreibung Cup Pomerania 2025<\/figcaption><\/figure>\n\n\n\n<hr class=\"wp-block-separator has-alpha-channel-opacity\"\/>\n\n\n\n<figure class=\"wp-block-image size-full\"><a href=\"http:\/\/www.ueckerfalken.de\/uefweb18\/wp-content\/uploads\/2025\/05\/Ausscheibung-Landesjuniorenmeisterschaft-2025-V1.pdf\" target=\"_blank\" rel=\" noreferrer noopener\"><img loading=\"lazy\" decoding=\"async\" width=\"100\" height=\"98\" src=\"http:\/\/www.ueckerfalken.de\/uefweb18\/wp-content\/uploads\/2018\/02\/Symbol-pdf-Download-e1522360160352.jpg\" alt=\"\" class=\"wp-image-580\"\/><\/a><figcaption class=\"wp-element-caption\">Ausschreibung Juniorenlandesmeisterschaft MV im Sprintfliegen<\/figcaption><\/figure>\n\n\n\n<hr class=\"wp-block-separator has-alpha-channel-opacity\"\/>\n\n\n\n<p><strong>Euroregion Pomerania:<\/strong><\/p>\n\n\n\n<figure class=\"wp-block-image size-full\"><img loading=\"lazy\" decoding=\"async\" width=\"600\" height=\"488\" src=\"http:\/\/www.ueckerfalken.de\/uefweb18\/wp-content\/uploads\/2020\/02\/Euroregion_Pomerania_2014-ff.jpg\" alt=\"\" class=\"wp-image-1231\" srcset=\"https:\/\/www.ueckerfalken.de\/uefweb18\/wp-content\/uploads\/2020\/02\/Euroregion_Pomerania_2014-ff.jpg 600w, https:\/\/www.ueckerfalken.de\/uefweb18\/wp-content\/uploads\/2020\/02\/Euroregion_Pomerania_2014-ff-300x244.jpg 300w\" sizes=\"auto, (max-width: 600px) 100vw, 600px\" \/><\/figure>\n\n\n\n<p>Die Euroregion POMERANIA erstreckt sich \u00fcber die deutsch-polnische L\u00e4ndergrenze. Sie umfasst derzeit das Gebiet der Wojewodschaft Westpommern im Nordwesten Polens sowie Landkreise und St\u00e4dte Nordostdeutschlands, mit einer Fl\u00e4che von ca.&nbsp; 35.500 km\u00b2 und etwa 2,7 Mio. Einwohnern. Mit der Schaffung der Euroregion Pomerania wurde ein wichtiger Beitrag zur V\u00f6lkerverst\u00e4ndigung geleistet.<br>Am 15. Dezember 1995 kam es zum Vertragsschluss zwischen den Kommunalverb\u00e4nden.<\/p>\n\n\n\n<p>Die vorrangigen Ziele der Zusammenarbeit in der Euroregion Pomerania liegen in folgenden Bereichen:<br>\u2022Bildung, Aus- und Weiterbildung (wozu z. B. auch die Segelflugausbildung z\u00e4hlt),<br>\u2022Wissenschaft, Forschung und Wirtschaft,<br>\u2022grenz\u00fcberschreitender Arbeitsmarkt,<br><br><\/p>\n","protected":false},"excerpt":{"rendered":"<p>Auch dieses Jahr wird es den beliebten Cup geben. Cup Pomerania 2025 &#8211; das Vergleichsfliegen der Segelflugvereine der Euroregion Pomerania Das Vergleichsfliegen im Streckensegelflug unter Beteiligung deutscher und polnischer Segelflieger hat den Zweck des gegenseitigen Kennenlernens und Erfahrungsaustausch, sowie der Vertiefung bereits bestehender Zusammenarbeit der Vereine. Der Wettbewerb wird wieder [&hellip;]<\/p>\n","protected":false},"author":1,"featured_media":0,"parent":0,"menu_order":0,"comment_status":"closed","ping_status":"closed","template":"","meta":{"ngg_post_thumbnail":0,"footnotes":""},"class_list":["post-1894","page","type-page","status-publish","hentry"],"_links":{"self":[{"href":"https:\/\/www.ueckerfalken.de\/uefweb18\/wp-json\/wp\/v2\/pages\/1894","targetHints":{"allow":["GET"]}}],"collection":[{"href":"https:\/\/www.ueckerfalken.de\/uefweb18\/wp-json\/wp\/v2\/pages"}],"about":[{"href":"https:\/\/www.ueckerfalken.de\/uefweb18\/wp-json\/wp\/v2\/types\/page"}],"author":[{"embeddable":true,"href":"https:\/\/www.ueckerfalken.de\/uefweb18\/wp-json\/wp\/v2\/users\/1"}],"replies":[{"embeddable":true,"href":"https:\/\/www.ueckerfalken.de\/uefweb18\/wp-json\/wp\/v2\/comments?post=1894"}],"version-history":[{"count":13,"href":"https:\/\/www.ueckerfalken.de\/uefweb18\/wp-json\/wp\/v2\/pages\/1894\/revisions"}],"predecessor-version":[{"id":1934,"href":"https:\/\/www.ueckerfalken.de\/uefweb18\/wp-json\/wp\/v2\/pages\/1894\/revisions\/1934"}],"wp:attachment":[{"href":"https:\/\/www.ueckerfalken.de\/uefweb18\/wp-json\/wp\/v2\/media?parent=1894"}],"curies":[{"name":"wp","href":"https:\/\/api.w.org\/{rel}","templated":true}]}}