{"id":1768,"date":"2024-02-04T21:50:19","date_gmt":"2024-02-04T19:50:19","guid":{"rendered":"http:\/\/www.ueckerfalken.de\/uefweb18\/?page_id=1768"},"modified":"2024-08-04T20:53:26","modified_gmt":"2024-08-04T18:53:26","slug":"juniorenlandesmeisterschaft-m-v-im-streckensegelflug-2024","status":"publish","type":"page","link":"https:\/\/www.ueckerfalken.de\/uefweb18\/veranstaltungen\/juniorenlandesmeisterschaft-m-v-im-streckensegelflug-2024\/","title":{"rendered":"Juniorenlandesmeisterschaft M-V im Streckensegelflug 2024 abgesagt aber&#8230;"},"content":{"rendered":"\n<figure class=\"wp-block-image size-large is-style-rounded\"><img loading=\"lazy\" decoding=\"async\" width=\"1024\" height=\"576\" src=\"http:\/\/www.ueckerfalken.de\/uefweb18\/wp-content\/uploads\/2024\/02\/IMG_20220416_141645-1024x576.jpg\" alt=\"\" class=\"wp-image-1775\" style=\"aspect-ratio:16\/9;object-fit:contain\" srcset=\"https:\/\/www.ueckerfalken.de\/uefweb18\/wp-content\/uploads\/2024\/02\/IMG_20220416_141645-1024x576.jpg 1024w, https:\/\/www.ueckerfalken.de\/uefweb18\/wp-content\/uploads\/2024\/02\/IMG_20220416_141645-300x169.jpg 300w, https:\/\/www.ueckerfalken.de\/uefweb18\/wp-content\/uploads\/2024\/02\/IMG_20220416_141645-768x432.jpg 768w, https:\/\/www.ueckerfalken.de\/uefweb18\/wp-content\/uploads\/2024\/02\/IMG_20220416_141645-1536x864.jpg 1536w, https:\/\/www.ueckerfalken.de\/uefweb18\/wp-content\/uploads\/2024\/02\/IMG_20220416_141645-2048x1152.jpg 2048w\" sizes=\"auto, (max-width: 1024px) 100vw, 1024px\" \/><\/figure>\n\n\n\n<h3 class=\"wp-block-heading\" id=\"leider-musste-der-cup-pomerania-in-pasewalk-wegen-der-entwicklungen-um-die-covid-19-pandemie-in-den-jahren-2020-und-2021-abgesagt-werden-nun-soll-er-2022-stattfinden-bis-dahin-bringen-auch-wir-weiter-unseren-beitrag-zur-verringerung-der-ausbreitungsgefahr-des-corona-virus-bleibt-gesund-der-verein\">Dieses Jahr sollte die Juniorenlandesmeisterschaft M-V im Streckensegelflug vom Flugplatz Pasewalk aus erflogen werden.<br>Wegen zu geringer Teilnahmemeldungen mussten wir sie jetzt jedoch absagen, aber daf\u00fcr gibt es f\u00fcr interessierte Streckenflieger aller Altersklassen und unabh\u00e4ngig von der Streckenflugerfahrung in der Zeit vom 10.-18.08.24 ein Streckenflug-Fliegerlager bei uns.<br>Anmeldungen bitte bei Eric Sobis \u00fcber<br><a href=\"mailto:e.sobis@t-online.de\">e.sobis@t-online.de<\/a> oder <a href=\"mailto:ueckerfalken@t-online.de\">ueckerfalken@t-online.de<\/a><\/h3>\n\n\n\n<p>Wir freuen uns auf Eure Anmeldungen!<\/p>\n\n\n\n<hr class=\"wp-block-separator has-alpha-channel-opacity\"\/>\n\n\n\n<p><s><strong>Veranstalter <\/strong>ist die Segelflugkommission des Luftsportverband Mecklenburg-Vorpommern<\/s><br><br><s><strong>Ausrichter<\/strong> sind wir, der Pasewalker Luftsportclub \u201eDie Ueckerfalken\u201c e. V.<\/s><\/p>\n\n\n\n<hr class=\"wp-block-separator has-alpha-channel-opacity\"\/>\n\n\n\n<p><s>Die Landesmeisterschaft dient der F\u00f6rderung des Streckensegelfluges und Wettbewerbssegelfluges und nat\u00fcrlich der Jugendf\u00f6rderung im Leistungssegelflug. Es ist zugleich ein gegenseitiges Kennenlernen in fr\u00f6hlich-sportlicher Umgebung und ein Erfahrungsaustausch der jungen Piloten unseres Landes. Der Wettbewerb wird in einer sportlich fairen Atmosph\u00e4re ausgetragen und ist Flugsportfreude f\u00fcr unserer junger Leistungssegelflieger.<br><br>Geflogen wird mit Index-Wertung und die Auswertung erfolgt \u00fcber WeGlide.<\/s><\/p>\n\n\n\n<p><s><strong>Ort: <\/strong>Flugplatz Pasewalk-Franzfelde<\/s><\/p>\n\n\n\n<p><s><strong>Anmeldungen:<\/strong> bis 15.07.2024<br><strong>Teilnahmebest\u00e4tigung:<\/strong> bis 31.07.2024<br><br><strong>Trainingsm\u00f6glichkeit:<\/strong> nach individueller Absprache<br><strong>Wertungsflugtage:<\/strong> 17.08. &#8211; 25.08.2024<br>Siegerehrung: 25.08.2024, ab 20.00 Uhr<\/s><\/p>\n\n\n\n<p><s>F\u00fcr alle weiteren Details schaut bitte in die Ausschreibungsunterlagen.<\/s><\/p>\n\n\n\n<hr class=\"wp-block-separator has-alpha-channel-opacity\"\/>\n\n\n\n<figure class=\"wp-block-image size-full\"><a href=\"http:\/\/www.ueckerfalken.de\/uefweb18\/wp-content\/uploads\/2024\/02\/Ausschreibung-Junioren-LM-M-V-im-Streckensegelflug-2024.pdf\" target=\"_blank\" rel=\"noreferrer noopener\"><img loading=\"lazy\" decoding=\"async\" width=\"100\" height=\"98\" src=\"http:\/\/www.ueckerfalken.de\/uefweb18\/wp-content\/uploads\/2018\/02\/Symbol-pdf-Download-e1522360160352.jpg\" alt=\"\" class=\"wp-image-580\"\/><\/a><figcaption class=\"wp-element-caption\"><s>Ausschreibung Juniorenlandesmeisterschaft M-V im Streckensegelflug 2024<\/s><\/figcaption><\/figure>\n\n\n\n<hr class=\"wp-block-separator has-alpha-channel-opacity\"\/>\n\n\n\n<p><\/p>\n","protected":false},"excerpt":{"rendered":"<p>Dieses Jahr sollte die Juniorenlandesmeisterschaft M-V im Streckensegelflug vom Flugplatz Pasewalk aus erflogen werden.Wegen zu geringer Teilnahmemeldungen mussten wir sie jetzt jedoch absagen, aber daf\u00fcr gibt es f\u00fcr interessierte Streckenflieger aller Altersklassen und unabh\u00e4ngig von der Streckenflugerfahrung in der Zeit vom 10.-18.08.24 ein Streckenflug-Fliegerlager bei uns.Anmeldungen bitte bei Eric Sobis [&hellip;]<\/p>\n","protected":false},"author":1,"featured_media":0,"parent":8,"menu_order":4,"comment_status":"closed","ping_status":"closed","template":"","meta":{"ngg_post_thumbnail":0,"footnotes":""},"class_list":["post-1768","page","type-page","status-publish","hentry"],"_links":{"self":[{"href":"https:\/\/www.ueckerfalken.de\/uefweb18\/wp-json\/wp\/v2\/pages\/1768","targetHints":{"allow":["GET"]}}],"collection":[{"href":"https:\/\/www.ueckerfalken.de\/uefweb18\/wp-json\/wp\/v2\/pages"}],"about":[{"href":"https:\/\/www.ueckerfalken.de\/uefweb18\/wp-json\/wp\/v2\/types\/page"}],"author":[{"embeddable":true,"href":"https:\/\/www.ueckerfalken.de\/uefweb18\/wp-json\/wp\/v2\/users\/1"}],"replies":[{"embeddable":true,"href":"https:\/\/www.ueckerfalken.de\/uefweb18\/wp-json\/wp\/v2\/comments?post=1768"}],"version-history":[{"count":11,"href":"https:\/\/www.ueckerfalken.de\/uefweb18\/wp-json\/wp\/v2\/pages\/1768\/revisions"}],"predecessor-version":[{"id":1863,"href":"https:\/\/www.ueckerfalken.de\/uefweb18\/wp-json\/wp\/v2\/pages\/1768\/revisions\/1863"}],"up":[{"embeddable":true,"href":"https:\/\/www.ueckerfalken.de\/uefweb18\/wp-json\/wp\/v2\/pages\/8"}],"wp:attachment":[{"href":"https:\/\/www.ueckerfalken.de\/uefweb18\/wp-json\/wp\/v2\/media?parent=1768"}],"curies":[{"name":"wp","href":"https:\/\/api.w.org\/{rel}","templated":true}]}}