{"id":139,"date":"2018-03-23T19:29:32","date_gmt":"2018-03-23T18:29:32","guid":{"rendered":"http:\/\/www.ueckerfalken.de\/uefweb18\/?page_id=139"},"modified":"2018-03-25T16:00:57","modified_gmt":"2018-03-25T15:00:57","slug":"gaestebuch","status":"publish","type":"page","link":"https:\/\/www.ueckerfalken.de\/uefweb18\/gaestebuch\/","title":{"rendered":"G\u00e4stebuch"},"content":{"rendered":"<div class=\"gwolle-gb\"><div class=\"gwolle-gb-messages-top-container\"><\/div>\n\t\t\t<div class=\"gwolle-gb-write-button\">\n\t\t\t\t<input type=\"button\" name=\"gwolle-gb-write-button\" class=\"button btn btn-default \" value=\"Neuen Eintrag schreiben\" aria-expanded=\"false\" \/>\n\t\t\t<\/div>\n\t\t\t<form action=\"#\" method=\"POST\" class=\"gwolle-gb-write gwolle-gb-hide gwolle-gb-float gwolle-gb-form-ajax gwolle-gb-ajax gwolle-gb-not-logged-in\">\n\t\t\t\t<h3>Einen neuen Eintrag f\u00fcr das G\u00e4stebuch schreiben<\/h3>\n\t\t\t\t<button type=\"button\" class=\"gb-notice-dismiss\">x<span class=\"screen-reader-text\">Dieses Formular ausblenden<\/span><\/button>\n\t\t\t\n\t\t\t\t<input type=\"hidden\" name=\"gwolle_gb_function\" class=\"gwolle_gb_function\" value=\"add_entry\" \/><input type=\"hidden\" name=\"gwolle_gb_book_id\" class=\"gwolle_gb_book_id\" value=\"1\" \/><div class=\"gwolle_gb_bb7166003aed58aa63c631efccb7509b\">\n\t\t\t\t<div class=\"label\"><label for=\"gwolle_gb_bb7166003aed58aa63c631efccb7509b-1\" class=\"text-info\">Name <span class=\"required\">*<\/span><\/label><\/div>\n\t\t\t\t<div class=\"input\"><input class=\"wp-exclude-emoji gwolle_gb_bb7166003aed58aa63c631efccb7509b\" value=\"\" type=\"text\" id=\"gwolle_gb_bb7166003aed58aa63c631efccb7509b-1\" name=\"gwolle_gb_bb7166003aed58aa63c631efccb7509b\" required \/><\/div>\n\t\t\t\t<div class=\"clearBoth\">&nbsp;<\/div>\n\t\t\t<\/div><div class=\"gwolle_gb_f67095b857562ba4c06b8d5c6cf4747e\">\n\t\t\t\t\t<div class=\"label\"><label for=\"gwolle_gb_f67095b857562ba4c06b8d5c6cf4747e-1\" class=\"text-info\">Stadt<\/label><\/div>\n\t\t\t\t\t<div class=\"input\"><input class=\"wp-exclude-emoji gwolle_gb_f67095b857562ba4c06b8d5c6cf4747e\" value=\"\" type=\"text\" id=\"gwolle_gb_f67095b857562ba4c06b8d5c6cf4747e-1\" name=\"gwolle_gb_f67095b857562ba4c06b8d5c6cf4747e\" \/><\/div>\n\t\t\t\t\t<div class=\"clearBoth\">&nbsp;<\/div>\n\t\t\t\t<\/div><div class=\"gwolle_gb_3fb9c1ad6634f556d9a9b5cf2b554c97\">\n\t\t\t\t<div class=\"label\"><label for=\"gwolle_gb_3fb9c1ad6634f556d9a9b5cf2b554c97-1\" class=\"text-info\">E-Mail <span class=\"required\">*<\/span><\/label><\/div>\n\t\t\t\t<div class=\"input\"><input class=\"gwolle_gb_3fb9c1ad6634f556d9a9b5cf2b554c97\" value=\"\" type=\"email\" id=\"gwolle_gb_3fb9c1ad6634f556d9a9b5cf2b554c97-1\" name=\"gwolle_gb_3fb9c1ad6634f556d9a9b5cf2b554c97\" required \/><\/div>\n\t\t\t\t<div class=\"clearBoth\">&nbsp;<\/div>\n\t\t\t<\/div>\n\t\t\t<div class=\"gwolle_gb_2750c6519dffc358542197a40c8ac475\" style=\"display:none;overflow:hidden;\" hidden=\"true\" aria-hidden=\"true\">\n\t\t\t\t<div class=\"label\">\n\t\t\t\t\t<label for=\"gwolle_gb_2750c6519dffc358542197a40c8ac475-1\" class=\"text-primary\">Hier nichts eingeben<\/label>\n\t\t\t\t\t<label for=\"gwolle_gb_7120bdf9f7b7fccff5c0463e90625c4c-1\" class=\"text-primary\">Hier nichts eingeben<\/label>\n\t\t\t\t<\/div>\n\t\t\t\t<div class=\"input\">\n\t\t\t\t\t<input value=\"56937\" type=\"text\" id=\"gwolle_gb_2750c6519dffc358542197a40c8ac475-1\" name=\"gwolle_gb_2750c6519dffc358542197a40c8ac475\" class=\"gwolle_gb_2750c6519dffc358542197a40c8ac475\" style=\"transform: translateY(10000px);\" \/>\n\t\t\t\t\t<input value=\"56937\" type=\"text\"id=\"gwolle_gb_7120bdf9f7b7fccff5c0463e90625c4c-1\" name=\"gwolle_gb_7120bdf9f7b7fccff5c0463e90625c4c\" class=\"gwolle_gb_7120bdf9f7b7fccff5c0463e90625c4c\" style=\"transform: translateY(10000px);\" \/>\n\t\t\t\t<\/div>\n\t\t\t\t<div class=\"clearBoth\"><\/div>\n\t\t\t<\/div><div class=\"gwolle_gb_content\">\n\t\t\t\t<div class=\"label\"><label for=\"gwolle_gb_content-1\" class=\"text-info\">G\u00e4stebucheintrag <span class=\"required\">*<\/span><\/label><\/div>\n\t\t\t\t<div class=\"input\"><textarea id=\"gwolle_gb_content-1\" name=\"gwolle_gb_content\" class=\"gwolle_gb_content wp-exclude-emoji\" required ><\/textarea><\/div>\n\t\t\t\t\t<div class=\"clearBoth\">&nbsp;<\/div>\n\t\t\t\t<\/div>\n\t\t\t\t<div class=\"gwolle_gb_antispam gwolle-gb-antispam\">\n\t\t\t\t\t<div class=\"label\">\n\t\t\t\t\t\t<label for=\"gwolle_gb_3cd2383332bd8d1c6d15f59cd1592ace-1\" class=\"text-info\">Frage: 18 + drei = <span class=\"required\">*<\/span><\/label>\n\t\t\t\t\t<\/div>\n\t\t\t\t\t<div class=\"input\"><input class=\"gwolle_gb_3cd2383332bd8d1c6d15f59cd1592ace\" value=\"\" type=\"text\" id=\"gwolle_gb_3cd2383332bd8d1c6d15f59cd1592ace-1\" name=\"gwolle_gb_3cd2383332bd8d1c6d15f59cd1592ace\" required \/>\n\t\t\t\t\t\t<\/div>\n\t\t\t\t\t\t<div class=\"clearBoth\">&nbsp;<\/div>\n\t\t\t\t\t<\/div><input type=\"hidden\" class=\"gwolle_gb_435c0214f6b603eefef98bd94fba138f\" id=\"gwolle_gb_435c0214f6b603eefef98bd94fba138f-1\" name=\"gwolle_gb_435c0214f6b603eefef98bd94fba138f\" value=\"b42c3d0d4d\" \/>\n\t\t\t<div class=\"gwolle-gb-messages-bottom-container\"><\/div>\n\n\t\t\t<noscript><div class=\"no-js\">Warnung: Dieses Formular kann nur verwendet werden, wenn in deinem Browser JavaScript aktiviert ist.<\/div><\/noscript>\n\n\t\t\t<div class=\"gwolle_gb_submit gwolle-gb-submit\">\n\t\t\t\t<div class=\"label gwolle-gb-invisible text-muted\">&nbsp;<\/div>\n\t\t\t\t<div class=\"input\">\n\t\t\t\t\t<input type=\"submit\" name=\"gwolle_gb_submit\" class=\"gwolle_gb_submit button btn btn-primary \" value=\"Absenden\" \/>\n\t\t\t\t\t<span class=\"gwolle_gb_submit_ajax_icon gwolle-gb-submit-ajax-icon\"><\/span>\n\t\t\t\n\t\t\t\t<\/div>\n\t\t\t\t<div class=\"clearBoth\">&nbsp;<\/div>\n\t\t\t<\/div>\n\n\t\t\t<div class=\"gwolle_gb_notice gwolle-gb-notice\">\n\t\t\t\tMit * gekennzeichnete Felder sind Pflichtfelder.<br \/>\r\nDie E-Mail-Adresse wird nicht ver\u00f6ffentlicht.<br \/>\r\nAus Sicherheitsgr\u00fcnden speichern wir die benutzte IP-Adresse 216.73.216.117. Ihr Eintrag wird erst sichtbar, nachdem wir ihn gepr\u00fcft haben. Wir behalten uns das Recht vor, Eintr\u00e4ge nicht zu ver\u00f6ffentlichen bzw. bei versto\u00df gegen Rechte zu l\u00f6schen.\n\t\t\t<\/div><\/form><div class=\"gwolle-gb-read gwolle-gb-ajax gwolle-gb-entries-list\" data-book_id=\"1\" data-page_id=\"1\">\n\t\t<div id=\"gwolle-gb-total\" class=\"gwolle-gb-total\">1 Eintrag<\/div><!-- Gwolle-GB Entry: Default Template Loaded -->\n\t\t\t\t<div class=\"gb-entry gb-entry_1 gb-entry-count_1 gwolle-gb-uneven gwolle-gb-first\" id=\"gb-entry_1\" data-entry_id=\"1\">\n\t\t\t\t<article>\n\t\t\t\t\t<div class=\"gb-author-info\">\n\t\t\t\t\t\t<span class=\"gb-author-avatar\"><img referrerpolicy=\"no-referrer\" alt='Martin' src='https:\/\/secure.gravatar.com\/avatar\/92eb02a7776ac05113a99b85bd3daa345cf4e6e1df3e06120187621b12bd6e0d?s=32&#038;d=mm&#038;r=g' srcset='https:\/\/secure.gravatar.com\/avatar\/92eb02a7776ac05113a99b85bd3daa345cf4e6e1df3e06120187621b12bd6e0d?s=64&#038;d=mm&#038;r=g 2x' class='avatar avatar-32 photo' height='32' width='32' \/><\/span>\n\t\t\t\t\t\t<span class=\"gb-author-name\"><i class=\"gb-moderator\">Martin<\/i>\n\t\t\t\t\t\t<\/span>\n\t\t\t\t\t\t<span class=\"gb-author-origin\">\n\t\t\t\t\t\t\t<span class=\"gb-author-origin-from-text\"> aus<\/span>\n\t\t\t\t\t\t\t<span class=\"gb-author-origin-text\"> Halle\/Saale<\/span>\n\t\t\t\t\t\t<\/span>\n\t\t\t\t\t\t<span class=\"gb-datetime\">\n\t\t\t\t\t\t\t<span class=\"gb-date\"><span class=\"gb-date-wrote-text\"> schrieb am<\/span><span class=\"gb-date-text\"> 25\/01\/2018<\/span>\n\t\t\t\t\t\t\t<\/span><span class=\"gb-time\">\n\t\t\t\t\t\t\t\t\t<span class=\"gb-time-at-text\"> um<\/span>\n\t\t\t\t\t\t\t\t\t<span class=\"gb-time-text\"> 15:47<\/span>\n\t\t\t\t\t\t\t\t<\/span>\n\t\t\t\t\t\t<\/span> \n\t\t\t\t\t<\/div>\n\t\t\t\t\t<div class=\"gb-entry-content\">\n\t\t\t\t\t\t<div class=\"gb-entry-excerpt\">Hallo Ueckerfalken, was f\u00fcr eine sch\u00f6ne Webseite hab ihr denn da. War gerade so am Rumst\u00f6bern auf Vereinsseiten und... Die habe ich gleich mal in meine Favoriten gelegt. Gr\u00fc\u00dfe Martin<\/div>\n\t\t\t\t\t\t<div class=\"gb-entry-full-content gwolle-gb-hide\">Hallo Ueckerfalken,\r\nwas f\u00fcr eine sch\u00f6ne Webseite hab ihr denn da.\r\nWar gerade so am Rumst\u00f6bern auf Vereinsseiten und...\r\nDie habe ich gleich mal in meine Favoriten gelegt.\r\nGr\u00fc\u00dfe\r\nMartin... <a href=\"#\" class=\"gwolle-gb-readless\" title=\"Collapse this entry again\">Einklappen<\/a><\/div>\n\t\t\t\t\t<\/div>\n\t\t\t\t<\/article>\n\t\t\t<\/div>\n\t\t\t<\/div><\/div>\n","protected":false},"excerpt":{"rendered":"","protected":false},"author":1,"featured_media":0,"parent":0,"menu_order":0,"comment_status":"closed","ping_status":"closed","template":"","meta":{"ngg_post_thumbnail":0,"footnotes":""},"class_list":["post-139","page","type-page","status-publish","hentry"],"_links":{"self":[{"href":"https:\/\/www.ueckerfalken.de\/uefweb18\/wp-json\/wp\/v2\/pages\/139","targetHints":{"allow":["GET"]}}],"collection":[{"href":"https:\/\/www.ueckerfalken.de\/uefweb18\/wp-json\/wp\/v2\/pages"}],"about":[{"href":"https:\/\/www.ueckerfalken.de\/uefweb18\/wp-json\/wp\/v2\/types\/page"}],"author":[{"embeddable":true,"href":"https:\/\/www.ueckerfalken.de\/uefweb18\/wp-json\/wp\/v2\/users\/1"}],"replies":[{"embeddable":true,"href":"https:\/\/www.ueckerfalken.de\/uefweb18\/wp-json\/wp\/v2\/comments?post=139"}],"version-history":[{"count":2,"href":"https:\/\/www.ueckerfalken.de\/uefweb18\/wp-json\/wp\/v2\/pages\/139\/revisions"}],"predecessor-version":[{"id":276,"href":"https:\/\/www.ueckerfalken.de\/uefweb18\/wp-json\/wp\/v2\/pages\/139\/revisions\/276"}],"wp:attachment":[{"href":"https:\/\/www.ueckerfalken.de\/uefweb18\/wp-json\/wp\/v2\/media?parent=139"}],"curies":[{"name":"wp","href":"https:\/\/api.w.org\/{rel}","templated":true}]}}