{"id":1226,"date":"2022-12-30T12:10:49","date_gmt":"2022-12-30T10:10:49","guid":{"rendered":"http:\/\/www.ueckerfalken.de\/uefweb18\/?page_id=1226"},"modified":"2024-02-03T08:38:24","modified_gmt":"2024-02-03T06:38:24","slug":"cup-pomerania-01-03-05-2020","status":"publish","type":"page","link":"https:\/\/www.ueckerfalken.de\/uefweb18\/veranstaltungen\/cup-pomerania-01-03-05-2020\/","title":{"rendered":"Cup Pomerania 2023 und Juniorenlandesmeisterschaft im Sprintfliegen 2023"},"content":{"rendered":"\n<h3 class=\"wp-block-heading\" id=\"leider-musste-der-cup-pomerania-in-pasewalk-wegen-der-entwicklungen-um-die-covid-19-pandemie-in-den-jahren-2020-und-2021-abgesagt-werden-nun-soll-er-2022-stattfinden-bis-dahin-bringen-auch-wir-weiter-unseren-beitrag-zur-verringerung-der-ausbreitungsgefahr-des-corona-virus-bleibt-gesund-der-verein\">Im letzten Jahr fand der beliebte Cup statt.<br>Nun soll es 2023 eine Fortsetzung geben.<br>Zeitgleich wird auch die Juniorenlandesmeisterschaft durchgef\u00fchrt.<\/h3>\n\n\n\n<hr class=\"wp-block-separator has-alpha-channel-opacity\"\/>\n\n\n\n<figure class=\"wp-block-image size-large is-resized\"><img loading=\"lazy\" decoding=\"async\" width=\"1024\" height=\"628\" src=\"http:\/\/www.ueckerfalken.de\/uefweb18\/wp-content\/uploads\/2023\/01\/Logo-Cup-Pomerania-2023-1024x628.jpg\" alt=\"\" class=\"wp-image-1720\" style=\"width:768px;height:471px\" srcset=\"https:\/\/www.ueckerfalken.de\/uefweb18\/wp-content\/uploads\/2023\/01\/Logo-Cup-Pomerania-2023-1024x628.jpg 1024w, https:\/\/www.ueckerfalken.de\/uefweb18\/wp-content\/uploads\/2023\/01\/Logo-Cup-Pomerania-2023-300x184.jpg 300w, https:\/\/www.ueckerfalken.de\/uefweb18\/wp-content\/uploads\/2023\/01\/Logo-Cup-Pomerania-2023-768x471.jpg 768w, https:\/\/www.ueckerfalken.de\/uefweb18\/wp-content\/uploads\/2023\/01\/Logo-Cup-Pomerania-2023-1536x942.jpg 1536w, https:\/\/www.ueckerfalken.de\/uefweb18\/wp-content\/uploads\/2023\/01\/Logo-Cup-Pomerania-2023-2048x1256.jpg 2048w\" sizes=\"auto, (max-width: 1024px) 100vw, 1024px\" \/><\/figure>\n\n\n\n<hr class=\"wp-block-separator has-alpha-channel-opacity\"\/>\n\n\n\n<p><strong>Cup Pomerania 2023<\/strong> <strong>&#8211; das Vergleichsfliegen der Segelflugvereine der Euroregion Pomerania<\/strong><\/p>\n\n\n\n<p>Das Vergleichsfliegen im Streckensegelflug unter Beteiligung deutscher und polnischer Segelflieger hat den Zweck des gegenseitigen Kennenlernens und Erfahrungsaustausch, sowie der Vertiefung bereits bestehender Zusammenarbeit der Vereine. Der Wettbewerb wird wieder in einer sportlich fairen und anspruchsvollen Atmosph\u00e4re ausgetragen und dient zur F\u00f6rderung junger Leistungssegelflieger.<br> geflogen wird:<\/p>\n\n\n\n<ul class=\"wp-block-list\">\n<li>in einer Klasse mit Index-Wertung<\/li>\n<\/ul>\n\n\n\n<p><strong>Ort: <\/strong>Flugplatz Pasewalk-Franzfelde<\/p>\n\n\n\n<p><strong>Anmeldungen:<\/strong>  bis 31.03.2023<br><strong>Teilnahmebest\u00e4tigung:<\/strong> bis 10.04.2023<br><br><strong>Trainingsm\u00f6glichkeit:<\/strong> 24.04. &#8211; 28.04.2023<br><strong>Wertungsflugtage:<\/strong> 29.04. &#8211; 02.05.2023<\/p>\n\n\n\n<hr class=\"wp-block-separator has-alpha-channel-opacity\"\/>\n\n\n\n<figure class=\"wp-block-image size-full\"><a href=\"http:\/\/www.ueckerfalken.de\/uefweb18\/wp-content\/uploads\/2023\/01\/Ausschreibung-Cup-Pomerania_2023.pdf\" target=\"_blank\" rel=\"noreferrer noopener\"><img loading=\"lazy\" decoding=\"async\" width=\"100\" height=\"98\" src=\"http:\/\/www.ueckerfalken.de\/uefweb18\/wp-content\/uploads\/2018\/02\/Symbol-pdf-Download-e1522360160352.jpg\" alt=\"\" class=\"wp-image-580\"\/><\/a><figcaption class=\"wp-element-caption\">Ausschreibung Cup Pomerania 2023<\/figcaption><\/figure>\n\n\n\n<hr class=\"wp-block-separator has-alpha-channel-opacity\"\/>\n\n\n\n<figure class=\"wp-block-image size-full\"><a href=\"http:\/\/www.ueckerfalken.de\/uefweb18\/wp-content\/uploads\/2023\/01\/Ausscheibung-Juniorenlandesmeisterschaft-2023.pdf\" target=\"_blank\" rel=\"noreferrer noopener\"><img loading=\"lazy\" decoding=\"async\" width=\"100\" height=\"98\" src=\"http:\/\/www.ueckerfalken.de\/uefweb18\/wp-content\/uploads\/2018\/02\/Symbol-pdf-Download-e1522360160352.jpg\" alt=\"\" class=\"wp-image-580\"\/><\/a><figcaption class=\"wp-element-caption\">Ausschreibung Juniorenlandesmeisterschaft im Sprintfliegen 2023<\/figcaption><\/figure>\n\n\n\n<hr class=\"wp-block-separator has-alpha-channel-opacity\"\/>\n\n\n\n<p><strong>Euroregion Pomerania:<\/strong><\/p>\n\n\n\n<p>Die Euroregion POMERANIA erstreckt sich \u00fcber die deutsch-polnische L\u00e4ndergrenze. Sie umfasst derzeit das Gebiet der Wojewodschaft Westpommern im Nordwesten Polens sowie Landkreise und St\u00e4dte Nordostdeutschlands, mit einer Fl\u00e4che von ca.&nbsp; 35.500 km\u00b2 und etwa 2,7 Mio. Einwohnern. Mit der  Schaffung der Euroregion Pomerania wurde ein wichtiger Beitrag zur V\u00f6lkerverst\u00e4ndigung geleistet.<br>Am 15. Dezember 1995 kam es zum Vertragsschluss zwischen den Kommunalverb\u00e4nden. <\/p>\n\n\n\n<figure class=\"wp-block-image size-large\"><img loading=\"lazy\" decoding=\"async\" width=\"600\" height=\"488\" src=\"http:\/\/www.ueckerfalken.de\/uefweb18\/wp-content\/uploads\/2020\/02\/Euroregion_Pomerania_2014-ff.jpg\" alt=\"\" class=\"wp-image-1231\" srcset=\"https:\/\/www.ueckerfalken.de\/uefweb18\/wp-content\/uploads\/2020\/02\/Euroregion_Pomerania_2014-ff.jpg 600w, https:\/\/www.ueckerfalken.de\/uefweb18\/wp-content\/uploads\/2020\/02\/Euroregion_Pomerania_2014-ff-300x244.jpg 300w\" sizes=\"auto, (max-width: 600px) 100vw, 600px\" \/><figcaption class=\"wp-element-caption\">Euroregion Pomerania<\/figcaption><\/figure>\n\n\n\n<hr class=\"wp-block-separator has-alpha-channel-opacity\"\/>\n\n\n\n<p>Die vorrangigen Ziele der Zusammenarbeit in der Euroregion Pomerania liegen in folgenden Bereichen:<br>\u2022Bildung, Aus- und Weiterbildung (wozu z. B. auch die Segelflugausbildung z\u00e4hlt),<br>\u2022Wissenschaft, Forschung und Wirtschaft,<br>\u2022grenz\u00fcberschreitender Arbeitsmarkt,<br>\u2022Tourismus mit dem Schwerpunkt Wassertourismus,<br>\u2022stetige grenz\u00fcberschreitende Informations- und Kenntnisvermittlung.<\/p>\n\n\n\n<p>(vgl. KEP 2013: ff.).<\/p>\n","protected":false},"excerpt":{"rendered":"<p>Im letzten Jahr fand der beliebte Cup statt.Nun soll es 2023 eine Fortsetzung geben.Zeitgleich wird auch die Juniorenlandesmeisterschaft durchgef\u00fchrt. Cup Pomerania 2023 &#8211; das Vergleichsfliegen der Segelflugvereine der Euroregion Pomerania Das Vergleichsfliegen im Streckensegelflug unter Beteiligung deutscher und polnischer Segelflieger hat den Zweck des gegenseitigen Kennenlernens und Erfahrungsaustausch, sowie der [&hellip;]<\/p>\n","protected":false},"author":1,"featured_media":0,"parent":8,"menu_order":2,"comment_status":"closed","ping_status":"closed","template":"","meta":{"ngg_post_thumbnail":0,"footnotes":""},"class_list":["post-1226","page","type-page","status-publish","hentry"],"_links":{"self":[{"href":"https:\/\/www.ueckerfalken.de\/uefweb18\/wp-json\/wp\/v2\/pages\/1226","targetHints":{"allow":["GET"]}}],"collection":[{"href":"https:\/\/www.ueckerfalken.de\/uefweb18\/wp-json\/wp\/v2\/pages"}],"about":[{"href":"https:\/\/www.ueckerfalken.de\/uefweb18\/wp-json\/wp\/v2\/types\/page"}],"author":[{"embeddable":true,"href":"https:\/\/www.ueckerfalken.de\/uefweb18\/wp-json\/wp\/v2\/users\/1"}],"replies":[{"embeddable":true,"href":"https:\/\/www.ueckerfalken.de\/uefweb18\/wp-json\/wp\/v2\/comments?post=1226"}],"version-history":[{"count":44,"href":"https:\/\/www.ueckerfalken.de\/uefweb18\/wp-json\/wp\/v2\/pages\/1226\/revisions"}],"predecessor-version":[{"id":1742,"href":"https:\/\/www.ueckerfalken.de\/uefweb18\/wp-json\/wp\/v2\/pages\/1226\/revisions\/1742"}],"up":[{"embeddable":true,"href":"https:\/\/www.ueckerfalken.de\/uefweb18\/wp-json\/wp\/v2\/pages\/8"}],"wp:attachment":[{"href":"https:\/\/www.ueckerfalken.de\/uefweb18\/wp-json\/wp\/v2\/media?parent=1226"}],"curies":[{"name":"wp","href":"https:\/\/api.w.org\/{rel}","templated":true}]}}