{"id":109,"date":"2018-03-23T19:16:41","date_gmt":"2018-03-23T18:16:41","guid":{"rendered":"http:\/\/www.ueckerfalken.de\/uefweb18\/?page_id=109"},"modified":"2024-02-04T21:58:47","modified_gmt":"2024-02-04T19:58:47","slug":"landesmeisterschaft-mv-2007-segelstreckenflug","status":"publish","type":"page","link":"https:\/\/www.ueckerfalken.de\/uefweb18\/landesmeisterschaft-mv-2007-segelstreckenflug\/","title":{"rendered":"Landesmeisterschaft M-V 2007 &#8211; Segelstreckenflug"},"content":{"rendered":"<h2><strong>Hallo Segelflieger<\/strong><\/h2>\n<p>die Offene Landesmeisterschaft im Streckensegelflug<br \/>\nvon Mecklenburg-Vorpommern&nbsp;<br \/>\nwurde vom Verein in <span style=\"display: inline !important; float: none; background-color: transparent; color: #333333; font-family: 'Libre Franklin','Helvetica Neue',helvetica,arial,sans-serif; font-size: 16px; font-style: normal; font-variant: normal; font-weight: 400; letter-spacing: normal; orphans: 2; text-align: left; text-decoration: none; text-indent: 0px; text-transform: none; -webkit-text-stroke-width: 0px; white-space: normal; word-spacing: 0px;\">Pasewalk vom 28.07. \u2013 04.08.2007 <\/span>ausgerichtet.<\/p>\n<p>Die 20 angereisten Teilnehmer mit ihren Helfern gingen in&nbsp; der Gro\u00dfen Club-Klasse und der Kleinen Club-Klasse an den Start.<br \/>\nIm folgenden k\u00f6nnt ihr hier die Tagebucheintr\u00e4ge lesen, die damals schon live ins Internet eingestellt wurden. Den Verlauf des Wettbewerbs mit allen seinen Hochs und Tiefs kann man daran gut verfolgen.<\/p>\n<h3><strong> Meisterschaftstagebuch:<\/strong><\/h3>\n<h4>Tag 1 &#8211; 28.07.2007 \u2013 Er\u00f6ffnung<\/h4>\n<p>9:00 Uhr:<br \/>\nDie Meisterschaft wird durch den Vereinsvorsitzenden des Pasewalker LSC Stefan J. als Ausrichter und Wettbewerbsleiter er\u00f6ffnet. Er\u00f6ffnungsveranstaltung mit 20 Teilnehmern in 2 Klassen (Kleine Club-Klasse und Gro\u00dfe Club-Klasse) und ihren flei\u00dfigen Helfern. Wetter um 09:00 Uhr bedeckt, z. T. Nieselregen \u2013 unser \u201cWettermann Hubert\u201d macht nur leise Hoffnung \u2013 Briefing wird auf 13:00 Uhr verlegt.<\/p>\n<p>13:00 Uhr:<br \/>\nBriefing \u2013 jetzt Wetterlage etwas anders, Cumulus mit Abschirmung, aber die Streckenflugaussichten sind nicht wirklich da, so werden noch Fragen zu Verfahren gekl\u00e4rt und man einigt sich auf ein n\u00e4chstes Briefing dann morgen um 10:00 Uhr \u2013 hoffentlich ist uns Petrus dann gewogen. Der Verein wird nachmittags einen kleinen Flugbetrieb durchf\u00fchren, einige Streckenflieger wollen sich einklinken und die Umgebung und den Platz f\u00fcr sich erkunden.<br \/>\ngeschrieben: 28 Juli \u201907 20:00 admin<\/p>\n<h4>Tag 2 &#8211; 29.07.2007 &#8211; Der erste Versuch<\/h4>\n<p>9:00 Uhr:<br \/>\nDer Tag beginnt mit dem morgentlichen Briefing in der Werkstatt, dass jetzt immer um 9 Uhr stattfindet. Beim Wetterbriefing wird schnell deutlich, dass die Aussichten wie erwartet nicht die Rosigsten sind. Ausger\u00e4umt wird nat\u00fcrlich trotzdem. Startbereitschaft 11 Uhr, die Wettbewerbsleitung entscheidet sich beide Klassen \u00fcber die selbe Strecke zu schicken.<\/p>\n<p>Tagesaufgabe: Aufgabe f\u00fcr beide Klassen<\/p>\n<p>11:00 Uhr:<br \/>\nKurz vor 11 Uhr zeichnet sich ab das die Wetterbedingungen einen Start des Feldes zulassen und nach kurzer Verz\u00f6gerung wird das Startband dann um 12:27 Uhr f\u00fcr die GCK und 12:37 Uhr f\u00fcr die KCK freigegeben.<br \/>\n14:16 Uhr:<br \/>\nLeider wird jetzt das Wetter doch zunehmend schlechter und die wenigen abgeflogenen Segler kehren schnell wieder zum Platz zur\u00fcck. P\u00fcnktlich zu Schauerbeginn sind dann auch alle wieder verpackt und der Tag klang gem\u00fctlich am Bierwagen aus.<br \/>\nDie Aussichten f\u00fcr den Folgetag: eher ern\u00fcchternd<br \/>\ngeschrieben: 29 Juli \u201907 20:00 Hannes Wegener<\/p>\n<h4>Tag 3 &#8211; 30.07.2007 &#8211; Wind, Wind, Wind\u2026<\/h4>\n<p>10:00 Uhr:<br \/>\nBriefing: 60-70 km\/h Wind lassen jede Wettbewerbsambitionen verwehen. Man entschlie\u00dft sich am Abend gemeinsam Bowlen zu fahren.<br \/>\ngeschrieben: 31 Juli \u201907 09:26 Hannes Wegener<\/p>\n<h4>Tag 4 &#8211; 31.07.2007 &#8211; wieder Wind<\/h4>\n<p>9:00 Uhr:<br \/>\nBriefing verschoben auf 12 Uhr, hoffentlich l\u00e4sst der Wind nach.<br \/>\nDie Aussichten sind wieder mal nicht die Besten, starker Wind l\u00e4sst vorl\u00e4ufig keinen Start zu.<br \/>\n\u2026 aber es gibt j<span style=\"display: inline !important; float: none; background-color: transparent; color: #333333; cursor: text; font-family: 'Libre Franklin','Helvetica Neue',helvetica,arial,sans-serif; font-size: 16px; font-style: normal; font-variant: normal; font-weight: 400; letter-spacing: normal; orphans: 2; text-align: left; text-decoration: none; text-indent: 0px; text-transform: none; -webkit-text-stroke-width: 0px; white-space: normal; word-spacing: 0px;\">etzt ein Alternativprogramm:<\/span><br \/>\nHeutiges Nachmittagsprogramm Tontaubenschie\u00dfen, hoffen wir, dass wir es nicht brauchen.<br \/>\ngeschrieben: 31 Juli \u201907 09:27 Hannes Wegener<\/p>\n<h4>Tag 5 &#8211; 01.08.2007 &#8211; Gro\u00dfe Erwartungen<\/h4>\n<p>Die Prognosen lassen gro\u00dfes erhoffen, \u201cDer beste Tag der Woche \u2026\u201d<br \/>\n8:00 Uhr:<br \/>\ndie Ersten rollen zum Start<br \/>\n10:00 Uhr:<br \/>\nBriefing &#8211; Startbereitschaft 11 Uhr &#8211; wir warten auf die ersten Cumuli.<\/p>\n<p>Aufgaben: GCK Tagesaufgabe , KCK Tagesaufgabe<\/p>\n<p>11: 30 Uhr:<br \/>\nDer Start wird immer wieder verschoben, wirklich gut,<br \/>\nwill es einfach nicht werden.<br \/>\n12:45 Uhr:<br \/>\ndie Starts beginnen trotz Abdeckung und herbstlichem Himmel<br \/>\n14:10 Uhr:<br \/>\nFast alle geben die Hoffnung auf und nach m\u00fchsamer Suche nach ein bisschen Auftrieb wird auch dieser Tag gecancelt. 2 Au\u00dfenlander machen einen erneuten Versuch f\u00fcr alle mit verk\u00fcrzter Strecke unm\u00f6glich. Der Tag klingt mit einem Sonnenuntergangsfliegen und gem\u00fctlichem Grillen aus.<br \/>\ngeschrieben: 01 August \u201907 21:37 Hannes Wegener<\/p>\n<h4>Tag 6 &#8211; 02.08.2007 &#8211; da kommt eine Regenfront\u2026<\/h4>\n<p>9:00 Uhr:<br \/>\nBriefing<br \/>\n11:00 Uhr:<br \/>\ndas Feld steht startbereit und wartet auf das Einsetzten der Thermik<\/p>\n<p>Aufgaben: GCK-Tagesaufgabe , KCK Tagesaufgabe<\/p>\n<p>12:30 Uhr:<br \/>\ndas Hereinziehen einer Regenfront in Richtung Wendepunkt der GCK und die nur sehr schwache Thermik veranlassen die Wettbewerbsleitung erneut zu canceln.<br \/>\ngeschrieben: 02 August \u201907 11:44 Hannes Wegener<\/p>\n<h4>Tag 7 &#8211; 03.08.2007 &#8211; wie wird es nachmittags sein?<\/h4>\n<p>9:00 Uhr:<br \/>\nBriefing wird auf 11:00 Uhr verschoben<br \/>\n11:00 Uhr:<br \/>\nBriefing: es wird erwartet, dass die Abschirmung bis zum Nachmittag das Wettbewerbsgebiet verl\u00e4sst Startbereitschaft 13:30 Uhr<br \/>\n13:30 Uhr:<br \/>\nbeide Klassen stehen in der Startaufstellung &#8211; alles wartet<br \/>\n15:06 Uhr:<br \/>\ndas Startband ist er\u00f6ffnet, die GCK startet zu ihrer Tagesaufgabe<br \/>\n15:22 Uhr:<br \/>\nauch das Startband f\u00fcr die kleine Klasse ist offen<\/p>\n<p>Ausgeschriebene Strecken: GCK Tagesaufgabe , KCK Tagesaufgabe<\/p>\n<p>16:57 Uhr:<br \/>\ndie erste Au\u00dfenlandung in der KCK wird gemeldet<br \/>\n17:30 Uhr:<br \/>\nder Erste in der GCK ist zur\u00fcck<br \/>\n17:50 Uhr:<br \/>\nauch der Letzte aus der kleinen Klasse liegt auf dem Acker, damit ist keine Wertung in der Kleinen Club-Klasse m\u00f6glich, aber in der Gro\u00dfen<\/p>\n<p>Tageswertung GCK<\/p>\n<p>geschrieben: 03 August \u201907 23:32 Hannes Wegener<\/p>\n<h4>Tag 8 &#8211; 04.08.2007 &#8211; Der letzte Tag<\/h4>\n<p>9:00 Uhr:<br \/>\nBriefing wird auf 10:00 Uhr verschoben<br \/>\n10:00 Uhr:<br \/>\nwie \u00fcblich Briefing in der Werkstatt, es soll geflogen werden<br \/>\n<span style=\"display: inline !important; float: none; background-color: transparent; color: #333333; font-family: 'Libre Franklin','Helvetica Neue',helvetica,arial,sans-serif; font-size: 16px; font-style: normal; font-variant: normal; font-weight: 400; letter-spacing: normal; orphans: 2; text-align: left; text-decoration: none; text-indent: 0px; text-transform: none; -webkit-text-stroke-width: 0px; white-space: normal; word-spacing: 0px;\">Startbereitschaft ist f\u00fcr 11:30 Uhr angesetzt, die Sonne scheint bei nachmittags zu erwartender Blauthermik<\/span><\/p>\n<p>Tagesaufgaben: GCK Tagesaufgabe, KCK Tagesaufgabe<\/p>\n<p>12:30 Uhr:<br \/>\nbeide Klassen sind abgeflogen, dass Wetter sieht sehr gut aus<br \/>\n18:00 Uhr:<br \/>\nBeide Klassen haben ihre Aufgabe innerhalb der angegebenen Zeit absolviert und bis auf 2 Flugzeuge sind auch alle zu Haus gelandet (die beiden holen wir aber mit UL und Mose zur\u00fcck)<br \/>\n18:00 Uhr:<br \/>\ndie Tageswertungen sind noch inoffiziell, aber da sich nicht mehr als zu viel \u00e4ndert, hier mal schon zum anschauen<\/p>\n<p>Tageswertung Kleine Club-Klasse Tag 5<br \/>\nTageswertung Gro\u00dfe Club-Klasse Tag 5<\/p>\n<p>Gesamtwertung Gro\u00dfe Club-Klasse<br \/>\nGesamtwertung Kleine Club-Klasse<\/p>\n<p>Der Abend klingt sehr gem\u00fctlich aus, mit gro\u00dfem Buffet und Tanz in der Halle<br \/>\ngeschrieben: 04 August \u201907 21:12 Hannes Wegener<\/p>\n<h4>Tag 9 &#8211; 05.08.2007 \u2013 Siegerehrung<\/h4>\n<p>Die Sieger der Einzelwertung und der Gesamtwertung und auch der Juniorenwertung werden geehrt und mit Pokalen \u201c\u00fcberh\u00e4uft\u201d.<br \/>\nEs war trotz allen Wetter-Unwegbarkeiten eine sch\u00f6ne Meisterschaft, so h\u00f6ren wir von den abreisenden Fliegern und ihren Helfern.<br \/>\ngeschrieben: 05 August \u00b407 10:00 admin<\/p>\n<p>&nbsp;<\/p>\n<p>Vorbereitung:<br \/>\nHier die Unterlagen f\u00fcr die Landesmeisterschaft MV 2007<br \/>\nals PDF- bzw. Excel-Datei und die Logger-Wendepunktdateien f\u00fcr verschiedene Typen:<\/p>\n<p>Anmeldeformular und Enthaftungserkl\u00e4rung<br \/>\nAusschreibung<br \/>\nAusf\u00fchrungsbestimmungen<\/p>\n<p>Wendepunktdateien:<br \/>\ndbt-Datei PWMV07 Stand 28.07.07 f\u00fcr Volkslogger<br \/>\nda4-Datei PWMV07 Stand 28.07.07 f\u00fcr LX 20<br \/>\ndat-Datei PWMV07 Stand 28.07.07 f\u00fcr WIN Pilot<br \/>\nst2-Datei PWMV07 Stand 28.07.07 f\u00fcr StrePla<br \/>\ncsv-Datei PWMV07 Stand 28.07.07<\/p>\n<p><span style=\"display: inline !important; float: none; background-color: transparent; color: #333333; cursor: text; font-family: 'Libre Franklin','Helvetica Neue',helvetica,arial,sans-serif; font-size: 16px; font-style: normal; font-variant: normal; font-weight: 400; letter-spacing: normal; orphans: 2; text-align: left; text-decoration: none; text-indent: 0px; text-transform: none; -webkit-text-stroke-width: 0px; white-space: normal; word-spacing: 0px;\">Teilnehmerliste Stand 10.07.2007<\/span><\/p>\n<p>&nbsp;<\/p>\n<p style=\"text-align: center;\"><a href=\"#top\">nach oben<\/a><\/p>\n","protected":false},"excerpt":{"rendered":"<p>Hallo Segelflieger die Offene Landesmeisterschaft im Streckensegelflug von Mecklenburg-Vorpommern&nbsp; wurde vom Verein in Pasewalk vom 28.07. \u2013 04.08.2007 ausgerichtet. Die 20 angereisten Teilnehmer mit ihren Helfern gingen in&nbsp; der Gro\u00dfen Club-Klasse und der Kleinen Club-Klasse an den Start. Im folgenden k\u00f6nnt ihr hier die Tagebucheintr\u00e4ge lesen, die damals schon live [&hellip;]<\/p>\n","protected":false},"author":1,"featured_media":0,"parent":0,"menu_order":0,"comment_status":"closed","ping_status":"closed","template":"","meta":{"ngg_post_thumbnail":0,"footnotes":""},"class_list":["post-109","page","type-page","status-publish","hentry"],"_links":{"self":[{"href":"https:\/\/www.ueckerfalken.de\/uefweb18\/wp-json\/wp\/v2\/pages\/109","targetHints":{"allow":["GET"]}}],"collection":[{"href":"https:\/\/www.ueckerfalken.de\/uefweb18\/wp-json\/wp\/v2\/pages"}],"about":[{"href":"https:\/\/www.ueckerfalken.de\/uefweb18\/wp-json\/wp\/v2\/types\/page"}],"author":[{"embeddable":true,"href":"https:\/\/www.ueckerfalken.de\/uefweb18\/wp-json\/wp\/v2\/users\/1"}],"replies":[{"embeddable":true,"href":"https:\/\/www.ueckerfalken.de\/uefweb18\/wp-json\/wp\/v2\/comments?post=109"}],"version-history":[{"count":7,"href":"https:\/\/www.ueckerfalken.de\/uefweb18\/wp-json\/wp\/v2\/pages\/109\/revisions"}],"predecessor-version":[{"id":1764,"href":"https:\/\/www.ueckerfalken.de\/uefweb18\/wp-json\/wp\/v2\/pages\/109\/revisions\/1764"}],"wp:attachment":[{"href":"https:\/\/www.ueckerfalken.de\/uefweb18\/wp-json\/wp\/v2\/media?parent=109"}],"curies":[{"name":"wp","href":"https:\/\/api.w.org\/{rel}","templated":true}]}}