{"id":107,"date":"2018-03-23T19:16:00","date_gmt":"2018-03-23T18:16:00","guid":{"rendered":"http:\/\/www.ueckerfalken.de\/uefweb18\/?page_id=107"},"modified":"2024-02-04T21:59:05","modified_gmt":"2024-02-04T19:59:05","slug":"landesmeisterschaft-mv-2009-segelstreckenflug","status":"publish","type":"page","link":"https:\/\/www.ueckerfalken.de\/uefweb18\/landesmeisterschaft-mv-2009-segelstreckenflug\/","title":{"rendered":"Landesmeisterschaft M-V 2009 &#8211; Segelstreckenflug"},"content":{"rendered":"<p><img loading=\"lazy\" decoding=\"async\" width=\"600\" height=\"150\" class=\"alignnone size-full wp-image-338\" alt=\"\" src=\"http:\/\/www.ueckerfalken.de\/uefweb18\/wp-content\/uploads\/2018\/03\/logo-lm-mv-2009-var2-klein2.jpg\" srcset=\"https:\/\/www.ueckerfalken.de\/uefweb18\/wp-content\/uploads\/2018\/03\/logo-lm-mv-2009-var2-klein2.jpg 600w, https:\/\/www.ueckerfalken.de\/uefweb18\/wp-content\/uploads\/2018\/03\/logo-lm-mv-2009-var2-klein2-300x75.jpg 300w\" sizes=\"auto, (max-width: 600px) 100vw, 600px\" \/><\/p>\n<p>Auch 2009 hatten wir f\u00fcr die Landesmeisterschaft<br \/>\neinen Live-Online-Blog eingerichtet.<\/p>\n<p>Viel Spa\u00df beim Lesen und Erinnern!<br \/>\n(wer damals dabei war und nat\u00fcrlich alle Interessierten)<\/p>\n<p><img loading=\"lazy\" decoding=\"async\" width=\"803\" height=\"608\" class=\"alignnone size-full wp-image-347\" alt=\"\" src=\"http:\/\/www.ueckerfalken.de\/uefweb18\/wp-content\/uploads\/2018\/03\/Blog-Bild2-gro\u00df.jpg\" srcset=\"https:\/\/www.ueckerfalken.de\/uefweb18\/wp-content\/uploads\/2018\/03\/Blog-Bild2-gro\u00df.jpg 803w, https:\/\/www.ueckerfalken.de\/uefweb18\/wp-content\/uploads\/2018\/03\/Blog-Bild2-gro\u00df-300x227.jpg 300w, https:\/\/www.ueckerfalken.de\/uefweb18\/wp-content\/uploads\/2018\/03\/Blog-Bild2-gro\u00df-768x581.jpg 768w\" sizes=\"auto, (max-width: 803px) 100vw, 803px\" \/><\/p>\n<hr>\n<h4>29. Mai \u2013 Blog geht p\u00fcnktlich ins Netz<\/h4>\n<p>Hallo Segelflieger in Nah und Fern,<br \/>\nmorgen beginnt die Landesmeisterschaft, und wie in den letzten Wochen versprochen, werden wir Ueckerfalken alles uns m\u00f6gliche tun, um zum guten Gelingen und zu guten fliegerischen Leistungen beizutragen.<br \/>\nDamit alle Info`s, Tagesereignisse und nat\u00fcrlich die Wertungen auch \u201cin die Welt da drau\u00dfen\u201d gehen k\u00f6nnen, werden wir diesen Blog f\u00fcr Euch \u201cauf dem Laufenden\u201d halten.<br \/>\nP.S.: Ihr seit herzlich eingeladen auch Eure Eindr\u00fccke in Kommentaren beizusteuern.<br \/>\nEure Ueckerfalken<\/p>\n<hr>\n<h4>30. Mai \u2013 Er\u00f6ffnung der Landesmeisterschaft<\/h4>\n<p>P\u00fcnktlich um 09:00 Uhr wurden durch den Vereinsvorsitzenden der Ueckerfalken, Stefan Jakubek alle angereisten Teilnehmer und ihre flei\u00dfigen Helfer begr\u00fc\u00dft.<br \/>\nDie 6 Teilnehmer vom polnischen Aeroclub Szczecin, zu dem seit vielen Jahren freundschaftliche Kontakte bestehen, sorgen sozusagen auch f\u00fcr ein internationales Flair der offenen Landesmeisterschaft.<br \/>\nFeierlich er\u00f6ffnete der B\u00fcrgermeister der Stadt Pasewalk, Herr Rainer Dambach dann die Landesmeisterschaft.<br \/>\nEr w\u00fcnschte in seiner Rede als Schirmherr allen Teilnehmern erfolgreiche Wettbewerbstage bei gutem Wetter. Den Ueckerfalken als Ausrichter der Meisterschaft sprach er seine Anerkennung f\u00fcr die geleistete Vorbereitung aus.<br \/>\nIm Anschluss wurden alle Teilnehmer und organisatorisch Mitwirkenden im Er\u00f6ffnungsbriefing durch den Wettbewerbsleiter, Karsten Schult ausf\u00fchrlich u. a. \u00fcber die Platzbedingungen, An- und Abflugverfahren informiert.<br \/>\nIn der Verantwortung des Sportleiter Axel Trautmann lag noch die Wahl der Klassensprecher f\u00fcr die 3 Starterklassen (Anm. d. R. Allgemeine Klasse, Gro\u00dfe Clubklasse, Kleine Clubklasse) und die heutigen Wetterinformationen. Vorerst zeigt sich das Wetter nicht sehr flugfreundlich, kr\u00e4ftiger Wind aus Nordost und auch Schichtbew\u00f6lkung, aber zum Mittag hin soll sich Besserung einstellen, also wurde ein sp\u00e4teres Wetterbriefing festgelegt.<br \/>\nAlle Teilnehmer stehen sozusagen in den Startl\u00f6chern\u2026<\/p>\n<h4>30. Mai \u2013 Etwas zu viel Wind<\/h4>\n<p>Zum einberufenen Briefing um 12:30 Uhr hatten sich wieder alle Teilnehmer eingefunden, sogar die Sonne hatte inzwischen die \u201chimmlische Oberhand\u201d gewonnen. Unter den Teilnehmer der allgemeinen Klasse munkelte man, dass es f\u00fcr diese Klasse wohl \u201craus\u201d gehen k\u00f6nnte. Sportleiter Axel T. hatte jedoch keinen Beamer mit neuen Wetterkarten aufgebaut.<br \/>\nSo kam es auch nicht unverhofft als er mitteilen musste, dass auf Grund des doch sehr kr\u00e4ftigen Nordost-Windes der heutige Tag gecancelt wird.<br \/>\nMorgen ist ja wieder ein neuer Tag\u2026<\/p>\n<hr>\n<h4>31. Mai \u2013 Die erste Tagesaufgabe ging an die Starterklassen<\/h4>\n<p>Seit den fr\u00fchen Morgenstunden ist strahlend blauer Himmel \u00fcber Pasewalk, die Sonne lacht und seit ca. 09:00 Uhr wurden die Flugzeuge aufger\u00fcstet.<br \/>\nDas Starterfeld ist bereit und als die Teilnehmer um 10:00 Uhr von Sportleiter Axel Trautmann zum Briefing gerufen werden, ist die Aussicht auf Fliegen in den Gesichtern zu sehen.<br \/>\nSo ist laut Flugwetterbericht von einer anf\u00e4nglichen Basis bei 600m aber ansteigend bis 1000m auszugehen. Die ins Wettbewerbsgebiet hereinstr\u00f6mende Luft wird feuchter und so soll nachmittags mit max. 1500m die H\u00f6chstgrenze erreicht werden.<br \/>\nEs kann dann auch zu Schauern kommen, somit ist davor die Tagesaufgabe zu bew\u00e4ltigen.<\/p>\n<p>Die Tagesaufgaben (allgemeine Klasse agk_31052009, Clubklasse gck_31052009, kleine Clubklasse kck_31052009) werden vergeben und Startbereitschaft wird f\u00fcr 11:30 Uhr festgelegt. Die Flugzeuge werden zur Startaufstellung gezogen<\/p>\n<h4>31. Mai \u2013 Starten Sie!<\/h4>\n<p>Es ist 11:45 Uhr und das Starterfeld ist aufgebaut.<br \/>\n30 Segelflugzeuge warten darauf von 4 Schleppmaschinen (Remos GX (UL), Sting (UL), Aero 22 (UL) und Wilga (v.l.) in ihr Element gebracht zu werden.<br \/>\nDie \u201cLangl\u00f6ffel\u201d werden von der Asphaltbahn starten, die beiden anderen Klassen werden auf Rasen starten.<br \/>\nUm kurz nach 12:00 Uhr startet der erste Flugzeugschlepp der allgemeinen Klasse mit einer DG-1000 T. Im doppelsitzigen Segelflugzeug als Pilot Lutz V\u00f6lker und auf dem hinteren Sitz Michael Dalitz. Als Schleppflugzeug kommt eine Wilga vom Aeroclubs aus Szczecin zum Einsatz (Schaut Euch die kleinen Videos dazu an). Flugleiter Reinhard Zeese koordiniert mit seiner bekannt kompetent ruhigen Art die Starts.<\/p>\n<p>100_0331_wmv-v9<br \/>\n100_0333_WMV V9<\/p>\n<p>Auch die Clubklasse wird noch gestartet, die Startb\u00e4nder werden ge\u00f6ffnet, doch die thermischen Bedingungen entwickeln sich nur unzureichend. Und so entscheidet sp\u00e4ter die Wettbewerbsleitung, nach den ersten gemeldeten Au\u00dfenlandungen, die kleine Clubklasse nicht mehr zu starten<\/p>\n<h4>31. Mai \u2013 1. Tageswertungen im Kasten<\/h4>\n<p>20:30 Uhr:<br \/>\nNach einer sich einstellenden anspruchsvollen Wetterlage waren die allgemeine und die gro\u00dfe Clubklasse abgeflogen. Abschirmung und nicht unerhebliche Windversetzung machten sogar die \u201cR\u00fcckkehr\u201d zum \u00dcberfliegen des Startbandes gleich zur Entscheidung \u2013 H\u00f6he wieder weg, Landen auf dem Platz oder mit nicht optimaler H\u00f6he abfliegen. Die erzielten Ergebnisse lassen sich unter diesen Umst\u00e4nden als erk\u00e4mpft einstufen. Gewertet werden konnte in der allgemeinen Klasse.<\/p>\n<p>Hier also die vorl\u00e4ufige Tageswertung:<br \/>\nallgemeine Klasse: tw_allg_95v_t01<\/p>\n<p>und die resultierende Gesamtwertung:<br \/>\nallgemeine Klasse: gw_allg<\/p>\n<hr>\n<h4>1. Juni \u2013 2. Tag<\/h4>\n<p>9:00 Uhr: Die Startbereitschaft wurde auf 11 Uhr festgelegt, jetzt hei\u00dft es warten.<br \/>\nIm S\u00fcden sind am Horizont die ersten Cumulanten in Sicht und wir rechnen damit, dass es in der n\u00e4chsten Stunde am Platz los gehen wird.<br \/>\nDie Strecken f\u00fchren f\u00fcr alle Klassen zuerst nach S\u00fcdwesten und dann weiter n\u00f6rdlich an der M\u00fcritz vorbei.<\/p>\n<p>Hier die Tagesaufgaben:<br \/>\nAllgemeine Klasse 2. WTag<br \/>\nGro\u00dfe Clubklasse 1.WTag<br \/>\nKleine Clubklasse 1.WTag<\/p>\n<p>Im n\u00f6rdlichen Streckenverlauf ist mit Blauthermik zu rechnen. Es wird also wieder ein sehr anspruchsvoller Wertungstag<\/p>\n<hr>\n<h4>2. Juni \u2013 Die Wertungen des 2. Tages<\/h4>\n<p>20:00 Uhr:<br \/>\nNach dem Start aller Klassen gegen 12 Uhr entwickelte sich in der Mecklenburger Seenplatte Cumulus-Thermik, die es eigentlich allen Teilnehmern erm\u00f6glichte in ihren 1 Sektor einzufliegen. Beim 2. war die Sache schon ein wenig kniffliger. Die meisten konnten aber auch diesen Sektor anschneiden. Auf dem R\u00fcckweg war es dann blau und diejenigen, die die direkte Strecke flogen, hatten gro\u00dfe Probleme nach Hause zu fliegen. Der s\u00fcdliche Umweg erwies sich als die kl\u00fcgere Wahl.<\/p>\n<p>Hier die Tageswertungen:<br \/>\nAllgemeine Klasse 2. Wertungstag<br \/>\nGesamtwertung Allgemeine Klasse nach 2 Wertungstagen<\/p>\n<p>Gro\u00dfe Clubklasse 1. Wertungstag<br \/>\nKleine Clubklasse 1. Wertungstag<br \/>\nAm Ende waren alle Klassen wertbar.<\/p>\n<h4>2. Juni \u2013 3.Wertungstag<\/h4>\n<p>11:30 Uhr:<br \/>\nStartbereitschaft aller Klassen ist gegeben.<\/p>\n<p>Tagesaufgaben:<br \/>\nAufgabe 3. WT Allgemeine Klasse<br \/>\nAufgabe 2. WT Gro\u00dfe Clubklasse<br \/>\nAufgabe 2. WT Kleine Clubklasse<\/p>\n<h4>2. Juni \u2013 Abflug frei<\/h4>\n<p>Bei Blauthermik am Platz und ein paar hohen Cumulanten in erreichbarer n\u00e4he gehen die Teilnehmer auf ihre Strecken\u2026<br \/>\n13:55 Uhr der letzte Start der Kleinen Clubklasse<br \/>\ndie beiden anderen Klassen sind schon unterwegs.<\/p>\n<p><span style=\"display: inline !important; float: none; background-color: transparent; color: #333333; font-family: 'Libre Franklin','Helvetica Neue',helvetica,arial,sans-serif; font-size: 16px; font-style: normal; font-variant: normal; font-weight: 400; letter-spacing: normal; orphans: 2; text-align: left; text-decoration: none; text-indent: 0px; text-transform: none; -webkit-text-stroke-width: 0px; white-space: normal; word-spacing: 0px;\">Die Ergebnisse vom 02.06.09 lauten wie folgt:<\/span><br style=\"background-color: transparent; color: #333333; font-family: &amp;quot; libre franklin&amp;quot;,&amp;quot;helvetica neue&amp;quot;,helvetica,arial,sans-serif; font-size: 16px; font-style: normal; font-variant: normal; font-weight: 400; letter-spacing: normal; line-height: 26.56px; max-width: none; min-height: 0px; orphans: 2; overflow: visible; text-align: left; text-decoration: none; text-indent: 0px; text-transform: none; -webkit-text-stroke-width: 0px; white-space: normal; word-spacing: 0px; word-wrap: break-word; padding: 0px; margin: 0px;\"><span style=\"display: inline !important; float: none; background-color: transparent; color: #333333; font-family: 'Libre Franklin','Helvetica Neue',helvetica,arial,sans-serif; font-size: 16px; font-style: normal; font-variant: normal; font-weight: 400; letter-spacing: normal; orphans: 2; text-align: left; text-decoration: none; text-indent: 0px; text-transform: none; -webkit-text-stroke-width: 0px; white-space: normal; word-spacing: 0px;\"> Tageswertung Allgemeine Klasse 02.06.<\/span><br style=\"background-color: transparent; color: #333333; font-family: &amp;quot; libre franklin&amp;quot;,&amp;quot;helvetica neue&amp;quot;,helvetica,arial,sans-serif; font-size: 16px; font-style: normal; font-variant: normal; font-weight: 400; letter-spacing: normal; line-height: 26.56px; max-width: none; min-height: 0px; orphans: 2; overflow: visible; text-align: left; text-decoration: none; text-indent: 0px; text-transform: none; -webkit-text-stroke-width: 0px; white-space: normal; word-spacing: 0px; word-wrap: break-word; padding: 0px; margin: 0px;\"><span style=\"display: inline !important; float: none; background-color: transparent; color: #333333; font-family: 'Libre Franklin','Helvetica Neue',helvetica,arial,sans-serif; font-size: 16px; font-style: normal; font-variant: normal; font-weight: 400; letter-spacing: normal; orphans: 2; text-align: left; text-decoration: none; text-indent: 0px; text-transform: none; -webkit-text-stroke-width: 0px; white-space: normal; word-spacing: 0px;\"> Tageswertung Gro\u00dfe Clubklasse 02.06.<\/span><br style=\"background-color: transparent; color: #333333; font-family: &amp;quot; libre franklin&amp;quot;,&amp;quot;helvetica neue&amp;quot;,helvetica,arial,sans-serif; font-size: 16px; font-style: normal; font-variant: normal; font-weight: 400; letter-spacing: normal; line-height: 26.56px; max-width: none; min-height: 0px; orphans: 2; overflow: visible; text-align: left; text-decoration: none; text-indent: 0px; text-transform: none; -webkit-text-stroke-width: 0px; white-space: normal; word-spacing: 0px; word-wrap: break-word; padding: 0px; margin: 0px;\"><span style=\"display: inline !important; float: none; background-color: transparent; color: #333333; font-family: 'Libre Franklin','Helvetica Neue',helvetica,arial,sans-serif; font-size: 16px; font-style: normal; font-variant: normal; font-weight: 400; letter-spacing: normal; orphans: 2; text-align: left; text-decoration: none; text-indent: 0px; text-transform: none; -webkit-text-stroke-width: 0px; white-space: normal; word-spacing: 0px;\"> Tageswertung Kleine Clubklasse 02.06.<\/span><br style=\"background-color: transparent; color: #333333; font-family: &amp;quot; libre franklin&amp;quot;,&amp;quot;helvetica neue&amp;quot;,helvetica,arial,sans-serif; font-size: 16px; font-style: normal; font-variant: normal; font-weight: 400; letter-spacing: normal; line-height: 26.56px; max-width: none; min-height: 0px; orphans: 2; overflow: visible; text-align: left; text-decoration: none; text-indent: 0px; text-transform: none; -webkit-text-stroke-width: 0px; white-space: normal; word-spacing: 0px; word-wrap: break-word; padding: 0px; margin: 0px;\"><span style=\"display: inline !important; float: none; background-color: transparent; color: #333333; font-family: 'Libre Franklin','Helvetica Neue',helvetica,arial,sans-serif; font-size: 16px; font-style: normal; font-variant: normal; font-weight: 400; letter-spacing: normal; orphans: 2; text-align: left; text-decoration: none; text-indent: 0px; text-transform: none; -webkit-text-stroke-width: 0px; white-space: normal; word-spacing: 0px;\"> Und die Gesamtwertung nach diesem Tag.<\/span><br style=\"background-color: transparent; color: #333333; font-family: &amp;quot; libre franklin&amp;quot;,&amp;quot;helvetica neue&amp;quot;,helvetica,arial,sans-serif; font-size: 16px; font-style: normal; font-variant: normal; font-weight: 400; letter-spacing: normal; line-height: 26.56px; max-width: none; min-height: 0px; orphans: 2; overflow: visible; text-align: left; text-decoration: none; text-indent: 0px; text-transform: none; -webkit-text-stroke-width: 0px; white-space: normal; word-spacing: 0px; word-wrap: break-word; padding: 0px; margin: 0px;\"><span style=\"display: inline !important; float: none; background-color: transparent; color: #333333; font-family: 'Libre Franklin','Helvetica Neue',helvetica,arial,sans-serif; font-size: 16px; font-style: normal; font-variant: normal; font-weight: 400; letter-spacing: normal; orphans: 2; text-align: left; text-decoration: none; text-indent: 0px; text-transform: none; -webkit-text-stroke-width: 0px; white-space: normal; word-spacing: 0px;\"> Gesamtwertung Allgemeine Klasse nach 3 Tagen<\/span><br style=\"background-color: transparent; color: #333333; font-family: &amp;quot; libre franklin&amp;quot;,&amp;quot;helvetica neue&amp;quot;,helvetica,arial,sans-serif; font-size: 16px; font-style: normal; font-variant: normal; font-weight: 400; letter-spacing: normal; line-height: 26.56px; max-width: none; min-height: 0px; orphans: 2; overflow: visible; text-align: left; text-decoration: none; text-indent: 0px; text-transform: none; -webkit-text-stroke-width: 0px; white-space: normal; word-spacing: 0px; word-wrap: break-word; padding: 0px; margin: 0px;\"><span style=\"display: inline !important; float: none; background-color: transparent; color: #333333; font-family: 'Libre Franklin','Helvetica Neue',helvetica,arial,sans-serif; font-size: 16px; font-style: normal; font-variant: normal; font-weight: 400; letter-spacing: normal; orphans: 2; text-align: left; text-decoration: none; text-indent: 0px; text-transform: none; -webkit-text-stroke-width: 0px; white-space: normal; word-spacing: 0px;\"> Gesamtwertung Gro\u00dfe Clubklasse nach 2 Tagen<\/span><br style=\"background-color: transparent; color: #333333; font-family: &amp;quot; libre franklin&amp;quot;,&amp;quot;helvetica neue&amp;quot;,helvetica,arial,sans-serif; font-size: 16px; font-style: normal; font-variant: normal; font-weight: 400; letter-spacing: normal; line-height: 26.56px; max-width: none; min-height: 0px; orphans: 2; overflow: visible; text-align: left; text-decoration: none; text-indent: 0px; text-transform: none; -webkit-text-stroke-width: 0px; white-space: normal; word-spacing: 0px; word-wrap: break-word; padding: 0px; margin: 0px;\"><span style=\"display: inline !important; float: none; background-color: transparent; color: #333333; font-family: 'Libre Franklin','Helvetica Neue',helvetica,arial,sans-serif; font-size: 16px; font-style: normal; font-variant: normal; font-weight: 400; letter-spacing: normal; orphans: 2; text-align: left; text-decoration: none; text-indent: 0px; text-transform: none; -webkit-text-stroke-width: 0px; white-space: normal; word-spacing: 0px;\"> Gesamtwertung Kleine Clubklasse nach 2 Tagen<\/span><\/p>\n<hr>\n<h4>3. Juni \u2013 Heute gecancelt<\/h4>\n<p>Wegen teils starken Schauern musste heute leider gecancelt werden<\/p>\n<hr>\n<h4>4. Juni \u2013 Heute ist Donnerstag \u2013 wie schnell die Tage vergehen<\/h4>\n<p>10:00 Uhr:<br \/>\nBriefing<br \/>\n11:00 Uhr:<br \/>\nStartbereitschaft<\/p>\n<p><span style=\"display: inline !important; float: none; background-color: transparent; color: #333333; cursor: text; font-family: 'Libre Franklin','Helvetica Neue',helvetica,arial,sans-serif; font-size: 16px; font-style: normal; font-variant: normal; font-weight: 400; letter-spacing: normal; orphans: 2; text-align: left; text-decoration: none; text-indent: 0px; text-transform: none; -webkit-text-stroke-width: 0px; white-space: normal; word-spacing: 0px;\">Tagesaufgabe Allgemeine Klasse 04.06.2009<\/span><\/p>\n<p>Bei konstantem Westwind und einer Basis zwischen 800 m und 1000 m wird die Allgemeine Klasse gegen 11:45 Uhr gestartet.<br \/>\nWegen des zu starken Windes und ersten Schauern n\u00f6rdlich des Platzes wird der Start der Clubklassen gecancelt.<br \/>\nEinige Piloten entschlie\u00dfen sich aber zu einer Runde am Platz.<br \/>\nDie Allgemeine Klasse ist derweil unterwegs zu ihrem 1. Wendepunkt Rheinsberg, dann nach Angerm\u00fcnde und zur\u00fcck.<\/p>\n<h4>4. Juni \u2013 Erste Au\u00dfenlandung<\/h4>\n<p>Das Wetter an der ersten Wende hat sich schneller verschlechtert als gedacht.<br \/>\n14:09 Uhr:<br \/>\nDie IAA ist bei Rheinsberg gelandet .<br \/>\n14:17 Uhr:<br \/>\nAuch die GW meldet eine Au\u00dfenlandung in der N\u00e4he von Gransee.<br \/>\n15:05 Uhr:<br \/>\nDie OZ hat abgebrochen und landet wieder auf dem Platz.<br \/>\n15:20 Uhr:<br \/>\nAuch die ML hat sich verzettelt und musste mit Motorkraft zur\u00fcck zum Platz. Die MV hat gewendet und ist auf dem R\u00fcckflug, auch die PD ist noch in der Luft. Wenn die PD es schafft hat er wieder Hoffnung auf Anschluss an die Spitze in der Gesamtwertung.<br \/>\nEs bleibt spannend.<\/p>\n<p>MV und PD sind wieder gelandet, beide haben die Wendepunkte erreicht.<br \/>\n2 von 6 Fliegern haben die Strecke umrundet 2 haben abgebrochen und 2 liegen drau\u00dfen.<\/p>\n<p>Ergebnisse:<br \/>\nvorl\u00e4ufige Wertung des 4. Wertungstages der Allgemeinen Klasse<br \/>\nGesamtwertung der Allgemeinen Klasse<\/p>\n<p>Die Wettervorhersagen f\u00fcr morgen sind gemischt.<br \/>\nWahrscheinlich wird es \u00e4hnlich wie heute. Wind und Schauer\u2026<\/p>\n<h4>4. Juni \u2013 NDR Beitrag \u2013 wir sind im Fernsehen<\/h4>\n<p>20:41 Uhr:<br \/>\nHeute hatten wir Besuch vom NDR aus Neubrandenburg. Sie haben Aufnahmen rund um die Meisterschaft, speziell \u00fcber Carl Cepnik, den Piloten der PD, gemacht.<br \/>\nDer Beitrag wird am Freitag um 19:30 Uhr auf dem NDR im Nordmagazin gesendet.<\/p>\n<hr>\n<h4>5. Juni \u2013 Schlagzeile: m\u00e4\u00dfige bis gute Cumulus Thermik<\/h4>\n<p>11:00 Uhr:<br \/>\nStartbereitschaft<br \/>\nAusgeschrieben sind SAA\u2019s f\u00fcr alle Klassen:<br \/>\ntaskb_965_allg<br \/>\ntaskb_965_gck<br \/>\ntaskb_965_kck<\/p>\n<p>Die aktuellen Satellitenbilder geben eher den Anlass die n\u00f6rdliche Strecke zu w\u00e4hlen, aber noch ist ein bisschen Zeit.<br \/>\n11:35 Uhr:<br \/>\ndie Allgemeine Klasse wird in die Luft gezogen.<br \/>\nauch die Gro\u00dfe Clubklasse startet.<br \/>\n14:07 Uhr:<br \/>\nwegen des viel zu starken Windes und starker Abwinde sind mittlerweile 7 Piloten au\u00dfen gelandet (OZ, 71, 38, S1, MV1, 17, 85),<br \/>\ndie PA, Y8, IAA, PD, SH, 22, sind gar nicht erst abgeflogen bzw. haben kurz nach dem Start aufgegeben.<br \/>\nDie einzigen noch auf der Strecke befindlichen Teilnehmer sind ML, RG, 86, TM und die 18.<br \/>\nDie ML, die RG, die 86 und die TM haben die Strecke umrundet. Leider hat die TM um 1 km die 2. Wende verpasst, damit ist der Tag f\u00fcr die Gro\u00dfe Clubklasse nicht wertbar.<br \/>\nAuch die Alleinumrundung der ML reicht nicht f\u00fcr eine Wertung.<\/p>\n<hr>\n<h4>6. Juni \u2013 Letzter Wertungstag<\/h4>\n<p>9:00 Uhr:<br \/>\nHeute ist der letzte Wertungstag und wenn man so raus schaut, sieht es eigentlich schon richtig gut aus. Allerdings r\u00fcckt die Warmfront aus dem S\u00fcden n\u00e4her und schickt hohe Wolkenfelder voraus. <span style=\"display: inline !important; float: none; background-color: transparent; color: #333333; font-family: 'Libre Franklin','Helvetica Neue',helvetica,arial,sans-serif; font-size: 16px; font-style: normal; font-variant: normal; font-weight: 400; letter-spacing: normal; orphans: 2; text-align: left; text-decoration: none; text-indent: 0px; text-transform: none; -webkit-text-stroke-width: 0px; white-space: normal; word-spacing: 0px;\">Startbereitschaft wie gehabt 11:00 Uhr<\/span><br \/>\nAusgeschrieben sind folgende Strecken\/Tagesaufgaben:<br \/>\ntaska_966_allg<br \/>\ntaska_966_gck<br \/>\ntaska_966_kck<\/p>\n<p>11:10 Uhr:<br \/>\nDie Gro\u00dfe Clubklasse wird geschleppt.<br \/>\n12:04 Uhr:<br \/>\nLetzter Start der allgemeinen Klasse. Alle Teilnehmer sind in der Luft und die Thermik ist so super in Platzn\u00e4he, dass keiner einen 2. Start ben\u00f6tigt.<br \/>\n13:00 Uhr:<br \/>\nDie heranziehende Warmfront schiebt gro\u00dffl\u00e4chige Abschirmungen in n\u00f6rdliche Richtung. Man jetzt schon erahnen, dass der Tag nicht so enden wird, wie vom Wetterbericht vorhergesagt.<br \/>\n14:00 Uhr:<br \/>\nBis hin zum Stettiner Haff ist der Norden komplett abgeschirmt und der Nordostwind macht die Aufgabe nicht leichter. Trotzdem bilden sich noch Cu-Wolken die teilweise noch 2m\/s Steigen zulassen.<br \/>\n14:40 Uhr:<br \/>\nDiesmal sind es Igor und Bogdan, unsere G\u00e4ste aus Stettin, die sich als erste zum Zielanflug anmelden.<br \/>\n16:30 Uhr:<br \/>\nDirk Peters ist gelandet und hat die Aufgabe erf\u00fcllt. ML musste leider 10 km vorm Ziel den Motor zu Hilfe nehmen. Dem Sportleiter f\u00e4llt ein Stein vom Herzen, alle Tagesaufgaben sind wertbar.<br \/>\n19:47 Uhr:<br \/>\nAlle Piloten sind wieder zur\u00fcck auf dem Flugplatz. Jetzt kann die Abschlu\u00dffeier beginnen!<\/p>\n<hr>\n<h4>7. Juni \u2013 Siegerehrung<\/h4>\n<p>In der Kleinen Clubklasse blieb es spannend bis zum Schluss. Pawel der letzte Pilot der vom Acker geholt wurde, h\u00e4tte alles \u00e4ndern k\u00f6nnen. Wir warteten auf seinen Logger\u2026<br \/>\nBei mehr als 100 erreichten Wertungskilometern h\u00e4tte der Tagessieg von Bogdan ihm mehr Punkte gebracht. Da der bis dahin F\u00fchrende au\u00dfengelandet war, h\u00e4tte es gereicht um an Kevin K\u00f6pke vorbei zu ziehen.<br \/>\nDoch nach dem Auslesen des Loggers war klar, 86 erreichte Kilometer. Insgesamt gab es nicht so viele Punkte und Kevin hatte seine Gesamtf\u00fchrung behalten.<br \/>\nIn den anderen Klassen war die Lage eigentlich recht eindeutig.<\/p>\n<p>hier die Tageswertungen:<br \/>\ntw_allg_966_t06<br \/>\ntw_gck_966_t04<br \/>\ntw_kck_966_t03<\/p>\n<p>und die Gesamtwertung:<br \/>\nAllgemeine Klasse gw_allg 07062009<br \/>\nGro\u00dfe Clubklasse gw_gck 07062009<br \/>\nKleine Clubklasse gw_kck 07062009<\/p>\n<p>Die Siegerehrung wurde um 10:00 Uhr durchgef\u00fchrt.<br \/>\nAlles in allem, da waren sich alle einig:<br \/>\n\u201cEs war eine runde Sache \u2013 Danke an die Ueckerfalken!\u201d<\/p>\n<hr>\n<h4>Unterlagen zur Vorbereitung:<\/h4>\n<p>hier die Unterlagen und Formulare als PDF-, xls-Dateien:<\/p>\n<p>Anmeldeformular + Enthaftungserkl\u00e4rung LM MV 2009<br \/>\nAusf\u00fchrungsbestimmung LM MV 2009 \u2013 \u00c4nderung April 2009<br \/>\nAusschreibung LM MV 2009 \u2013 \u00c4nderung April 2009<br \/>\nWendepunkdateien Stand 26.05.09 zum Download: alles LMMV09 (Dateiendungen je nach verwendetem Ger\u00e4t anklicken):<br \/>\ndat-Datei<br \/>\nDA4-Datei<br \/>\ncup-Datei<br \/>\ndbt-Datei<\/p>\n<p><span style=\"display: inline !important; float: none; background-color: transparent; color: #333333; cursor: text; font-family: 'Libre Franklin','Helvetica Neue',helvetica,arial,sans-serif; font-size: 16px; font-style: normal; font-variant: normal; font-weight: 400; letter-spacing: normal; orphans: 2; text-align: left; text-decoration: none; text-indent: 0px; text-transform: none; -webkit-text-stroke-width: 0px; white-space: normal; word-spacing: 0px;\">Teilnehmerliste LM 2009 Pasewalk nach Klassen Stand 25.05.2009<\/span><\/p>\n<p>&nbsp;<\/p>\n<p style=\"text-align: center;\"><a href=\"#top\">nach oben<\/a><\/p>\n","protected":false},"excerpt":{"rendered":"<p>Auch 2009 hatten wir f\u00fcr die Landesmeisterschaft einen Live-Online-Blog eingerichtet. Viel Spa\u00df beim Lesen und Erinnern! (wer damals dabei war und nat\u00fcrlich alle Interessierten) 29. Mai \u2013 Blog geht p\u00fcnktlich ins Netz Hallo Segelflieger in Nah und Fern, morgen beginnt die Landesmeisterschaft, und wie in den letzten Wochen versprochen, werden [&hellip;]<\/p>\n","protected":false},"author":1,"featured_media":0,"parent":0,"menu_order":0,"comment_status":"closed","ping_status":"closed","template":"","meta":{"ngg_post_thumbnail":0,"footnotes":""},"class_list":["post-107","page","type-page","status-publish","hentry"],"_links":{"self":[{"href":"https:\/\/www.ueckerfalken.de\/uefweb18\/wp-json\/wp\/v2\/pages\/107","targetHints":{"allow":["GET"]}}],"collection":[{"href":"https:\/\/www.ueckerfalken.de\/uefweb18\/wp-json\/wp\/v2\/pages"}],"about":[{"href":"https:\/\/www.ueckerfalken.de\/uefweb18\/wp-json\/wp\/v2\/types\/page"}],"author":[{"embeddable":true,"href":"https:\/\/www.ueckerfalken.de\/uefweb18\/wp-json\/wp\/v2\/users\/1"}],"replies":[{"embeddable":true,"href":"https:\/\/www.ueckerfalken.de\/uefweb18\/wp-json\/wp\/v2\/comments?post=107"}],"version-history":[{"count":16,"href":"https:\/\/www.ueckerfalken.de\/uefweb18\/wp-json\/wp\/v2\/pages\/107\/revisions"}],"predecessor-version":[{"id":1765,"href":"https:\/\/www.ueckerfalken.de\/uefweb18\/wp-json\/wp\/v2\/pages\/107\/revisions\/1765"}],"wp:attachment":[{"href":"https:\/\/www.ueckerfalken.de\/uefweb18\/wp-json\/wp\/v2\/media?parent=107"}],"curies":[{"name":"wp","href":"https:\/\/api.w.org\/{rel}","templated":true}]}}